{"id":1629,"date":"2024-10-23T13:38:39","date_gmt":"2024-10-23T11:38:39","guid":{"rendered":"http:\/\/billigtrikots.com\/?post_type=product&#038;p=1629"},"modified":"2024-10-23T13:40:37","modified_gmt":"2024-10-23T11:40:37","slug":"guenstige-fussballtrikots-juventus-heimtrikot-2022-mit-aufdruck-higuain-21","status":"publish","type":"product","link":"https:\/\/www.billigtrikotde.com\/da\/vare\/guenstige-fussballtrikots-juventus-heimtrikot-2022-mit-aufdruck-higuain-21\/","title":{"rendered":"Billige fodboldtr\u00f8jer Juventus hjemmebanetr\u00f8je 2022 med print Higuain 21"},"content":{"rendered":"<p>Inspireret af 10-\u00e5rsjubil\u00e6et for den legendariske Allianz Stadion har denne Juventus 2021\/22 hjemmebanetr\u00f8je til herrer indarbejdet stjernerne i bygningen i den legendariske hvid-sorte stribede farve. Den er lavet af glat og let Primegreen-polyestergarn med AEROREADY-teknologi for at lede sved v\u00e6k. Den har en V-hals, korte \u00e6rmer og ribbede detaljer for at optimere pasformen. Denne tr\u00f8je med karakteristiske 3-striber p\u00e5 skuldrene er udstyret med det verdensber\u00f8mte Juventus-v\u00e5ben og badge Of Sport-logoet broderet p\u00e5 brystet.<\/p>\n<p>Tips til udskrivning: Hvis navn og nummer p\u00e5 billedet er pr\u00e6cis det, du \u00f8nsker, beh\u00f8ver du ikke at indtaste dem igen. Hvis ikke, skal du indtaste det \u00f8nskede navn og nummer.<\/p>\n<p>Tips til vask: Det anbefales at vaske fodboldtr\u00f8jer i h\u00e5nden. Hvis du vil bruge vaskemaskinen, skal du huske at vende vrangen ud p\u00e5 fodboldtr\u00f8jerne og derefter vaske dem. Fyld maskinen med koldt vand, og brug et sk\u00e5neprogram for bedre at beskytte farverne.<\/p>","protected":false},"excerpt":{"rendered":"<p>Inspiriert vom 10-j\u00e4hrigen Jubil\u00e4um des legend\u00e4ren Allianz-Stadions des Clubs hat dieses Juventus 2021\/22 Heimtrikot f\u00fcr Herren die Stars des Geb\u00e4udes in die legend\u00e4re wei\u00df-schwarz gestreifte Farbe eingearbeitet. Es besteht aus glattem und leichtem Primegreen-Polygewebe mit AEROREADY-Technologie, um Schwei\u00df abzuleiten. Es verf\u00fcgt \u00fcber einen Kragen mit V-Ausschnitt, kurze \u00c4rmel und gerippte Verzierungen, um die Passform zu [&hellip;]<\/p>","protected":false},"featured_media":1666,"comment_status":"open","ping_status":"closed","template":"","meta":[],"product_brand":[],"product_cat":[59],"product_tag":[20,21,22,23,24,60,61],"class_list":{"0":"post-1629","1":"product","2":"type-product","3":"status-publish","4":"has-post-thumbnail","6":"product_cat-juventus","7":"product_tag-coole-fussballtrikots","8":"product_tag-fussballtrikot-fuer-herren","9":"product_tag-fussballtrikot-guenstig-kaufen","10":"product_tag-fussballtrikot-kurzarm","11":"product_tag-guenstiges-fussballtrikot","12":"product_tag-juventus-heimtrikot","13":"product_tag-juventus-trikots","15":"first","16":"instock","17":"shipping-taxable","18":"purchasable","19":"product-type-variable"},"_links":{"self":[{"href":"https:\/\/www.billigtrikotde.com\/da\/wp-json\/wp\/v2\/product\/1629","targetHints":{"allow":["GET"]}}],"collection":[{"href":"https:\/\/www.billigtrikotde.com\/da\/wp-json\/wp\/v2\/product"}],"about":[{"href":"https:\/\/www.billigtrikotde.com\/da\/wp-json\/wp\/v2\/types\/product"}],"replies":[{"embeddable":true,"href":"https:\/\/www.billigtrikotde.com\/da\/wp-json\/wp\/v2\/comments?post=1629"}],"wp:featuredmedia":[{"embeddable":true,"href":"https:\/\/www.billigtrikotde.com\/da\/wp-json\/wp\/v2\/media\/1666"}],"wp:attachment":[{"href":"https:\/\/www.billigtrikotde.com\/da\/wp-json\/wp\/v2\/media?parent=1629"}],"wp:term":[{"taxonomy":"product_brand","embeddable":true,"href":"https:\/\/www.billigtrikotde.com\/da\/wp-json\/wp\/v2\/product_brand?post=1629"},{"taxonomy":"product_cat","embeddable":true,"href":"https:\/\/www.billigtrikotde.com\/da\/wp-json\/wp\/v2\/product_cat?post=1629"},{"taxonomy":"product_tag","embeddable":true,"href":"https:\/\/www.billigtrikotde.com\/da\/wp-json\/wp\/v2\/product_tag?post=1629"}],"curies":[{"name":"wp","href":"https:\/\/api.w.org\/{rel}","templated":true}]}}