{"id":16272,"date":"2024-10-24T08:34:15","date_gmt":"2024-10-24T06:34:15","guid":{"rendered":"http:\/\/billigtrikots.com\/?post_type=product&#038;p=16272"},"modified":"2025-10-16T16:02:19","modified_gmt":"2025-10-16T14:02:19","slug":"kinder-heimtrikot-real-madrid-2023-24-fussballtrikot-trikotsatz-lucas-vazquez-17","status":"publish","type":"product","link":"https:\/\/www.billigtrikotde.com\/da\/vare\/kinder-heimtrikot-real-madrid-2023-24-fussballtrikot-trikotsatz-lucas-vazquez-17\/","title":{"rendered":"Hjemmebanetr\u00f8je til b\u00f8rn Real Madrid 2023-24 Fodboldtr\u00f8je Lucas Vazquez 17"},"content":{"rendered":"<p>Real Madrid 23-24 hjemmebanetr\u00f8jen har et moderne og enkelt design. Is\u00e6r interessant er farvesammens\u00e6tningen: Hvid kombineres med en m\u00f8rk marinebl\u00e5 (\u201eLegend Ink\u201c) og en guldfarvet orange. Den guldfarvede orange er hverken ren gul eller metallisk guld, men ligger et sted midt imellem. Marinebl\u00e5 og guldfarvet orange er de samme farver, der ogs\u00e5 bruges til udebane-tr\u00f8jen 23-24 fra Real Madrid.<br \/>\nFor f\u00f8rste gang i klubbens historie b\u00e6rer Real Madrid 23-24-tr\u00f8jen sloganet \u201e\u00a1Hala Madrid!\u201c p\u00e5 kraven. Til kraven kombinerer Adidas farverne \u201eGuld-Orange\u201c, Hvid og Legende til en trikolore. Ogs\u00e5 \u00e6rmerne er i trikoloren. Som alle andre Adidas 23-24 fodboldtr\u00f8jer er den nye Real Madrid 23-24-tr\u00f8je ogs\u00e5 udstyret med det nye Adidas-logo. P\u00e5 siden og p\u00e5 ryggen er der marinebl\u00e5 paneler, ligesom p\u00e5 nogle Adidas-tr\u00f8jer til VM 2022.<\/p>\n<p>Tips til udskrivning: Hvis navn og nummer p\u00e5 billedet er pr\u00e6cis det, du \u00f8nsker, beh\u00f8ver du ikke at indtaste dem igen. Hvis ikke, skal du indtaste det \u00f8nskede navn og nummer.<\/p>\n<p>Tips til vask: Det anbefales at vaske fodboldtr\u00f8jer i h\u00e5nden. Hvis du vil bruge vaskemaskinen, skal du huske at vende vrangen ud p\u00e5 fodboldtr\u00f8jerne og derefter vaske dem. Fyld maskinen med koldt vand, og brug et sk\u00e5neprogram for bedre at beskytte farverne.<\/p>","protected":false},"excerpt":{"rendered":"<p>Das Real Madrid 23-24 Heim trikot hat ein modernes und einfaches Design. Besonders interessant ist die Farbgebung: Wei\u00df wird mit einem dunklen Marineblau (\u201eLegend Ink\u201c) und einem goldfarbenen Orange kombiniert.Das goldige Orange ist weder reines Gelb noch metallisches Gold, sondern liegt irgendwo dazwischen. Marineblau und Goldorange sind die gleichen Farben, die auch f\u00fcr das Ausw\u00e4rtstrikot [&hellip;]<\/p>","protected":false},"featured_media":16312,"comment_status":"open","ping_status":"closed","template":"","meta":[],"product_brand":[],"product_cat":[165],"product_tag":[20,574,21,22,24,94,651,47,166],"class_list":{"0":"post-16272","1":"product","2":"type-product","3":"status-publish","4":"has-post-thumbnail","6":"product_cat-real-madrid-kindertrikot","7":"product_tag-coole-fussballtrikots","8":"product_tag-fussballtrikot-deutschland","9":"product_tag-fussballtrikot-fuer-herren","10":"product_tag-fussballtrikot-guenstig-kaufen","11":"product_tag-guenstiges-fussballtrikot","12":"product_tag-kinder-fussball-trikotsatz","13":"product_tag-real-madrid-heim-trikot","14":"product_tag-real-madrid-trikots","15":"product_tag-real-madrid-trikotsatz-fuer-kinder","17":"first","18":"instock","19":"shipping-taxable","20":"purchasable","21":"product-type-variable"},"_links":{"self":[{"href":"https:\/\/www.billigtrikotde.com\/da\/wp-json\/wp\/v2\/product\/16272","targetHints":{"allow":["GET"]}}],"collection":[{"href":"https:\/\/www.billigtrikotde.com\/da\/wp-json\/wp\/v2\/product"}],"about":[{"href":"https:\/\/www.billigtrikotde.com\/da\/wp-json\/wp\/v2\/types\/product"}],"replies":[{"embeddable":true,"href":"https:\/\/www.billigtrikotde.com\/da\/wp-json\/wp\/v2\/comments?post=16272"}],"wp:featuredmedia":[{"embeddable":true,"href":"https:\/\/www.billigtrikotde.com\/da\/wp-json\/wp\/v2\/media\/16312"}],"wp:attachment":[{"href":"https:\/\/www.billigtrikotde.com\/da\/wp-json\/wp\/v2\/media?parent=16272"}],"wp:term":[{"taxonomy":"product_brand","embeddable":true,"href":"https:\/\/www.billigtrikotde.com\/da\/wp-json\/wp\/v2\/product_brand?post=16272"},{"taxonomy":"product_cat","embeddable":true,"href":"https:\/\/www.billigtrikotde.com\/da\/wp-json\/wp\/v2\/product_cat?post=16272"},{"taxonomy":"product_tag","embeddable":true,"href":"https:\/\/www.billigtrikotde.com\/da\/wp-json\/wp\/v2\/product_tag?post=16272"}],"curies":[{"name":"wp","href":"https:\/\/api.w.org\/{rel}","templated":true}]}}