{"id":16207,"date":"2024-10-24T08:30:19","date_gmt":"2024-10-24T06:30:19","guid":{"rendered":"http:\/\/billigtrikots.com\/?post_type=product&#038;p=16207"},"modified":"2024-10-24T08:32:58","modified_gmt":"2024-10-24T06:32:58","slug":"herren-set-fc-barcelona-23-24-drittes-trikot-blau-mit-aufdruck-pedri-8","status":"publish","type":"product","link":"https:\/\/www.billigtrikotde.com\/da\/vare\/herren-set-fc-barcelona-23-24-drittes-trikot-blau-mit-aufdruck-pedri-8\/","title":{"rendered":"Herre s\u00e6t FC Barcelona 23-24 tredjetr\u00f8je bl\u00e5 med tryk Pedri 8"},"content":{"rendered":"<p>Barcelonas 23-24 tredjetr\u00f8je er overvejende mint (\"Light Aqua\"), kombineret med Blaugrana som designelementer og sort som logofarve. 23-24 tredjetr\u00f8jen fra Bar\u00e7a er str\u00f8mlinet, hvad ang\u00e5r skabelonen. Den bruger den samme skabelon som forskellige landshold til VM for kvinder 2023 og andre 23-24 eliteklubhold til deres tredje s\u00e6t.To ting f\u00e5r Barcelona 23-24-tr\u00f8jen til at skille sig ud - stoffet og swoosh'en og v\u00e5benskjoldet.Barcelonas Blaugrana-farver (bl\u00e5 og r\u00f8d) er v\u00e6vet ind i stoffet p\u00e5 Barcelona 23-24-tr\u00f8jen, hvilket giver den et s\u00e6rligt touch.<\/p>\n<p>Tips til udskrivning: Hvis navn og nummer p\u00e5 billedet er pr\u00e6cis det, du \u00f8nsker, beh\u00f8ver du ikke at indtaste dem igen. Hvis ikke, skal du indtaste det \u00f8nskede navn og nummer.<\/p>\n<p>Tips til vask: Det anbefales at vaske fodboldtr\u00f8jer i h\u00e5nden. Hvis du vil bruge vaskemaskinen, skal du huske at vende vrangen ud p\u00e5 fodboldtr\u00f8jerne og derefter vaske dem. Fyld maskinen med koldt vand, og brug et sk\u00e5neprogram for bedre at beskytte farverne.<\/p>","protected":false},"excerpt":{"rendered":"<p>Das dritte Barcelona 23-24 Fu\u00dfball trikot ist \u00fcberwiegend mint (\u201eLight Aqua\u201c), kombiniert mit Blaugrana als Designelementen und Schwarz als Logofarbe.Was die Template betrifft, so ist das Bar\u00e7a 23-24 dritte Fu\u00dfballtrikot stromlinienf\u00f6rmig. Es verwendet die gleiche Template wie verschiedene Nationalmannschaften f\u00fcr die Frauen-WM 2023 und andere 23-24 Elite-Clubteams f\u00fcr ihre dritten Trikots.Zwei Dinge lassen das Barcelona [&hellip;]<\/p>","protected":false},"featured_media":16247,"comment_status":"open","ping_status":"closed","template":"","meta":[],"product_brand":[],"product_cat":[31],"product_tag":[703,704,20,863,864,33,574,426,24],"class_list":{"0":"post-16207","1":"product","2":"type-product","3":"status-publish","4":"has-post-thumbnail","6":"product_cat-fc-barcelona","7":"product_tag-barcelona-fussballtrikot","8":"product_tag-barcelona-trikot","9":"product_tag-coole-fussballtrikots","10":"product_tag-fc-barcelona-neue-trikots","11":"product_tag-fc-barcelona-trikot-set","12":"product_tag-fc-barcelona-trikots","13":"product_tag-fussballtrikot-deutschland","14":"product_tag-fussballtrikots-kurzarm","15":"product_tag-guenstiges-fussballtrikot","17":"first","18":"instock","19":"shipping-taxable","20":"purchasable","21":"product-type-variable"},"_links":{"self":[{"href":"https:\/\/www.billigtrikotde.com\/da\/wp-json\/wp\/v2\/product\/16207","targetHints":{"allow":["GET"]}}],"collection":[{"href":"https:\/\/www.billigtrikotde.com\/da\/wp-json\/wp\/v2\/product"}],"about":[{"href":"https:\/\/www.billigtrikotde.com\/da\/wp-json\/wp\/v2\/types\/product"}],"replies":[{"embeddable":true,"href":"https:\/\/www.billigtrikotde.com\/da\/wp-json\/wp\/v2\/comments?post=16207"}],"wp:featuredmedia":[{"embeddable":true,"href":"https:\/\/www.billigtrikotde.com\/da\/wp-json\/wp\/v2\/media\/16247"}],"wp:attachment":[{"href":"https:\/\/www.billigtrikotde.com\/da\/wp-json\/wp\/v2\/media?parent=16207"}],"wp:term":[{"taxonomy":"product_brand","embeddable":true,"href":"https:\/\/www.billigtrikotde.com\/da\/wp-json\/wp\/v2\/product_brand?post=16207"},{"taxonomy":"product_cat","embeddable":true,"href":"https:\/\/www.billigtrikotde.com\/da\/wp-json\/wp\/v2\/product_cat?post=16207"},{"taxonomy":"product_tag","embeddable":true,"href":"https:\/\/www.billigtrikotde.com\/da\/wp-json\/wp\/v2\/product_tag?post=16207"}],"curies":[{"name":"wp","href":"https:\/\/api.w.org\/{rel}","templated":true}]}}