{"id":16191,"date":"2024-10-24T08:29:13","date_gmt":"2024-10-24T06:29:13","guid":{"rendered":"http:\/\/billigtrikots.com\/?post_type=product&#038;p=16191"},"modified":"2025-05-30T16:14:08","modified_gmt":"2025-05-30T14:14:08","slug":"herren-set-manchester-united-2023-2024-drittes-trikot-mit-aufdruck-reguilon-15","status":"publish","type":"product","link":"https:\/\/www.billigtrikotde.com\/da\/vare\/herren-set-manchester-united-2023-2024-drittes-trikot-mit-aufdruck-reguilon-15\/","title":{"rendered":"Herre s\u00e6t Manchester United 2023-2024 Tredjetr\u00f8je med tryk REGUIL\u00d3N 15"},"content":{"rendered":"<p>Den tredje Manchester United 2023-2024-tr\u00f8je er overvejende cremefarvet med r\u00f8de accenter, og det s\u00e6rlige ved den tredje Manchester United 2023-2024-tr\u00f8je er, at klubv\u00e5bnet er blevet erstattet af det ikoniske r\u00f8de dj\u00e6vleemblem fra ManUtd-v\u00e5benskjoldet. Denne uventede \u00e6ndring tilf\u00f8jer et overraskende og interessant element til den tredje Manchester United 23-24-tr\u00f8je.<\/p>\n<p>Tips til udskrivning: Hvis navn og nummer p\u00e5 billedet er pr\u00e6cis det, du \u00f8nsker, beh\u00f8ver du ikke at indtaste dem igen. Hvis ikke, skal du indtaste det \u00f8nskede navn og nummer.<\/p>\n<p>Tips til vask: Det anbefales at vaske fodboldtr\u00f8jer i h\u00e5nden. Hvis du vil bruge vaskemaskinen, skal du huske at vende vrangen ud p\u00e5 fodboldtr\u00f8jerne og derefter vaske dem. Fyld maskinen med koldt vand, og brug et sk\u00e5neprogram for bedre at beskytte farverne.<\/p>","protected":false},"excerpt":{"rendered":"<p>Det tredje Manchester United-tr\u00f8je 2023-2024 er overvejende cremefarvet med r\u00f8de accenter. Det s\u00e6rlige ved det tredje Manchester United 2023-2024-tr\u00f8je er, at klubv\u00e5bnet er erstattet af det ikoniske r\u00f8de d\u00e6mon-emblem fra ManUtd-v\u00e5bnet. Denne overraskende \u00e6ndring giver det tredje tr\u00f8je fra Manchester United 23-24 et overraskende og interessant element. Tips til trykning: N\u00e5r navnet [\u2026]<\/p>","protected":false},"featured_media":16230,"comment_status":"open","ping_status":"closed","template":"","meta":[],"product_brand":[],"product_cat":[50],"product_tag":[20,574,21,23,24,900,672,673],"class_list":{"0":"post-16191","1":"product","2":"type-product","3":"status-publish","4":"has-post-thumbnail","6":"product_cat-manchester-united","7":"product_tag-coole-fussballtrikots","8":"product_tag-fussballtrikot-deutschland","9":"product_tag-fussballtrikot-fuer-herren","10":"product_tag-fussballtrikot-kurzarm","11":"product_tag-guenstiges-fussballtrikot","12":"product_tag-manchester-united-2023-2024-drittes-trikot","13":"product_tag-manchester-united-fussballtrikot","14":"product_tag-manchester-united-trikot","16":"first","17":"instock","18":"shipping-taxable","19":"purchasable","20":"product-type-variable"},"_links":{"self":[{"href":"https:\/\/www.billigtrikotde.com\/da\/wp-json\/wp\/v2\/product\/16191","targetHints":{"allow":["GET"]}}],"collection":[{"href":"https:\/\/www.billigtrikotde.com\/da\/wp-json\/wp\/v2\/product"}],"about":[{"href":"https:\/\/www.billigtrikotde.com\/da\/wp-json\/wp\/v2\/types\/product"}],"replies":[{"embeddable":true,"href":"https:\/\/www.billigtrikotde.com\/da\/wp-json\/wp\/v2\/comments?post=16191"}],"wp:featuredmedia":[{"embeddable":true,"href":"https:\/\/www.billigtrikotde.com\/da\/wp-json\/wp\/v2\/media\/16230"}],"wp:attachment":[{"href":"https:\/\/www.billigtrikotde.com\/da\/wp-json\/wp\/v2\/media?parent=16191"}],"wp:term":[{"taxonomy":"product_brand","embeddable":true,"href":"https:\/\/www.billigtrikotde.com\/da\/wp-json\/wp\/v2\/product_brand?post=16191"},{"taxonomy":"product_cat","embeddable":true,"href":"https:\/\/www.billigtrikotde.com\/da\/wp-json\/wp\/v2\/product_cat?post=16191"},{"taxonomy":"product_tag","embeddable":true,"href":"https:\/\/www.billigtrikotde.com\/da\/wp-json\/wp\/v2\/product_tag?post=16191"}],"curies":[{"name":"wp","href":"https:\/\/api.w.org\/{rel}","templated":true}]}}