{"id":15348,"date":"2024-10-24T07:43:59","date_gmt":"2024-10-24T05:43:59","guid":{"rendered":"http:\/\/billigtrikots.com\/?post_type=product&#038;p=15348"},"modified":"2024-10-24T07:46:35","modified_gmt":"2024-10-24T05:46:35","slug":"neue-fussballtrikots-ssc-napoli-23-24-drittes-trikot-herren-set","status":"publish","type":"product","link":"https:\/\/www.billigtrikotde.com\/da\/vare\/neue-fussballtrikots-ssc-napoli-23-24-drittes-trikot-herren-set\/","title":{"rendered":"Nye Fodboldtr\u00f8jer SSC Napoli 23-24 Tredjetr\u00f8je M\u00e6nd S\u00e6t"},"content":{"rendered":"<p>Den tredje fodboldt\u00f8j fra EA7 SSC Napoli 23-24 har en trendy farvekombination til fodboldt\u00f8j. EA7 Napoli 2023-2024 tredje tr\u00f8je kombinerer en sort base med helt guldlogoer. Hvad der g\u00f8r EA7 Napoli 2023-24 tredje fodboldt\u00f8j unikt, er et unikt gr\u00f8nt m\u00f8nster p\u00e5 \u00e6rmerne og \u00f8verst til venstre. Det er inspireret af maori-tatoveringer.<\/p>\n<p>Tips til udskrivning: Hvis navn og nummer p\u00e5 billedet er pr\u00e6cis det, du \u00f8nsker, beh\u00f8ver du ikke at indtaste dem igen. Hvis ikke, skal du indtaste det \u00f8nskede navn og nummer.<\/p>\n<p>Tips til vask: Det anbefales at vaske fodboldtr\u00f8jer i h\u00e5nden. Hvis du vil bruge vaskemaskinen, skal du huske at vende vrangen ud p\u00e5 fodboldtr\u00f8jerne og derefter vaske dem. Fyld maskinen med koldt vand, og brug et sk\u00e5neprogram for bedre at beskytte farverne.<\/p>","protected":false},"excerpt":{"rendered":"<p>Den tredje fodboldt\u00f8j fra EA7 SSC Napoli 23-24 har en trendy farvekombination til fodboldt\u00f8j. EA7 Napoli 2023-2024 tredje tr\u00f8je kombinerer en sort base med helt guldlogoer. Hvad der g\u00f8r EA7 Napoli 2023-24 tredje fodboldt\u00f8j unikt, er et unikt gr\u00f8nt m\u00f8nster p\u00e5 \u00e6rmerne og \u00f8verst til venstre. Det er inspireret af maori-tatoveringer.<\/p>","protected":false},"featured_media":15390,"comment_status":"open","ping_status":"closed","template":"","meta":[],"product_brand":[],"product_cat":[192],"product_tag":[20,574,21,23,739,24,496,497],"class_list":{"0":"post-15348","1":"product","2":"type-product","3":"status-publish","4":"has-post-thumbnail","6":"product_cat-ssc-napoli","7":"product_tag-coole-fussballtrikots","8":"product_tag-fussballtrikot-deutschland","9":"product_tag-fussballtrikot-fuer-herren","10":"product_tag-fussballtrikot-kurzarm","11":"product_tag-guenstig-fussballtrikots","12":"product_tag-guenstiges-fussballtrikot","13":"product_tag-ssc-napoli-fussballtrikot","14":"product_tag-ssc-napoli-trikot","16":"first","17":"instock","18":"shipping-taxable","19":"purchasable","20":"product-type-variable"},"_links":{"self":[{"href":"https:\/\/www.billigtrikotde.com\/da\/wp-json\/wp\/v2\/product\/15348","targetHints":{"allow":["GET"]}}],"collection":[{"href":"https:\/\/www.billigtrikotde.com\/da\/wp-json\/wp\/v2\/product"}],"about":[{"href":"https:\/\/www.billigtrikotde.com\/da\/wp-json\/wp\/v2\/types\/product"}],"replies":[{"embeddable":true,"href":"https:\/\/www.billigtrikotde.com\/da\/wp-json\/wp\/v2\/comments?post=15348"}],"wp:featuredmedia":[{"embeddable":true,"href":"https:\/\/www.billigtrikotde.com\/da\/wp-json\/wp\/v2\/media\/15390"}],"wp:attachment":[{"href":"https:\/\/www.billigtrikotde.com\/da\/wp-json\/wp\/v2\/media?parent=15348"}],"wp:term":[{"taxonomy":"product_brand","embeddable":true,"href":"https:\/\/www.billigtrikotde.com\/da\/wp-json\/wp\/v2\/product_brand?post=15348"},{"taxonomy":"product_cat","embeddable":true,"href":"https:\/\/www.billigtrikotde.com\/da\/wp-json\/wp\/v2\/product_cat?post=15348"},{"taxonomy":"product_tag","embeddable":true,"href":"https:\/\/www.billigtrikotde.com\/da\/wp-json\/wp\/v2\/product_tag?post=15348"}],"curies":[{"name":"wp","href":"https:\/\/api.w.org\/{rel}","templated":true}]}}