{"id":15254,"date":"2024-10-24T07:38:58","date_gmt":"2024-10-24T05:38:58","guid":{"rendered":"http:\/\/billigtrikots.com\/?post_type=product&#038;p=15254"},"modified":"2024-10-24T07:41:39","modified_gmt":"2024-10-24T05:41:39","slug":"herren-real-betis-2023-2024-trikot-in-gruen-weissen-personalisierbar","status":"publish","type":"product","link":"https:\/\/www.billigtrikotde.com\/da\/vare\/herren-real-betis-2023-2024-trikot-in-gruen-weissen-personalisierbar\/","title":{"rendered":"Real Betis 2023-2024-tr\u00f8je til m\u00e6nd i gr\u00f8n og hvid, der kan tilpasses"},"content":{"rendered":"<p>Hummel Real Betis Balompi\u00e9 2023-2024-tr\u00f8jen med de traditionelle gr\u00f8nne og hvide striber har ogs\u00e5 et diamantformet m\u00f8nster, der minder om fortovet p\u00e5 Plaza Nueva, mens de klassiske Hummel-chevrons pryder skuldrene og bukserne p\u00e5 Hummel Real Betis Balompi\u00e9 2023-2024-hjemmebanetr\u00f8jen.<\/p>\n<p>Tips til udskrivning: Hvis navn og nummer p\u00e5 billedet er pr\u00e6cis det, du \u00f8nsker, beh\u00f8ver du ikke at indtaste dem igen. Hvis ikke, skal du indtaste det \u00f8nskede navn og nummer.<\/p>\n<p>Tips til vask: Det anbefales at vaske fodboldtr\u00f8jer i h\u00e5nden. Hvis du vil bruge vaskemaskinen, skal du huske at vende vrangen ud p\u00e5 fodboldtr\u00f8jerne og derefter vaske dem. Fyld maskinen med koldt vand, og brug et sk\u00e5neprogram for bedre at beskytte farverne.<\/p>","protected":false},"excerpt":{"rendered":"<p>Hummel Real Betis Balompi\u00e9 2023-2024 tr\u00f8jen med de traditionelle gr\u00f8n-hvide striber har desuden et kvartet-m\u00f8nster der minder om stenbel\u00e6gningen p\u00e5 Plaza Nueva. De klassiske chevrons fra Hummel pryder skuldrene og bukserne p\u00e5 Hummel Real Betis Balompi\u00e9 2023-2024 hjemmeholdstr\u00f8jen. Betis' bukser til 2023-24 hjemmeholdstr\u00f8jen er hvide. Tips til udskrift: N\u00e5r navnet [\u2026]<\/p>","protected":false},"featured_media":15301,"comment_status":"open","ping_status":"closed","template":"","meta":[],"product_brand":[],"product_cat":[901],"product_tag":[20,574,21,22,23,24,902,903,904,905],"class_list":{"0":"post-15254","1":"product","2":"type-product","3":"status-publish","4":"has-post-thumbnail","6":"product_cat-real-betis","7":"product_tag-coole-fussballtrikots","8":"product_tag-fussballtrikot-deutschland","9":"product_tag-fussballtrikot-fuer-herren","10":"product_tag-fussballtrikot-guenstig-kaufen","11":"product_tag-fussballtrikot-kurzarm","12":"product_tag-guenstiges-fussballtrikot","13":"product_tag-real-betis-2023-2024-trikot","14":"product_tag-real-betis-fussballtrikots","15":"product_tag-real-betis-trikot","16":"product_tag-real-betis-trikot-23-24","18":"first","19":"instock","20":"shipping-taxable","21":"purchasable","22":"product-type-variable"},"_links":{"self":[{"href":"https:\/\/www.billigtrikotde.com\/da\/wp-json\/wp\/v2\/product\/15254","targetHints":{"allow":["GET"]}}],"collection":[{"href":"https:\/\/www.billigtrikotde.com\/da\/wp-json\/wp\/v2\/product"}],"about":[{"href":"https:\/\/www.billigtrikotde.com\/da\/wp-json\/wp\/v2\/types\/product"}],"replies":[{"embeddable":true,"href":"https:\/\/www.billigtrikotde.com\/da\/wp-json\/wp\/v2\/comments?post=15254"}],"wp:featuredmedia":[{"embeddable":true,"href":"https:\/\/www.billigtrikotde.com\/da\/wp-json\/wp\/v2\/media\/15301"}],"wp:attachment":[{"href":"https:\/\/www.billigtrikotde.com\/da\/wp-json\/wp\/v2\/media?parent=15254"}],"wp:term":[{"taxonomy":"product_brand","embeddable":true,"href":"https:\/\/www.billigtrikotde.com\/da\/wp-json\/wp\/v2\/product_brand?post=15254"},{"taxonomy":"product_cat","embeddable":true,"href":"https:\/\/www.billigtrikotde.com\/da\/wp-json\/wp\/v2\/product_cat?post=15254"},{"taxonomy":"product_tag","embeddable":true,"href":"https:\/\/www.billigtrikotde.com\/da\/wp-json\/wp\/v2\/product_tag?post=15254"}],"curies":[{"name":"wp","href":"https:\/\/api.w.org\/{rel}","templated":true}]}}