{"id":1515,"date":"2024-10-23T13:33:46","date_gmt":"2024-10-23T11:33:46","guid":{"rendered":"http:\/\/billigtrikots.com\/?post_type=product&#038;p=1515"},"modified":"2024-10-23T13:35:49","modified_gmt":"2024-10-23T11:35:49","slug":"fc-arsenal-2022-herren-blau-ausweichtrikot-3rd-kit-fussball-trikotsatz","status":"publish","type":"product","link":"https:\/\/www.billigtrikotde.com\/da\/vare\/fc-arsenal-2022-herren-blau-ausweichtrikot-3rd-kit-fussball-trikotsatz\/","title":{"rendered":"FC Arsenal 2022 Herre bl\u00e5 Reserveholdstr\u00f8je 3rd S\u00e6t Fodboldtr\u00f8jer"},"content":{"rendered":"<p>Her kommer genoplivningen af et 90'er-design \u2013 som et lyn fra fortiden. Denne FC Arsenal udebanetr\u00f8je fejrer et succesfuldt \u00e5rti for fodbold og for a-didas. Fan-udgaven kombinerer et afslappet, udstyrsstil-inspireret look med moderne teknologi. Det bl\u00f8de materiale med fugtighedsabsorberende AEROREADY holder dig nemlig behageligt t\u00f8r.<\/p>\n<p>Tips til udskrivning: Hvis navn og nummer p\u00e5 billedet er pr\u00e6cis det, du \u00f8nsker, beh\u00f8ver du ikke at indtaste dem igen. Hvis ikke, skal du indtaste det \u00f8nskede navn og nummer.<\/p>\n<p>Tips til vask: Det anbefales at vaske fodboldtr\u00f8jer i h\u00e5nden. Hvis du vil bruge vaskemaskinen, skal du huske at vende vrangen ud p\u00e5 fodboldtr\u00f8jerne og derefter vaske dem. Fyld maskinen med koldt vand, og brug et sk\u00e5neprogram for bedre at beskytte farverne.<\/p>","protected":false},"excerpt":{"rendered":"<p>Her kommer genoplivningen af et 90'er-design \u2013 som et lyn fra fortiden. Denne FC Arsenal udebanetr\u00f8je fejrer et succesfuldt \u00e5rti for fodbold og for a-didas. Fan-udgaven kombinerer et afslappet, udstyrsstil-inspireret look med moderne teknologi. Det bl\u00f8de materiale med fugtighedsabsorberende AEROREADY holder dig nemlig behageligt t\u00f8r.<\/p>","protected":false},"featured_media":1547,"comment_status":"open","ping_status":"closed","template":"","meta":[],"product_brand":[],"product_cat":[55],"product_tag":[20,57,21,22,23,54,24],"class_list":{"0":"post-1515","1":"product","2":"type-product","3":"status-publish","4":"has-post-thumbnail","6":"product_cat-arsenal","7":"product_tag-coole-fussballtrikots","8":"product_tag-fc-arsenal-trikots","9":"product_tag-fussballtrikot-fuer-herren","10":"product_tag-fussballtrikot-guenstig-kaufen","11":"product_tag-fussballtrikot-kurzarm","12":"product_tag-fussballtrikot-set","13":"product_tag-guenstiges-fussballtrikot","15":"first","16":"instock","17":"shipping-taxable","18":"purchasable","19":"product-type-variable"},"_links":{"self":[{"href":"https:\/\/www.billigtrikotde.com\/da\/wp-json\/wp\/v2\/product\/1515","targetHints":{"allow":["GET"]}}],"collection":[{"href":"https:\/\/www.billigtrikotde.com\/da\/wp-json\/wp\/v2\/product"}],"about":[{"href":"https:\/\/www.billigtrikotde.com\/da\/wp-json\/wp\/v2\/types\/product"}],"replies":[{"embeddable":true,"href":"https:\/\/www.billigtrikotde.com\/da\/wp-json\/wp\/v2\/comments?post=1515"}],"wp:featuredmedia":[{"embeddable":true,"href":"https:\/\/www.billigtrikotde.com\/da\/wp-json\/wp\/v2\/media\/1547"}],"wp:attachment":[{"href":"https:\/\/www.billigtrikotde.com\/da\/wp-json\/wp\/v2\/media?parent=1515"}],"wp:term":[{"taxonomy":"product_brand","embeddable":true,"href":"https:\/\/www.billigtrikotde.com\/da\/wp-json\/wp\/v2\/product_brand?post=1515"},{"taxonomy":"product_cat","embeddable":true,"href":"https:\/\/www.billigtrikotde.com\/da\/wp-json\/wp\/v2\/product_cat?post=1515"},{"taxonomy":"product_tag","embeddable":true,"href":"https:\/\/www.billigtrikotde.com\/da\/wp-json\/wp\/v2\/product_tag?post=1515"}],"curies":[{"name":"wp","href":"https:\/\/api.w.org\/{rel}","templated":true}]}}