{"id":14959,"date":"2024-10-24T07:23:50","date_gmt":"2024-10-24T05:23:50","guid":{"rendered":"http:\/\/billigtrikots.com\/?post_type=product&#038;p=14959"},"modified":"2024-10-24T07:26:29","modified_gmt":"2024-10-24T05:26:29","slug":"billig-fc-barcelona-2023-2024-fussballtrikots-set-mit-namen-raphinha-11","status":"publish","type":"product","link":"https:\/\/www.billigtrikotde.com\/da\/vare\/billig-fc-barcelona-2023-2024-fussballtrikots-set-mit-namen-raphinha-11\/","title":{"rendered":"Billig FC Barcelona 2023-2024 Fodboldtr\u00f8je s\u00e6t med navn RAPHINHA 11"},"content":{"rendered":"<p>FC Barcelona 2023-2024-tr\u00f8jen vender tilbage til klubbens mest klassiske tr\u00f8jedesign, som blev introduceret i 1912 og mere eller mindre blev brugt i samme stil indtil 1990'erne. FC Barcelona 23-24-tr\u00f8jen har tre brede striber p\u00e5 forsiden. Unikt er det, at de klassiske striber p\u00e5 tr\u00f8jen har et rutem\u00f8nster ved kanterne. Dette er inspireret af det gamle diamantformede logo for det nuv\u00e6rende kvindehold i Barcelona. Nike bruger hvid til Swoosh og numre, Spotify-logoet er ogs\u00e5 i hvid.<\/p>\n<p>Tips til udskrivning: Hvis navn og nummer p\u00e5 billedet er pr\u00e6cis det, du \u00f8nsker, beh\u00f8ver du ikke at indtaste dem igen. Hvis ikke, skal du indtaste det \u00f8nskede navn og nummer.<\/p>\n<p>Tips til vask: Det anbefales at vaske fodboldtr\u00f8jer i h\u00e5nden. Hvis du vil bruge vaskemaskinen, skal du huske at vende vrangen ud p\u00e5 fodboldtr\u00f8jerne og derefter vaske dem. Fyld maskinen med koldt vand, og brug et sk\u00e5neprogram for bedre at beskytte farverne.<\/p>","protected":false},"excerpt":{"rendered":"<p>Das FC Barcelona 2023-2024 Trikot kehrt zum klassischsten Trikotdesign des Vereins zur\u00fcck, das 1912 vorgestellt und bis in die 1990er Jahre mehr oder weniger im gleichen Stil verwendet wurde. Das FC Barcelona 23-24 Trikot hat drei breite Streifen auf der Vorderseite.Einzigartig ist, dass die klassischen Streifen des Trikots an den R\u00e4ndern ein Rautenmuster haben. Dies [&hellip;]<\/p>","protected":false},"featured_media":15002,"comment_status":"open","ping_status":"closed","template":"","meta":[],"product_brand":[],"product_cat":[31],"product_tag":[703,704,20,863,864,33,574,426,24],"class_list":{"0":"post-14959","1":"product","2":"type-product","3":"status-publish","4":"has-post-thumbnail","6":"product_cat-fc-barcelona","7":"product_tag-barcelona-fussballtrikot","8":"product_tag-barcelona-trikot","9":"product_tag-coole-fussballtrikots","10":"product_tag-fc-barcelona-neue-trikots","11":"product_tag-fc-barcelona-trikot-set","12":"product_tag-fc-barcelona-trikots","13":"product_tag-fussballtrikot-deutschland","14":"product_tag-fussballtrikots-kurzarm","15":"product_tag-guenstiges-fussballtrikot","17":"first","18":"instock","19":"shipping-taxable","20":"purchasable","21":"product-type-variable"},"_links":{"self":[{"href":"https:\/\/www.billigtrikotde.com\/da\/wp-json\/wp\/v2\/product\/14959","targetHints":{"allow":["GET"]}}],"collection":[{"href":"https:\/\/www.billigtrikotde.com\/da\/wp-json\/wp\/v2\/product"}],"about":[{"href":"https:\/\/www.billigtrikotde.com\/da\/wp-json\/wp\/v2\/types\/product"}],"replies":[{"embeddable":true,"href":"https:\/\/www.billigtrikotde.com\/da\/wp-json\/wp\/v2\/comments?post=14959"}],"wp:featuredmedia":[{"embeddable":true,"href":"https:\/\/www.billigtrikotde.com\/da\/wp-json\/wp\/v2\/media\/15002"}],"wp:attachment":[{"href":"https:\/\/www.billigtrikotde.com\/da\/wp-json\/wp\/v2\/media?parent=14959"}],"wp:term":[{"taxonomy":"product_brand","embeddable":true,"href":"https:\/\/www.billigtrikotde.com\/da\/wp-json\/wp\/v2\/product_brand?post=14959"},{"taxonomy":"product_cat","embeddable":true,"href":"https:\/\/www.billigtrikotde.com\/da\/wp-json\/wp\/v2\/product_cat?post=14959"},{"taxonomy":"product_tag","embeddable":true,"href":"https:\/\/www.billigtrikotde.com\/da\/wp-json\/wp\/v2\/product_tag?post=14959"}],"curies":[{"name":"wp","href":"https:\/\/api.w.org\/{rel}","templated":true}]}}