{"id":1492,"date":"2024-10-23T13:32:41","date_gmt":"2024-10-23T11:32:41","guid":{"rendered":"http:\/\/billigtrikots.com\/?post_type=product&#038;p=1492"},"modified":"2024-10-23T13:34:44","modified_gmt":"2024-10-23T11:34:44","slug":"fc-arsenal-lacazette-9-trikotsatz-gelbe-trikots-auswaerts-2022-kurze-hosen","status":"publish","type":"product","link":"https:\/\/www.billigtrikotde.com\/da\/vare\/fc-arsenal-lacazette-9-trikotsatz-gelbe-trikots-auswaerts-2022-kurze-hosen\/","title":{"rendered":"FC Arsenal Lacazette 9# Tr\u00f8jes\u00e6t Gule tr\u00f8jer ude 2022 + korte shorts"},"content":{"rendered":"<p>Her kommer den a-didas Tr\u00f8je i Gul, som hj\u00e6lper dig med at st\u00f8tte din yndlingsklub i enhver situation og vise, hvad dit hjerte banker for. Udvid din FC Arsenal London-samling med udebanetr\u00f8jen, som ogs\u00e5 spillerne i Premier League b\u00e6rer. Den \u00e5ndbare, komfortable og svedtransporterende funktion f\u00e5r den til at skille sig ud. Den har et klubm\u00e6rke p\u00e5 brystet, hvilket giver et flot visuelt indtryk. Uanset hvor h\u00e5rdt tr\u00e6ningen eller kampen er, er du altid kl\u00e6dt bedst p\u00e5 med denne model.<\/p>\n<p>Tips til udskrivning: Hvis navn og nummer p\u00e5 billedet er pr\u00e6cis det, du \u00f8nsker, beh\u00f8ver du ikke at indtaste dem igen. Hvis ikke, skal du indtaste det \u00f8nskede navn og nummer.<\/p>\n<p>Tips til vask: Det anbefales at vaske fodboldtr\u00f8jer i h\u00e5nden. Hvis du vil bruge vaskemaskinen, skal du huske at vende vrangen ud p\u00e5 fodboldtr\u00f8jerne og derefter vaske dem. Fyld maskinen med koldt vand, og brug et sk\u00e5neprogram for bedre at beskytte farverne.<\/p>","protected":false},"excerpt":{"rendered":"<p>Her kommer adidas-tr\u00f8jen i gult, som hj\u00e6lper dig med at st\u00f8tte din yndlingsklub i enhver situation og vise, hvad dit hjerte banker for. Udvid din FC Arsenal London-samling med udebanetr\u00f8jen, som ogs\u00e5 spillerne i Premier League har p\u00e5. Den \u00e5ndbare, komfortable og svedtransporterende funktion f\u00e5r den til at skille sig ud. Den imponerer visuelt med en [\u2026]<\/p>","protected":false},"featured_media":1531,"comment_status":"open","ping_status":"closed","template":"","meta":[],"product_brand":[],"product_cat":[55],"product_tag":[20,58,57,21,22,23,54,24],"class_list":{"0":"post-1492","1":"product","2":"type-product","3":"status-publish","4":"has-post-thumbnail","6":"product_cat-arsenal","7":"product_tag-coole-fussballtrikots","8":"product_tag-fc-arsenal-auswaertstrikot","9":"product_tag-fc-arsenal-trikots","10":"product_tag-fussballtrikot-fuer-herren","11":"product_tag-fussballtrikot-guenstig-kaufen","12":"product_tag-fussballtrikot-kurzarm","13":"product_tag-fussballtrikot-set","14":"product_tag-guenstiges-fussballtrikot","16":"first","17":"instock","18":"shipping-taxable","19":"purchasable","20":"product-type-variable"},"_links":{"self":[{"href":"https:\/\/www.billigtrikotde.com\/da\/wp-json\/wp\/v2\/product\/1492","targetHints":{"allow":["GET"]}}],"collection":[{"href":"https:\/\/www.billigtrikotde.com\/da\/wp-json\/wp\/v2\/product"}],"about":[{"href":"https:\/\/www.billigtrikotde.com\/da\/wp-json\/wp\/v2\/types\/product"}],"replies":[{"embeddable":true,"href":"https:\/\/www.billigtrikotde.com\/da\/wp-json\/wp\/v2\/comments?post=1492"}],"wp:featuredmedia":[{"embeddable":true,"href":"https:\/\/www.billigtrikotde.com\/da\/wp-json\/wp\/v2\/media\/1531"}],"wp:attachment":[{"href":"https:\/\/www.billigtrikotde.com\/da\/wp-json\/wp\/v2\/media?parent=1492"}],"wp:term":[{"taxonomy":"product_brand","embeddable":true,"href":"https:\/\/www.billigtrikotde.com\/da\/wp-json\/wp\/v2\/product_brand?post=1492"},{"taxonomy":"product_cat","embeddable":true,"href":"https:\/\/www.billigtrikotde.com\/da\/wp-json\/wp\/v2\/product_cat?post=1492"},{"taxonomy":"product_tag","embeddable":true,"href":"https:\/\/www.billigtrikotde.com\/da\/wp-json\/wp\/v2\/product_tag?post=1492"}],"curies":[{"name":"wp","href":"https:\/\/api.w.org\/{rel}","templated":true}]}}