{"id":14896,"date":"2024-10-24T07:20:21","date_gmt":"2024-10-24T05:20:21","guid":{"rendered":"http:\/\/billigtrikots.com\/?post_type=product&#038;p=14896"},"modified":"2024-10-24T07:22:36","modified_gmt":"2024-10-24T05:22:36","slug":"herren-manchester-united-2023-2024-auswaertstrikot-mit-aufdruck-martinez-6","status":"publish","type":"product","link":"https:\/\/www.billigtrikotde.com\/da\/vare\/herren-manchester-united-2023-2024-auswaertstrikot-mit-aufdruck-martinez-6\/","title":{"rendered":"Manchester United 2023-2024 udebanetr\u00f8je til m\u00e6nd med print MARTINEZ 6"},"content":{"rendered":"<p>Manchester Uniteds 2023-2024 udebanetr\u00f8je og tredjetr\u00f8je kunne ikke v\u00e6re mere forskellige. Mens Manchester United 2023-2024 udebanetr\u00f8jen skiller sig ud med et uventet farveskema af m\u00f8rkegr\u00f8n, hvid og r\u00f8d, er Manchester United 2023-2024 tredjetr\u00f8jen ensfarvet hvid og r\u00f8d og har klubbens dj\u00e6vel p\u00e5 sig. Den overvejende milit\u00e6re tr\u00f8je har stilfulde hvide striber med sm\u00e5 r\u00f8de mellemrum, hvilket giver tr\u00f8jen et i\u00f8jnefaldende og skr\u00e6ddersyet pr\u00e6g.<\/p>\n<p>Tips til udskrivning: Hvis navn og nummer p\u00e5 billedet er pr\u00e6cis det, du \u00f8nsker, beh\u00f8ver du ikke at indtaste dem igen. Hvis ikke, skal du indtaste det \u00f8nskede navn og nummer.<\/p>\n<p>Tips til vask: Det anbefales at vaske fodboldtr\u00f8jer i h\u00e5nden. Hvis du vil bruge vaskemaskinen, skal du huske at vende vrangen ud p\u00e5 fodboldtr\u00f8jerne og derefter vaske dem. Fyld maskinen med koldt vand, og brug et sk\u00e5neprogram for bedre at beskytte farverne.<\/p>","protected":false},"excerpt":{"rendered":"<p>Die Ausw\u00e4rts- und Dritte Trikots von Manchester United 2023-2024 k\u00f6nnten unterschiedlicher nicht sein. W\u00e4hrend das Manchester United 2023-2024 Ausw\u00e4rtstrikot mit einem unerwarteten Farbschema in Dunkelgr\u00fcn, Wei\u00df und Rot auff\u00e4llt, ist das Manchester United 2023-2024 Dritte Trikot schlicht in Wei\u00df und Rot gehalten und zeigt den Teufel des Vereins.Das \u00fcberwiegend milit\u00e4rische Trikot hat stilvolle wei\u00dfe Streifen [&hellip;]<\/p>","protected":false},"featured_media":14934,"comment_status":"open","ping_status":"closed","template":"","meta":[],"product_brand":[],"product_cat":[50],"product_tag":[20,574,21,22,23,24,862,672,673],"class_list":{"0":"post-14896","1":"product","2":"type-product","3":"status-publish","4":"has-post-thumbnail","6":"product_cat-manchester-united","7":"product_tag-coole-fussballtrikots","8":"product_tag-fussballtrikot-deutschland","9":"product_tag-fussballtrikot-fuer-herren","10":"product_tag-fussballtrikot-guenstig-kaufen","11":"product_tag-fussballtrikot-kurzarm","12":"product_tag-guenstiges-fussballtrikot","13":"product_tag-manchester-united-2023-2024-auswaertstrikot","14":"product_tag-manchester-united-fussballtrikot","15":"product_tag-manchester-united-trikot","17":"first","18":"instock","19":"shipping-taxable","20":"purchasable","21":"product-type-variable"},"_links":{"self":[{"href":"https:\/\/www.billigtrikotde.com\/da\/wp-json\/wp\/v2\/product\/14896","targetHints":{"allow":["GET"]}}],"collection":[{"href":"https:\/\/www.billigtrikotde.com\/da\/wp-json\/wp\/v2\/product"}],"about":[{"href":"https:\/\/www.billigtrikotde.com\/da\/wp-json\/wp\/v2\/types\/product"}],"replies":[{"embeddable":true,"href":"https:\/\/www.billigtrikotde.com\/da\/wp-json\/wp\/v2\/comments?post=14896"}],"wp:featuredmedia":[{"embeddable":true,"href":"https:\/\/www.billigtrikotde.com\/da\/wp-json\/wp\/v2\/media\/14934"}],"wp:attachment":[{"href":"https:\/\/www.billigtrikotde.com\/da\/wp-json\/wp\/v2\/media?parent=14896"}],"wp:term":[{"taxonomy":"product_brand","embeddable":true,"href":"https:\/\/www.billigtrikotde.com\/da\/wp-json\/wp\/v2\/product_brand?post=14896"},{"taxonomy":"product_cat","embeddable":true,"href":"https:\/\/www.billigtrikotde.com\/da\/wp-json\/wp\/v2\/product_cat?post=14896"},{"taxonomy":"product_tag","embeddable":true,"href":"https:\/\/www.billigtrikotde.com\/da\/wp-json\/wp\/v2\/product_tag?post=14896"}],"curies":[{"name":"wp","href":"https:\/\/api.w.org\/{rel}","templated":true}]}}