{"id":14864,"date":"2024-10-24T07:18:41","date_gmt":"2024-10-24T05:18:41","guid":{"rendered":"http:\/\/billigtrikots.com\/?post_type=product&#038;p=14864"},"modified":"2024-10-24T07:21:25","modified_gmt":"2024-10-24T05:21:25","slug":"kinder-bayern-muenchen-2023-2024-oktoberfest-fussballtrikot-set-personalisierbar","status":"publish","type":"product","link":"https:\/\/www.billigtrikotde.com\/da\/vare\/kinder-bayern-muenchen-2023-2024-oktoberfest-fussballtrikot-set-personalisierbar\/","title":{"rendered":"Bayern M\u00fcnchen 2023-2024 Oktoberfest fodboldtr\u00f8je s\u00e6t til b\u00f8rn, der kan tilpasses"},"content":{"rendered":"<p>Bayern M\u00fcnchen 2023-24 Oktoberfest fodboldt\u00f8j kombinerer olivengr\u00f8n med hvide logoer. Grunddesignet best\u00e5r af et blomsteragtigt m\u00f8nster, der giver tr\u00f8jen et fredeligt udseende. B\u00e5de kraven og \u00e6rmerne p\u00e5 Bayern 2023-24 Oktoberfest-tr\u00f8jen er gr\u00f8n. M\u00e5ske l\u00e6gger du m\u00e6rke til, at klubbens v\u00e5ben ikke er det s\u00e6dvanlige. Det er en \u00e6ldre version, og den vil ogs\u00e5 v\u00e6re synlig p\u00e5 Oktoberfest-tr\u00f8jen 2023-24. P\u00e5 kraven er der desuden klubbens initialer, ligesom p\u00e5 Arsenal 2023-24-tr\u00f8jen.<\/p>\n<p>Tips til udskrivning: Hvis navn og nummer p\u00e5 billedet er pr\u00e6cis det, du \u00f8nsker, beh\u00f8ver du ikke at indtaste dem igen. Hvis ikke, skal du indtaste det \u00f8nskede navn og nummer.<\/p>\n<p>Tips til vask: Det anbefales at vaske fodboldtr\u00f8jer i h\u00e5nden. Hvis du vil bruge vaskemaskinen, skal du huske at vende vrangen ud p\u00e5 fodboldtr\u00f8jerne og derefter vaske dem. Fyld maskinen med koldt vand, og brug et sk\u00e5neprogram for bedre at beskytte farverne.<\/p>","protected":false},"excerpt":{"rendered":"<p>Das Bayern M\u00fcnchen 2023-24 Oktoberfest Fu\u00dfballtrikot kombiniert Olivgr\u00fcn mit wei\u00dfen Logos. Das Grunddesign besteht aus einem floralen Muster, das dem Trikot einen friedlichen Look verleiht. Sowohl der Kragen als auch die \u00c4rmelb\u00fcndchen des Adidas Bayern 2023-24 Oktoberfest Trikots sind gr\u00fcn.Vielleicht f\u00e4llt dir auf, dass das Wappen des Vereins nicht das \u00fcbliche ist. Es ist eine [&hellip;]<\/p>","protected":false},"featured_media":14912,"comment_status":"open","ping_status":"closed","template":"","meta":[],"product_brand":[],"product_cat":[135],"product_tag":[861,137,514,515,138,20,574,21,23,24,94],"class_list":{"0":"post-14864","1":"product","2":"type-product","3":"status-publish","4":"has-post-thumbnail","6":"product_cat-bayern-munich-kindertrikot","7":"product_tag-bayern-muenchen-2023-trikots","8":"product_tag-bayern-muenchen-trikots","9":"product_tag-bayern-munich-fussballtrikots-kinder","10":"product_tag-bayern-munich-trikot-fuer-kinder","11":"product_tag-bayern-munich-trikotsatz-fuer-kinder","12":"product_tag-coole-fussballtrikots","13":"product_tag-fussballtrikot-deutschland","14":"product_tag-fussballtrikot-fuer-herren","15":"product_tag-fussballtrikot-kurzarm","16":"product_tag-guenstiges-fussballtrikot","17":"product_tag-kinder-fussball-trikotsatz","19":"first","20":"instock","21":"shipping-taxable","22":"purchasable","23":"product-type-variable"},"_links":{"self":[{"href":"https:\/\/www.billigtrikotde.com\/da\/wp-json\/wp\/v2\/product\/14864","targetHints":{"allow":["GET"]}}],"collection":[{"href":"https:\/\/www.billigtrikotde.com\/da\/wp-json\/wp\/v2\/product"}],"about":[{"href":"https:\/\/www.billigtrikotde.com\/da\/wp-json\/wp\/v2\/types\/product"}],"replies":[{"embeddable":true,"href":"https:\/\/www.billigtrikotde.com\/da\/wp-json\/wp\/v2\/comments?post=14864"}],"wp:featuredmedia":[{"embeddable":true,"href":"https:\/\/www.billigtrikotde.com\/da\/wp-json\/wp\/v2\/media\/14912"}],"wp:attachment":[{"href":"https:\/\/www.billigtrikotde.com\/da\/wp-json\/wp\/v2\/media?parent=14864"}],"wp:term":[{"taxonomy":"product_brand","embeddable":true,"href":"https:\/\/www.billigtrikotde.com\/da\/wp-json\/wp\/v2\/product_brand?post=14864"},{"taxonomy":"product_cat","embeddable":true,"href":"https:\/\/www.billigtrikotde.com\/da\/wp-json\/wp\/v2\/product_cat?post=14864"},{"taxonomy":"product_tag","embeddable":true,"href":"https:\/\/www.billigtrikotde.com\/da\/wp-json\/wp\/v2\/product_tag?post=14864"}],"curies":[{"name":"wp","href":"https:\/\/api.w.org\/{rel}","templated":true}]}}