{"id":14511,"date":"2024-10-24T06:59:45","date_gmt":"2024-10-24T04:59:45","guid":{"rendered":"http:\/\/billigtrikots.com\/?post_type=product&#038;p=14511"},"modified":"2024-10-24T07:01:54","modified_gmt":"2024-10-24T05:01:54","slug":"billige-fussballtrikots-atletico-madrid-auswaertstrikot-2023-2024-kurzarm-axel-witsel-20","status":"publish","type":"product","link":"https:\/\/www.billigtrikotde.com\/da\/vare\/billige-fussballtrikots-atletico-madrid-auswaertstrikot-2023-2024-kurzarm-axel-witsel-20\/","title":{"rendered":"Billige fodboldtr\u00f8jer Atletico Madrid Udebanetr\u00f8je 2023-2024 Kort\u00e6rmet Axel Witsel 20"},"content":{"rendered":"<p>Atl\u00e9tico Madrid 2023-2024 udebanetr\u00f8je er en hyldest til klubbens allerf\u00f8rste fodboldtr\u00f8je, der havde et halv- og-halv-design. Den kombinerer kongebl\u00e5 p\u00e5 h\u00f8jre side og hvid p\u00e5 venstre side med bl\u00e5 raglan\u00e6rmer. I stedet for den nuv\u00e6rende Atl\u00e9tico-emblem bruger Atl\u00e9tico Madrid 2023-24-tr\u00f8jen klubbens f\u00f8rste logo. Det er helt anderledes end det nuv\u00e6rende emblem og alle senere Atleti-logoer.<\/p>\n<p>Tips til udskrivning: Hvis navn og nummer p\u00e5 billedet er pr\u00e6cis det, du \u00f8nsker, beh\u00f8ver du ikke at indtaste dem igen. Hvis ikke, skal du indtaste det \u00f8nskede navn og nummer.<\/p>\n<p>Tips til vask: Det anbefales at vaske fodboldtr\u00f8jer i h\u00e5nden. Hvis du vil bruge vaskemaskinen, skal du huske at vende vrangen ud p\u00e5 fodboldtr\u00f8jerne og derefter vaske dem. Fyld maskinen med koldt vand, og brug et sk\u00e5neprogram for bedre at beskytte farverne.<\/p>","protected":false},"excerpt":{"rendered":"<p>Atl\u00e9tico Madrid 2023-2024 udebanetr\u00f8je er en hyldest til klubbens allerf\u00f8rste fodboldtr\u00f8je, der havde et halv- og-halv-design. Den kombinerer kongebl\u00e5 p\u00e5 h\u00f8jre side og hvid p\u00e5 venstre side med bl\u00e5 raglan\u00e6rmer. I stedet for den nuv\u00e6rende Atl\u00e9tico-emblem bruger Atl\u00e9tico Madrid 2023-24-tr\u00f8jen klubbens f\u00f8rste logo. Det er helt anderledes end det nuv\u00e6rende emblem og alle senere Atleti-logoer.<\/p>","protected":false},"featured_media":14549,"comment_status":"open","ping_status":"closed","template":"","meta":[],"product_brand":[],"product_cat":[88],"product_tag":[487,488,90,719,720,721,807,20,21,22,23,24],"class_list":{"0":"post-14511","1":"product","2":"type-product","3":"status-publish","4":"has-post-thumbnail","6":"product_cat-atletico-madrid","7":"product_tag-atletico-madrid-fussballtrikot","8":"product_tag-atletico-madrid-trikot","9":"product_tag-atletico-madrid-trikots","10":"product_tag-axel-witsel-babykleidung","11":"product_tag-axel-witsel-fussballtrikot","12":"product_tag-axel-witsel-kleidung-kinder","13":"product_tag-axel-witsel-trikot-fuer-kinder","14":"product_tag-coole-fussballtrikots","15":"product_tag-fussballtrikot-fuer-herren","16":"product_tag-fussballtrikot-guenstig-kaufen","17":"product_tag-fussballtrikot-kurzarm","18":"product_tag-guenstiges-fussballtrikot","20":"first","21":"instock","22":"shipping-taxable","23":"purchasable","24":"product-type-variable"},"_links":{"self":[{"href":"https:\/\/www.billigtrikotde.com\/da\/wp-json\/wp\/v2\/product\/14511","targetHints":{"allow":["GET"]}}],"collection":[{"href":"https:\/\/www.billigtrikotde.com\/da\/wp-json\/wp\/v2\/product"}],"about":[{"href":"https:\/\/www.billigtrikotde.com\/da\/wp-json\/wp\/v2\/types\/product"}],"replies":[{"embeddable":true,"href":"https:\/\/www.billigtrikotde.com\/da\/wp-json\/wp\/v2\/comments?post=14511"}],"wp:featuredmedia":[{"embeddable":true,"href":"https:\/\/www.billigtrikotde.com\/da\/wp-json\/wp\/v2\/media\/14549"}],"wp:attachment":[{"href":"https:\/\/www.billigtrikotde.com\/da\/wp-json\/wp\/v2\/media?parent=14511"}],"wp:term":[{"taxonomy":"product_brand","embeddable":true,"href":"https:\/\/www.billigtrikotde.com\/da\/wp-json\/wp\/v2\/product_brand?post=14511"},{"taxonomy":"product_cat","embeddable":true,"href":"https:\/\/www.billigtrikotde.com\/da\/wp-json\/wp\/v2\/product_cat?post=14511"},{"taxonomy":"product_tag","embeddable":true,"href":"https:\/\/www.billigtrikotde.com\/da\/wp-json\/wp\/v2\/product_tag?post=14511"}],"curies":[{"name":"wp","href":"https:\/\/api.w.org\/{rel}","templated":true}]}}