{"id":1449,"date":"2024-10-23T13:30:59","date_gmt":"2024-10-23T11:30:59","guid":{"rendered":"http:\/\/billigtrikots.com\/?post_type=product&#038;p=1449"},"modified":"2024-10-23T13:32:31","modified_gmt":"2024-10-23T11:32:31","slug":"fc-arsenal-2022-herren-heim-trikot-rot-weiss-mit-aufdruck-henry-14","status":"publish","type":"product","link":"https:\/\/www.billigtrikotde.com\/da\/vare\/fc-arsenal-2022-herren-heim-trikot-rot-weiss-mit-aufdruck-henry-14\/","title":{"rendered":"FC Arsenal 2022 Hjemmebanetr\u00f8je til m\u00e6nd r\u00f8d\/hvid med print Henry 14"},"content":{"rendered":"<p>De hvide indsatser og de marinebl\u00e5 detaljer minder om en tid, hvor Arsenal med sin styrke kunne s\u00e6tte en stor rekord. Adidas fodboldt\u00f8jet blev udviklet for at give klubbens fans maksimal komfort. Det er lavet af bl\u00f8dt stof og har den svedtransporterende AEROREADY-teknologi. Det ber\u00f8mte v\u00e5benskjold p\u00e5 brystet viser, hvem du st\u00f8tter.<\/p>\n<p>Tips til udskrivning: Hvis navn og nummer p\u00e5 billedet er pr\u00e6cis det, du \u00f8nsker, beh\u00f8ver du ikke at indtaste dem igen. Hvis ikke, skal du indtaste det \u00f8nskede navn og nummer.<\/p>\n<p>Tips til vask: Det anbefales at vaske fodboldtr\u00f8jer i h\u00e5nden. Hvis du vil bruge vaskemaskinen, skal du huske at vende vrangen ud p\u00e5 fodboldtr\u00f8jerne og derefter vaske dem. Fyld maskinen med koldt vand, og brug et sk\u00e5neprogram for bedre at beskytte farverne.<\/p>","protected":false},"excerpt":{"rendered":"<p>De hvide indsatser og de marinebl\u00e5 detaljer minder om en tid, hvor Arsenal med sin styrke kunne s\u00e6tte en stor rekord. Adidas fodboldt\u00f8jet blev udviklet for at give klubbens fans maksimal komfort. Det er lavet af bl\u00f8dt stof og har den svedtransporterende AEROREADY-teknologi. Det ber\u00f8mte v\u00e5benskjold p\u00e5 brystet viser, hvem du st\u00f8tter.<\/p>","protected":false},"featured_media":1482,"comment_status":"open","ping_status":"closed","template":"","meta":[],"product_brand":[],"product_cat":[55],"product_tag":[20,56,57,21,22,23,24],"class_list":{"0":"post-1449","1":"product","2":"type-product","3":"status-publish","4":"has-post-thumbnail","6":"product_cat-arsenal","7":"product_tag-coole-fussballtrikots","8":"product_tag-fc-arsenal-heimtrikot","9":"product_tag-fc-arsenal-trikots","10":"product_tag-fussballtrikot-fuer-herren","11":"product_tag-fussballtrikot-guenstig-kaufen","12":"product_tag-fussballtrikot-kurzarm","13":"product_tag-guenstiges-fussballtrikot","15":"first","16":"instock","17":"shipping-taxable","18":"purchasable","19":"product-type-variable"},"_links":{"self":[{"href":"https:\/\/www.billigtrikotde.com\/da\/wp-json\/wp\/v2\/product\/1449","targetHints":{"allow":["GET"]}}],"collection":[{"href":"https:\/\/www.billigtrikotde.com\/da\/wp-json\/wp\/v2\/product"}],"about":[{"href":"https:\/\/www.billigtrikotde.com\/da\/wp-json\/wp\/v2\/types\/product"}],"replies":[{"embeddable":true,"href":"https:\/\/www.billigtrikotde.com\/da\/wp-json\/wp\/v2\/comments?post=1449"}],"wp:featuredmedia":[{"embeddable":true,"href":"https:\/\/www.billigtrikotde.com\/da\/wp-json\/wp\/v2\/media\/1482"}],"wp:attachment":[{"href":"https:\/\/www.billigtrikotde.com\/da\/wp-json\/wp\/v2\/media?parent=1449"}],"wp:term":[{"taxonomy":"product_brand","embeddable":true,"href":"https:\/\/www.billigtrikotde.com\/da\/wp-json\/wp\/v2\/product_brand?post=1449"},{"taxonomy":"product_cat","embeddable":true,"href":"https:\/\/www.billigtrikotde.com\/da\/wp-json\/wp\/v2\/product_cat?post=1449"},{"taxonomy":"product_tag","embeddable":true,"href":"https:\/\/www.billigtrikotde.com\/da\/wp-json\/wp\/v2\/product_tag?post=1449"}],"curies":[{"name":"wp","href":"https:\/\/api.w.org\/{rel}","templated":true}]}}