{"id":14385,"date":"2024-10-24T06:52:49","date_gmt":"2024-10-24T04:52:49","guid":{"rendered":"http:\/\/billigtrikots.com\/?post_type=product&#038;p=14385"},"modified":"2024-10-24T06:55:32","modified_gmt":"2024-10-24T04:55:32","slug":"blauen-weisse-heimtrikots-real-sociedad-2023-2024-trikot-herren-kurzarm-kurze-hosen","status":"publish","type":"product","link":"https:\/\/www.billigtrikotde.com\/da\/vare\/blauen-weisse-heimtrikots-real-sociedad-2023-2024-trikot-herren-kurzarm-kurze-hosen\/","title":{"rendered":"Bl\u00e5 Hvid Hjemmebanetr\u00f8je Real Sociedad 2023-2024 Jersey M\u00e6nd Kort\u00e6rmet + Shorts"},"content":{"rendered":"<p>Macron Real Sociedad 2023-2024-tr\u00f8jen viser en ny version af klubbens traditionelle bl\u00e5-hvide striber. De bl\u00e5 striber blev anbragt p\u00e5 en helt unik m\u00e5de og udformet af billedhuggeren I\u00f1igo Manterola. Striberne er tredimensionelle og kommer i forskellige nuancer, som minder om en skulptur.<\/p>\n<p>Kraven p\u00e5 Macron La Real 2023-24 hjemmeboldtr\u00f8jen er i polo-stil med et krydset V-udsk\u00e6ring, og \u00e6rmerne er udstyret med to marinebl\u00e5 striber. P\u00e5 indersiden af Macron Real Sociedad 2023-24 hjemmeboldtr\u00f8jen ses ud over Macron-logoet slagordet \u201eWe are Real\u201c. Bagsiden af Macron Real Sociedad 2023-2024 hjemmeboldtr\u00f8jen viser det baskiske flag under kraven.<\/p>\n<p>Tips til udskrivning: Hvis navn og nummer p\u00e5 billedet er pr\u00e6cis det, du \u00f8nsker, beh\u00f8ver du ikke at indtaste dem igen. Hvis ikke, skal du indtaste det \u00f8nskede navn og nummer.<\/p>\n<p>Tips til vask: Det anbefales at vaske fodboldtr\u00f8jer i h\u00e5nden. Hvis du vil bruge vaskemaskinen, skal du huske at vende vrangen ud p\u00e5 fodboldtr\u00f8jerne og derefter vaske dem. Fyld maskinen med koldt vand, og brug et sk\u00e5neprogram for bedre at beskytte farverne.<\/p>","protected":false},"excerpt":{"rendered":"<p>Das Macron Real Sociedad 2023-2024 Trikot stellt eine neue Version der traditionellen blau-wei\u00dfen Streifen des Vereins dar.Die blauen Streifen wurden auf einzigartige Weise angebracht und von dem Bildhauer I\u00f1igo Manterola entworfen. Die Streifen sind dreidimensional und kommen in verschiedenen Schattierungen daher, die an eine Skulptur erinnern. Der Kragen des Macron La Real 2023-24 Heimtrikots ist [&hellip;]<\/p>","protected":false},"featured_media":14430,"comment_status":"open","ping_status":"closed","template":"","meta":[],"product_brand":[],"product_cat":[15],"product_tag":[574,21,23,228,24,799,800],"class_list":{"0":"post-14385","1":"product","2":"type-product","3":"status-publish","4":"has-post-thumbnail","6":"product_cat-unkategorisiert","7":"product_tag-fussballtrikot-deutschland","8":"product_tag-fussballtrikot-fuer-herren","9":"product_tag-fussballtrikot-kurzarm","10":"product_tag-guenstige-fussballtrikot","11":"product_tag-guenstiges-fussballtrikot","12":"product_tag-real-sociedad-2023-2024-trikot","13":"product_tag-real-sociedad-23-24-trikot","15":"first","16":"instock","17":"shipping-taxable","18":"purchasable","19":"product-type-variable"},"_links":{"self":[{"href":"https:\/\/www.billigtrikotde.com\/da\/wp-json\/wp\/v2\/product\/14385","targetHints":{"allow":["GET"]}}],"collection":[{"href":"https:\/\/www.billigtrikotde.com\/da\/wp-json\/wp\/v2\/product"}],"about":[{"href":"https:\/\/www.billigtrikotde.com\/da\/wp-json\/wp\/v2\/types\/product"}],"replies":[{"embeddable":true,"href":"https:\/\/www.billigtrikotde.com\/da\/wp-json\/wp\/v2\/comments?post=14385"}],"wp:featuredmedia":[{"embeddable":true,"href":"https:\/\/www.billigtrikotde.com\/da\/wp-json\/wp\/v2\/media\/14430"}],"wp:attachment":[{"href":"https:\/\/www.billigtrikotde.com\/da\/wp-json\/wp\/v2\/media?parent=14385"}],"wp:term":[{"taxonomy":"product_brand","embeddable":true,"href":"https:\/\/www.billigtrikotde.com\/da\/wp-json\/wp\/v2\/product_brand?post=14385"},{"taxonomy":"product_cat","embeddable":true,"href":"https:\/\/www.billigtrikotde.com\/da\/wp-json\/wp\/v2\/product_cat?post=14385"},{"taxonomy":"product_tag","embeddable":true,"href":"https:\/\/www.billigtrikotde.com\/da\/wp-json\/wp\/v2\/product_tag?post=14385"}],"curies":[{"name":"wp","href":"https:\/\/api.w.org\/{rel}","templated":true}]}}