{"id":14383,"date":"2024-10-24T06:52:48","date_gmt":"2024-10-24T04:52:48","guid":{"rendered":"http:\/\/billigtrikots.com\/?post_type=product&#038;p=14383"},"modified":"2024-10-24T06:55:31","modified_gmt":"2024-10-24T04:55:31","slug":"herren-heimtrikot-boca-juniors-23-24-trikot-anpassbare-name-und-nummer","status":"publish","type":"product","link":"https:\/\/www.billigtrikotde.com\/da\/vare\/herren-heimtrikot-boca-juniors-23-24-trikot-anpassbare-name-und-nummer\/","title":{"rendered":"Hjemmebanetr\u00f8je til m\u00e6nd Boca Juniors 23-24 Jersey med personligt navn og nummer"},"content":{"rendered":"<p>CA Boca Juniors 23-24-tr\u00f8jen har ud over det klassiske bl\u00e5 brystb\u00e5nd en diskret tryk, hvilket er yderst us\u00e6dvanligt for klubben. Boca Juniors har for nylig underskrevet en kontrakt med Betsson \u2013 det er endnu uvist, om tr\u00f8jen 23-24 vil blive solgt uden sponsor, men vi forventer, at uafh\u00e6ngige forhandlere uden for Argentina vil have den uden hovedsponsor.<br \/>\nHvad ang\u00e5r skabelonen, er Boca Juniors 23-24-tr\u00f8jen baseret p\u00e5 en af modellerne til VM 2022 og kommer med gule indsatser under armene og langs siderne samt langs den bageste kant. De 3 striber, der sidder p\u00e5 skuldrene af Boca Juniors 2023-24-tr\u00f8jen, er ogs\u00e5 gule.<\/p>\n<p>Tips til udskrivning: Hvis navn og nummer p\u00e5 billedet er pr\u00e6cis det, du \u00f8nsker, beh\u00f8ver du ikke at indtaste dem igen. Hvis ikke, skal du indtaste det \u00f8nskede navn og nummer.<\/p>\n<p>Tips til vask: Det anbefales at vaske fodboldtr\u00f8jer i h\u00e5nden. Hvis du vil bruge vaskemaskinen, skal du huske at vende vrangen ud p\u00e5 fodboldtr\u00f8jerne og derefter vaske dem. Fyld maskinen med koldt vand, og brug et sk\u00e5neprogram for bedre at beskytte farverne.<\/p>","protected":false},"excerpt":{"rendered":"<p>CA Boca Juniors 23-24-tr\u00f8jen har ud over det klassiske bl\u00e5 brystb\u00e5nd en diskret tryk, hvilket er yderst us\u00e6dvanligt for klubben. Boca Juniors har for nylig underskrevet en kontrakt med Betsson \u2013 det er endnu uvist, om tr\u00f8jen 23-24 vil blive solgt uden sponsor, men vi forventer, at uafh\u00e6ngige forhandlere uden for Argentina vil have den uden hovedsponsor.<\/p>","protected":false},"featured_media":14422,"comment_status":"open","ping_status":"closed","template":"","meta":[],"product_brand":[],"product_cat":[15],"product_tag":[797,798,574,21,23,228,24],"class_list":{"0":"post-14383","1":"product","2":"type-product","3":"status-publish","4":"has-post-thumbnail","6":"product_cat-unkategorisiert","7":"product_tag-boca-juniors-23-24-trikot","8":"product_tag-boca-juniors-trikot","9":"product_tag-fussballtrikot-deutschland","10":"product_tag-fussballtrikot-fuer-herren","11":"product_tag-fussballtrikot-kurzarm","12":"product_tag-guenstige-fussballtrikot","13":"product_tag-guenstiges-fussballtrikot","15":"first","16":"instock","17":"shipping-taxable","18":"purchasable","19":"product-type-variable"},"_links":{"self":[{"href":"https:\/\/www.billigtrikotde.com\/da\/wp-json\/wp\/v2\/product\/14383","targetHints":{"allow":["GET"]}}],"collection":[{"href":"https:\/\/www.billigtrikotde.com\/da\/wp-json\/wp\/v2\/product"}],"about":[{"href":"https:\/\/www.billigtrikotde.com\/da\/wp-json\/wp\/v2\/types\/product"}],"replies":[{"embeddable":true,"href":"https:\/\/www.billigtrikotde.com\/da\/wp-json\/wp\/v2\/comments?post=14383"}],"wp:featuredmedia":[{"embeddable":true,"href":"https:\/\/www.billigtrikotde.com\/da\/wp-json\/wp\/v2\/media\/14422"}],"wp:attachment":[{"href":"https:\/\/www.billigtrikotde.com\/da\/wp-json\/wp\/v2\/media?parent=14383"}],"wp:term":[{"taxonomy":"product_brand","embeddable":true,"href":"https:\/\/www.billigtrikotde.com\/da\/wp-json\/wp\/v2\/product_brand?post=14383"},{"taxonomy":"product_cat","embeddable":true,"href":"https:\/\/www.billigtrikotde.com\/da\/wp-json\/wp\/v2\/product_cat?post=14383"},{"taxonomy":"product_tag","embeddable":true,"href":"https:\/\/www.billigtrikotde.com\/da\/wp-json\/wp\/v2\/product_tag?post=14383"}],"curies":[{"name":"wp","href":"https:\/\/api.w.org\/{rel}","templated":true}]}}