{"id":14283,"date":"2024-10-24T06:47:30","date_gmt":"2024-10-24T04:47:30","guid":{"rendered":"http:\/\/billigtrikots.com\/?post_type=product&#038;p=14283"},"modified":"2024-10-24T06:49:47","modified_gmt":"2024-10-24T04:49:47","slug":"blaue-italien-trikots-fuer-herren-italien-heimtrikot-2023-24-personalisierbar","status":"publish","type":"product","link":"https:\/\/www.billigtrikotde.com\/da\/vare\/blaue-italien-trikots-fuer-herren-italien-heimtrikot-2023-24-personalisierbar\/","title":{"rendered":"Bl\u00e5 Italien skjorter til m\u00e6nd Italien Hjemmebanetr\u00f8je 2023\/24 kan tilpasses"},"content":{"rendered":"<p>Italien ind til m\u00e6rket. Marmor er det kostbare fundament, som den italienske kultur bygger p\u00e5, og spiller en central rolle i designet af denne i\u00f8jnefaldende, autentiske fodboldtr\u00f8je. Ud over guldfarvede detaljer og et \u201eItalia\u201c-m\u00e6rke i nakken st\u00e5r m\u00f8rke \u00e5rer ud over disse ber\u00f8mte Azurri-farver.<\/p>\n<p>Tips til udskrivning: Hvis navn og nummer p\u00e5 billedet er pr\u00e6cis det, du \u00f8nsker, beh\u00f8ver du ikke at indtaste dem igen. Hvis ikke, skal du indtaste det \u00f8nskede navn og nummer.<\/p>\n<p>Tips til vask: Det anbefales at vaske fodboldtr\u00f8jer i h\u00e5nden. Hvis du vil bruge vaskemaskinen, skal du huske at vende vrangen ud p\u00e5 fodboldtr\u00f8jerne og derefter vaske dem. Fyld maskinen med koldt vand, og brug et sk\u00e5neprogram for bedre at beskytte farverne.<\/p>","protected":false},"excerpt":{"rendered":"<p>Italien helt ind i marven. Marmor er den kostbare fundament, som den italienske kultur bygger p\u00e5, og spiller en central rolle i designet af denne markante, autentiske fodboldtr\u00f8je. Ud over gyldne detaljer og et \u201eItalia\u201c-m\u00e6rke i nakken st\u00e5r m\u00f8rke \u00e5rer frem over disse ber\u00f8mte Azzurri-farver. Tips til tryk: N\u00e5r navn og nummeret er p\u00e5 billedet [\u2026]<\/p>","protected":false},"featured_media":14324,"comment_status":"open","ping_status":"closed","template":"","meta":[],"product_brand":[],"product_cat":[316],"product_tag":[20,574,21,22,23,24,317,318,776],"class_list":{"0":"post-14283","1":"product","2":"type-product","3":"status-publish","4":"has-post-thumbnail","6":"product_cat-italien-trikots","7":"product_tag-coole-fussballtrikots","8":"product_tag-fussballtrikot-deutschland","9":"product_tag-fussballtrikot-fuer-herren","10":"product_tag-fussballtrikot-guenstig-kaufen","11":"product_tag-fussballtrikot-kurzarm","12":"product_tag-guenstiges-fussballtrikot","13":"product_tag-italien-heimtrikot","14":"product_tag-italien-trikots","15":"product_tag-italien-trikots-2023-24","17":"first","18":"instock","19":"shipping-taxable","20":"purchasable","21":"product-type-variable"},"_links":{"self":[{"href":"https:\/\/www.billigtrikotde.com\/da\/wp-json\/wp\/v2\/product\/14283","targetHints":{"allow":["GET"]}}],"collection":[{"href":"https:\/\/www.billigtrikotde.com\/da\/wp-json\/wp\/v2\/product"}],"about":[{"href":"https:\/\/www.billigtrikotde.com\/da\/wp-json\/wp\/v2\/types\/product"}],"replies":[{"embeddable":true,"href":"https:\/\/www.billigtrikotde.com\/da\/wp-json\/wp\/v2\/comments?post=14283"}],"wp:featuredmedia":[{"embeddable":true,"href":"https:\/\/www.billigtrikotde.com\/da\/wp-json\/wp\/v2\/media\/14324"}],"wp:attachment":[{"href":"https:\/\/www.billigtrikotde.com\/da\/wp-json\/wp\/v2\/media?parent=14283"}],"wp:term":[{"taxonomy":"product_brand","embeddable":true,"href":"https:\/\/www.billigtrikotde.com\/da\/wp-json\/wp\/v2\/product_brand?post=14283"},{"taxonomy":"product_cat","embeddable":true,"href":"https:\/\/www.billigtrikotde.com\/da\/wp-json\/wp\/v2\/product_cat?post=14283"},{"taxonomy":"product_tag","embeddable":true,"href":"https:\/\/www.billigtrikotde.com\/da\/wp-json\/wp\/v2\/product_tag?post=14283"}],"curies":[{"name":"wp","href":"https:\/\/api.w.org\/{rel}","templated":true}]}}