{"id":14281,"date":"2024-10-24T06:47:29","date_gmt":"2024-10-24T04:47:29","guid":{"rendered":"http:\/\/billigtrikots.com\/?post_type=product&#038;p=14281"},"modified":"2024-10-24T06:49:46","modified_gmt":"2024-10-24T04:49:46","slug":"herren-wolverhampton-wanderers-2023-2024-heimtrikots-guenstige-fussball-trikotsatz","status":"publish","type":"product","link":"https:\/\/www.billigtrikotde.com\/da\/vare\/herren-wolverhampton-wanderers-2023-2024-heimtrikots-guenstige-fussball-trikotsatz\/","title":{"rendered":"Wolverhampton Wanderers 2023-2024 Hjemmetr\u00f8jer til herrer Billige Fodboldtr\u00f8jer"},"content":{"rendered":"<p>Det nye trikot af Wolverhampton Wanderers fremh\u00e6ver et raffineret design med sorte og hvide accenter og diskrete n\u00e5lestriber. B\u00e5de kraven og \u00e6rme-manchetterne af Wolves 23-24 hjemmetr\u00f8jen har et sort-hvid-svart m\u00f8nster.<\/p>\n<p>Tips til udskrivning: Hvis navn og nummer p\u00e5 billedet er pr\u00e6cis det, du \u00f8nsker, beh\u00f8ver du ikke at indtaste dem igen. Hvis ikke, skal du indtaste det \u00f8nskede navn og nummer.<\/p>\n<p>Tips til vask: Det anbefales at vaske fodboldtr\u00f8jer i h\u00e5nden. Hvis du vil bruge vaskemaskinen, skal du huske at vende vrangen ud p\u00e5 fodboldtr\u00f8jerne og derefter vaske dem. Fyld maskinen med koldt vand, og brug et sk\u00e5neprogram for bedre at beskytte farverne.<\/p>","protected":false},"excerpt":{"rendered":"<p>Das neue Trikot der Wolverhampton Wanderers besticht durch ein raffiniertes Design mit schwarzen und wei\u00dfen Akzenten und dezenten Nadelstreifen.Sowohl der Kragen als auch die \u00c4rmelb\u00fcndchen des Wolves 23-24 Heimtrikots haben einen schwarz-wei\u00df-schwarzen Streifen. Tipps zum Drucken: Wenn der Name und die Nummer auf dem Bild genau Ihren W\u00fcnschen entsprechen, m\u00fcssen Sie sie nicht erneut eingeben. [&hellip;]<\/p>","protected":false},"featured_media":14315,"comment_status":"open","ping_status":"closed","template":"","meta":[],"product_brand":[],"product_cat":[69],"product_tag":[20,574,21,22,23,24,71,775],"class_list":{"0":"post-14281","1":"product","2":"type-product","3":"status-publish","4":"has-post-thumbnail","6":"product_cat-wolverhampton-wanderers","7":"product_tag-coole-fussballtrikots","8":"product_tag-fussballtrikot-deutschland","9":"product_tag-fussballtrikot-fuer-herren","10":"product_tag-fussballtrikot-guenstig-kaufen","11":"product_tag-fussballtrikot-kurzarm","12":"product_tag-guenstiges-fussballtrikot","13":"product_tag-wolverhampton-wanderers-trikots","14":"product_tag-wolves-23-24-heimtrikots","16":"first","17":"instock","18":"shipping-taxable","19":"purchasable","20":"product-type-variable"},"_links":{"self":[{"href":"https:\/\/www.billigtrikotde.com\/da\/wp-json\/wp\/v2\/product\/14281","targetHints":{"allow":["GET"]}}],"collection":[{"href":"https:\/\/www.billigtrikotde.com\/da\/wp-json\/wp\/v2\/product"}],"about":[{"href":"https:\/\/www.billigtrikotde.com\/da\/wp-json\/wp\/v2\/types\/product"}],"replies":[{"embeddable":true,"href":"https:\/\/www.billigtrikotde.com\/da\/wp-json\/wp\/v2\/comments?post=14281"}],"wp:featuredmedia":[{"embeddable":true,"href":"https:\/\/www.billigtrikotde.com\/da\/wp-json\/wp\/v2\/media\/14315"}],"wp:attachment":[{"href":"https:\/\/www.billigtrikotde.com\/da\/wp-json\/wp\/v2\/media?parent=14281"}],"wp:term":[{"taxonomy":"product_brand","embeddable":true,"href":"https:\/\/www.billigtrikotde.com\/da\/wp-json\/wp\/v2\/product_brand?post=14281"},{"taxonomy":"product_cat","embeddable":true,"href":"https:\/\/www.billigtrikotde.com\/da\/wp-json\/wp\/v2\/product_cat?post=14281"},{"taxonomy":"product_tag","embeddable":true,"href":"https:\/\/www.billigtrikotde.com\/da\/wp-json\/wp\/v2\/product_tag?post=14281"}],"curies":[{"name":"wp","href":"https:\/\/api.w.org\/{rel}","templated":true}]}}