{"id":14062,"date":"2024-10-24T06:36:27","date_gmt":"2024-10-24T04:36:27","guid":{"rendered":"http:\/\/billigtrikots.com\/?post_type=product&#038;p=14062"},"modified":"2024-10-24T06:39:08","modified_gmt":"2024-10-24T04:39:08","slug":"neuen-herren-fussballtrikot-liverpool-auswaertstrikot-2023-24-kurzarm-darwin-nunez-27","status":"publish","type":"product","link":"https:\/\/www.billigtrikotde.com\/da\/vare\/neuen-herren-fussballtrikot-liverpool-auswaertstrikot-2023-24-kurzarm-darwin-nunez-27\/","title":{"rendered":"Ny Herre Fodboldtr\u00f8je Liverpool Udebanetr\u00f8je 2023-24 Kort\u00e6rmet Darwin Nunez 27"},"content":{"rendered":"<p>Det Nike Liverpool Football Club 2023-24 udebanetr\u00f8je kombinerer hvidt og gr\u00f8nt med sorte logoer. Officielt lyder farverne \u201eHvid \/ Gr\u00f8nne gnister \/ Sort\u201c.<\/p>\n<p>Hvad der g\u00f8r Liverpool 23-24 ude-tr\u00f8jen unik, er designet. Nike Liverpool 23-24 ude-tr\u00f8jen har et 90'er-inspireret m\u00f8nster i hvidt og forskellige gr\u00f8nne nuancer.<\/p>\n<p>Tips til udskrivning: Hvis navn og nummer p\u00e5 billedet er pr\u00e6cis det, du \u00f8nsker, beh\u00f8ver du ikke at indtaste dem igen. Hvis ikke, skal du indtaste det \u00f8nskede navn og nummer.<\/p>\n<p>Tips til vask: Det anbefales at vaske fodboldtr\u00f8jer i h\u00e5nden. Hvis du vil bruge vaskemaskinen, skal du huske at vende vrangen ud p\u00e5 fodboldtr\u00f8jerne og derefter vaske dem. Fyld maskinen med koldt vand, og brug et sk\u00e5neprogram for bedre at beskytte farverne.<\/p>","protected":false},"excerpt":{"rendered":"<p>Nike Liverpool Football Club 2023-24 udetr\u00f8je kombinerer hvidt og gr\u00f8nt med sorte logoer. Officielt hedder farverne \u201eHvid \/ Gr\u00f8n gnist \/ Sort\u201c. Hvad der g\u00f8r Liverpool 23-24 udetr\u00f8jen unik, er designet. Nike Liverpool 23-24 udetr\u00f8je har et 90'er-agtigt m\u00f8nster i hvidt og forskellige gr\u00f8nne nuancer. Tips til trykning: N\u00e5r navnet og de [\u2026]<\/p>","protected":false},"featured_media":14112,"comment_status":"open","ping_status":"closed","template":"","meta":[],"product_brand":[],"product_cat":[176],"product_tag":[20,731,732,733,734,574,21,23,24,601,602,153,475],"class_list":{"0":"post-14062","1":"product","2":"type-product","3":"status-publish","4":"has-post-thumbnail","6":"product_cat-liverpool-fc","7":"product_tag-coole-fussballtrikots","8":"product_tag-darwin-nunez-babykleidung","9":"product_tag-darwin-nunez-fussballtrikot","10":"product_tag-darwin-nunez-kleidung-kinder","11":"product_tag-darwin-nunez-trikot-fuer-kinder","12":"product_tag-fussballtrikot-deutschland","13":"product_tag-fussballtrikot-fuer-herren","14":"product_tag-fussballtrikot-kurzarm","15":"product_tag-guenstiges-fussballtrikot","16":"product_tag-liverpool-fussballtrikot","17":"product_tag-liverpool-trikot","18":"product_tag-liverpool-trikots","19":"product_tag-liverpool-trikots-23-24","21":"first","22":"instock","23":"shipping-taxable","24":"purchasable","25":"product-type-variable"},"_links":{"self":[{"href":"https:\/\/www.billigtrikotde.com\/da\/wp-json\/wp\/v2\/product\/14062","targetHints":{"allow":["GET"]}}],"collection":[{"href":"https:\/\/www.billigtrikotde.com\/da\/wp-json\/wp\/v2\/product"}],"about":[{"href":"https:\/\/www.billigtrikotde.com\/da\/wp-json\/wp\/v2\/types\/product"}],"replies":[{"embeddable":true,"href":"https:\/\/www.billigtrikotde.com\/da\/wp-json\/wp\/v2\/comments?post=14062"}],"wp:featuredmedia":[{"embeddable":true,"href":"https:\/\/www.billigtrikotde.com\/da\/wp-json\/wp\/v2\/media\/14112"}],"wp:attachment":[{"href":"https:\/\/www.billigtrikotde.com\/da\/wp-json\/wp\/v2\/media?parent=14062"}],"wp:term":[{"taxonomy":"product_brand","embeddable":true,"href":"https:\/\/www.billigtrikotde.com\/da\/wp-json\/wp\/v2\/product_brand?post=14062"},{"taxonomy":"product_cat","embeddable":true,"href":"https:\/\/www.billigtrikotde.com\/da\/wp-json\/wp\/v2\/product_cat?post=14062"},{"taxonomy":"product_tag","embeddable":true,"href":"https:\/\/www.billigtrikotde.com\/da\/wp-json\/wp\/v2\/product_tag?post=14062"}],"curies":[{"name":"wp","href":"https:\/\/api.w.org\/{rel}","templated":true}]}}