{"id":14036,"date":"2024-10-24T06:35:14","date_gmt":"2024-10-24T04:35:14","guid":{"rendered":"http:\/\/billigtrikots.com\/?post_type=product&#038;p=14036"},"modified":"2024-10-24T06:37:31","modified_gmt":"2024-10-24T04:37:31","slug":"guenstig-fussballtrikots-atletico-madrid-heimtrikot-2023-24-kurzarm","status":"publish","type":"product","link":"https:\/\/www.billigtrikotde.com\/da\/vare\/guenstig-fussballtrikots-atletico-madrid-heimtrikot-2023-24-kurzarm\/","title":{"rendered":"Billige fodboldtr\u00f8jer Atletico Madrid Hjemmetr\u00f8je 2023-24 Kort\u00e6rmet"},"content":{"rendered":"<p>Det nye Atletico 23-24-tr\u00f8je blev offentliggjort under sloganet \u201ePuro Atleti\u201c (Ren Atl\u00e9tico). For f\u00f8rste gang siden fire \u00e5r viser den klubbens klassiske striber uden at \u00e6ndre dem. Med Atletico Madrid 2023-24-tr\u00f8jen vender klubben tilbage til de klassiske striber og undg\u00e5r det b\u00f8lgede design fra i \u00e5r. Atleticos tr\u00f8je 2023-2024 har fire hvide og tre r\u00f8de striber. \u00c6rmerne, kraven og bagsiden af Atl\u00e9tico Madrid 23-24 hjemmetr\u00f8jen er hovedsageligt r\u00f8de.<br \/>\nDe r\u00f8de striber p\u00e5 Atl\u00e9tico 23-24 hjemmetr\u00f8jen har en subtil gradient-effekt. De g\u00e5r fra en lysere r\u00f8dfarve \u00f8verst til en m\u00f8rkere r\u00f8dfarve i midten og nederst. Farvegradienten skabes af sm\u00e5 firkantede rektangler.<\/p>\n<p>Tips til udskrivning: Hvis navn og nummer p\u00e5 billedet er pr\u00e6cis det, du \u00f8nsker, beh\u00f8ver du ikke at indtaste dem igen. Hvis ikke, skal du indtaste det \u00f8nskede navn og nummer.<\/p>\n<p>Tips til vask: Det anbefales at vaske fodboldtr\u00f8jer i h\u00e5nden. Hvis du vil bruge vaskemaskinen, skal du huske at vende vrangen ud p\u00e5 fodboldtr\u00f8jerne og derefter vaske dem. Fyld maskinen med koldt vand, og brug et sk\u00e5neprogram for bedre at beskytte farverne.<\/p>","protected":false},"excerpt":{"rendered":"<p>Das neue Atletico 23-24 Trikot wurde unter dem Slogan \u201ePuro Atleti\u201c (Reines Atl\u00e9tico) ver\u00f6ffentlicht. Zum ersten Mal seit vier Jahren zeigt es die klassischen Streifen des Vereins, ohne sie zu ver\u00e4ndern.Mit dem Atletico Madrid 2023-24 Trikot kehrt der Verein zu den klassischen Streifen zur\u00fcck und verzichtet auf das gewellte Design von diesem Jahr.Atleticos Trikot 2023-2024 [&hellip;]<\/p>","protected":false},"featured_media":14069,"comment_status":"open","ping_status":"closed","template":"","meta":[],"product_brand":[],"product_cat":[88],"product_tag":[487,488,90,20,21,22,23,24],"class_list":{"0":"post-14036","1":"product","2":"type-product","3":"status-publish","4":"has-post-thumbnail","6":"product_cat-atletico-madrid","7":"product_tag-atletico-madrid-fussballtrikot","8":"product_tag-atletico-madrid-trikot","9":"product_tag-atletico-madrid-trikots","10":"product_tag-coole-fussballtrikots","11":"product_tag-fussballtrikot-fuer-herren","12":"product_tag-fussballtrikot-guenstig-kaufen","13":"product_tag-fussballtrikot-kurzarm","14":"product_tag-guenstiges-fussballtrikot","16":"first","17":"instock","18":"shipping-taxable","19":"purchasable","20":"product-type-variable"},"_links":{"self":[{"href":"https:\/\/www.billigtrikotde.com\/da\/wp-json\/wp\/v2\/product\/14036","targetHints":{"allow":["GET"]}}],"collection":[{"href":"https:\/\/www.billigtrikotde.com\/da\/wp-json\/wp\/v2\/product"}],"about":[{"href":"https:\/\/www.billigtrikotde.com\/da\/wp-json\/wp\/v2\/types\/product"}],"replies":[{"embeddable":true,"href":"https:\/\/www.billigtrikotde.com\/da\/wp-json\/wp\/v2\/comments?post=14036"}],"wp:featuredmedia":[{"embeddable":true,"href":"https:\/\/www.billigtrikotde.com\/da\/wp-json\/wp\/v2\/media\/14069"}],"wp:attachment":[{"href":"https:\/\/www.billigtrikotde.com\/da\/wp-json\/wp\/v2\/media?parent=14036"}],"wp:term":[{"taxonomy":"product_brand","embeddable":true,"href":"https:\/\/www.billigtrikotde.com\/da\/wp-json\/wp\/v2\/product_brand?post=14036"},{"taxonomy":"product_cat","embeddable":true,"href":"https:\/\/www.billigtrikotde.com\/da\/wp-json\/wp\/v2\/product_cat?post=14036"},{"taxonomy":"product_tag","embeddable":true,"href":"https:\/\/www.billigtrikotde.com\/da\/wp-json\/wp\/v2\/product_tag?post=14036"}],"curies":[{"name":"wp","href":"https:\/\/api.w.org\/{rel}","templated":true}]}}