{"id":14013,"date":"2024-10-24T06:34:07","date_gmt":"2024-10-24T04:34:07","guid":{"rendered":"http:\/\/billigtrikots.com\/?post_type=product&#038;p=14013"},"modified":"2024-10-24T06:36:19","modified_gmt":"2024-10-24T04:36:19","slug":"herren-fc-barcelona-heimtrikot-2023-24-kurzarm-fussball-trikot-outlet","status":"publish","type":"product","link":"https:\/\/www.billigtrikotde.com\/da\/vare\/herren-fc-barcelona-heimtrikot-2023-24-kurzarm-fussball-trikot-outlet\/","title":{"rendered":"FC Barcelona Hjemmebanetr\u00f8je 2023-24 Kort\u00e6rmet Fodboldtr\u00f8je til m\u00e6nd Outlet"},"content":{"rendered":"<p>FC Barcelona 2023-2024-tr\u00f8jen vender tilbage til klubbens mest klassiske tr\u00f8jedesign, som blev introduceret i 1912 og blev brugt mere eller mindre i samme stil indtil 1990'erne. Nike FC Barcelona 23-24-tr\u00f8jen har to brede r\u00f8de striber p\u00e5 forsiden. \u00c6rmerne er r\u00f8de.<br \/>\nDet unikke er, at de klassiske striber p\u00e5 tr\u00f8jen har et rutem\u00f8nster ved kanterne. Dette er inspireret af det gamle diamantformede logo for Barcelonas nuv\u00e6rende kvindehold.<\/p>\n<p>Tips til udskrivning: Hvis navn og nummer p\u00e5 billedet er pr\u00e6cis det, du \u00f8nsker, beh\u00f8ver du ikke at indtaste dem igen. Hvis ikke, skal du indtaste det \u00f8nskede navn og nummer.<\/p>\n<p>Tips til vask: Det anbefales at vaske fodboldtr\u00f8jer i h\u00e5nden. Hvis du vil bruge vaskemaskinen, skal du huske at vende vrangen ud p\u00e5 fodboldtr\u00f8jerne og derefter vaske dem. Fyld maskinen med koldt vand, og brug et sk\u00e5neprogram for bedre at beskytte farverne.<\/p>","protected":false},"excerpt":{"rendered":"<p>Das FC Barcelona 2023-2024 Trikot kehrt zum klassischsten Trikotdesign des Vereins zur\u00fcck, das 1912 vorgestellt und bis in die 1990er Jahre mehr oder weniger im gleichen Stil verwendet wurde. Das Nike FC Barcelona 23-24 Trikot hat zwei breite rote Streifen auf der Vorderseite. Die \u00c4rmel sind rot. Einzigartig ist, dass die klassischen Streifen des Trikots [&hellip;]<\/p>","protected":false},"featured_media":14044,"comment_status":"open","ping_status":"closed","template":"","meta":[],"product_brand":[],"product_cat":[31],"product_tag":[703,704,20,33,574,426,24,705,706],"class_list":{"0":"post-14013","1":"product","2":"type-product","3":"status-publish","4":"has-post-thumbnail","6":"product_cat-fc-barcelona","7":"product_tag-barcelona-fussballtrikot","8":"product_tag-barcelona-trikot","9":"product_tag-coole-fussballtrikots","10":"product_tag-fc-barcelona-trikots","11":"product_tag-fussballtrikot-deutschland","12":"product_tag-fussballtrikots-kurzarm","13":"product_tag-guenstiges-fussballtrikot","14":"product_tag-ousmane-dembele-fussballtrikot","15":"product_tag-ousmane-dembele-trikot-fuer-kinder","17":"first","18":"instock","19":"shipping-taxable","20":"purchasable","21":"product-type-variable"},"_links":{"self":[{"href":"https:\/\/www.billigtrikotde.com\/da\/wp-json\/wp\/v2\/product\/14013","targetHints":{"allow":["GET"]}}],"collection":[{"href":"https:\/\/www.billigtrikotde.com\/da\/wp-json\/wp\/v2\/product"}],"about":[{"href":"https:\/\/www.billigtrikotde.com\/da\/wp-json\/wp\/v2\/types\/product"}],"replies":[{"embeddable":true,"href":"https:\/\/www.billigtrikotde.com\/da\/wp-json\/wp\/v2\/comments?post=14013"}],"wp:featuredmedia":[{"embeddable":true,"href":"https:\/\/www.billigtrikotde.com\/da\/wp-json\/wp\/v2\/media\/14044"}],"wp:attachment":[{"href":"https:\/\/www.billigtrikotde.com\/da\/wp-json\/wp\/v2\/media?parent=14013"}],"wp:term":[{"taxonomy":"product_brand","embeddable":true,"href":"https:\/\/www.billigtrikotde.com\/da\/wp-json\/wp\/v2\/product_brand?post=14013"},{"taxonomy":"product_cat","embeddable":true,"href":"https:\/\/www.billigtrikotde.com\/da\/wp-json\/wp\/v2\/product_cat?post=14013"},{"taxonomy":"product_tag","embeddable":true,"href":"https:\/\/www.billigtrikotde.com\/da\/wp-json\/wp\/v2\/product_tag?post=14013"}],"curies":[{"name":"wp","href":"https:\/\/api.w.org\/{rel}","templated":true}]}}