{"id":13886,"date":"2024-10-24T06:27:29","date_gmt":"2024-10-24T04:27:29","guid":{"rendered":"http:\/\/billigtrikots.com\/?post_type=product&#038;p=13886"},"modified":"2024-10-24T06:29:41","modified_gmt":"2024-10-24T04:29:41","slug":"manchester-united-heimtrikot-2023-24-kurzarm-fussball-trikot-outlet","status":"publish","type":"product","link":"https:\/\/www.billigtrikotde.com\/da\/vare\/manchester-united-heimtrikot-2023-24-kurzarm-fussball-trikot-outlet\/","title":{"rendered":"Manchester United Hjemmebanetr\u00f8je 2023-24 Kort\u00e6rmet Fodboldtr\u00f8je Outlet"},"content":{"rendered":"<p>Manchester United 2023-2024-tr\u00f8jen kombinerer en klassisk r\u00f8d hovedfarve med sort til logoer og de tre striber samt hvide detaljer. Det er f\u00f8rste gang siden 2019-2020-s\u00e6sonen, at sort er blevet brugt som sekund\u00e6r farve. Officielt hedder den r\u00f8de farve \"Team Collage Red\".<\/p>\n<p>Manchester Uniteds 2023-24-tr\u00f8je er designm\u00e6ssigt inspireret af Manchesters industrielle arv. Tr\u00f8jen har et gentagende m\u00f8nster, der kombinerer en Lancashire-rose i et geometrisk m\u00f8nster inspireret af Trafford Road Bridge, som blev bygget p\u00e5 tidspunktet for den industrielle revolution.<\/p>\n<p>Tips til udskrivning: Hvis navn og nummer p\u00e5 billedet er pr\u00e6cis det, du \u00f8nsker, beh\u00f8ver du ikke at indtaste dem igen. Hvis ikke, skal du indtaste det \u00f8nskede navn og nummer.<\/p>\n<p>Tips til vask: Det anbefales at vaske fodboldtr\u00f8jer i h\u00e5nden. Hvis du vil bruge vaskemaskinen, skal du huske at vende vrangen ud p\u00e5 fodboldtr\u00f8jerne og derefter vaske dem. Fyld maskinen med koldt vand, og brug et sk\u00e5neprogram for bedre at beskytte farverne.<\/p>","protected":false},"excerpt":{"rendered":"<p>Manchester Uniteds 2023-2024-tr\u00f8je kombinerer en klassisk r\u00f8d hovedfarve med sort til logoer og Drei Streifen samt hvide detaljer. Det er f\u00f8rste gang siden s\u00e6sonen 2019-2020, at sort bruges som sekund\u00e6rfarve. Officielt kaldes den r\u00f8de farve \u201eTeam Collage Red\u201c. Hvad designet ang\u00e5r, er tr\u00f8jen 2023-24 fra Manchester [\u2026]<\/p>","protected":false},"featured_media":13918,"comment_status":"open","ping_status":"closed","template":"","meta":[],"product_brand":[],"product_cat":[50],"product_tag":[20,574,21,22,23,24,672,673],"class_list":{"0":"post-13886","1":"product","2":"type-product","3":"status-publish","4":"has-post-thumbnail","6":"product_cat-manchester-united","7":"product_tag-coole-fussballtrikots","8":"product_tag-fussballtrikot-deutschland","9":"product_tag-fussballtrikot-fuer-herren","10":"product_tag-fussballtrikot-guenstig-kaufen","11":"product_tag-fussballtrikot-kurzarm","12":"product_tag-guenstiges-fussballtrikot","13":"product_tag-manchester-united-fussballtrikot","14":"product_tag-manchester-united-trikot","16":"first","17":"instock","18":"shipping-taxable","19":"purchasable","20":"product-type-variable"},"_links":{"self":[{"href":"https:\/\/www.billigtrikotde.com\/da\/wp-json\/wp\/v2\/product\/13886","targetHints":{"allow":["GET"]}}],"collection":[{"href":"https:\/\/www.billigtrikotde.com\/da\/wp-json\/wp\/v2\/product"}],"about":[{"href":"https:\/\/www.billigtrikotde.com\/da\/wp-json\/wp\/v2\/types\/product"}],"replies":[{"embeddable":true,"href":"https:\/\/www.billigtrikotde.com\/da\/wp-json\/wp\/v2\/comments?post=13886"}],"wp:featuredmedia":[{"embeddable":true,"href":"https:\/\/www.billigtrikotde.com\/da\/wp-json\/wp\/v2\/media\/13918"}],"wp:attachment":[{"href":"https:\/\/www.billigtrikotde.com\/da\/wp-json\/wp\/v2\/media?parent=13886"}],"wp:term":[{"taxonomy":"product_brand","embeddable":true,"href":"https:\/\/www.billigtrikotde.com\/da\/wp-json\/wp\/v2\/product_brand?post=13886"},{"taxonomy":"product_cat","embeddable":true,"href":"https:\/\/www.billigtrikotde.com\/da\/wp-json\/wp\/v2\/product_cat?post=13886"},{"taxonomy":"product_tag","embeddable":true,"href":"https:\/\/www.billigtrikotde.com\/da\/wp-json\/wp\/v2\/product_tag?post=13886"}],"curies":[{"name":"wp","href":"https:\/\/api.w.org\/{rel}","templated":true}]}}