{"id":13848,"date":"2024-10-24T06:25:20","date_gmt":"2024-10-24T04:25:20","guid":{"rendered":"http:\/\/billigtrikots.com\/?post_type=product&#038;p=13848"},"modified":"2024-10-24T06:27:55","modified_gmt":"2024-10-24T04:27:55","slug":"herren-fussballtrikots-bayern-muenchen-23-24-auswaertstrikot-kurzarm-kurze-hosen","status":"publish","type":"product","link":"https:\/\/www.billigtrikotde.com\/da\/vare\/herren-fussballtrikots-bayern-muenchen-23-24-auswaertstrikot-kurzarm-kurze-hosen\/","title":{"rendered":"Fodboldtr\u00f8jer til m\u00e6nd Bayern M\u00fcnchen 23-24 Udebanetr\u00f8je Kort\u00e6rmet + Shorts"},"content":{"rendered":"<p>Bayern M\u00fcnchen Audi 2023 Sommertour er en del af Bayern's bestr\u00e6belser p\u00e5 at komme i kontakt med fans over hele verden og udvide deres fanbase i Asien. Bayern vil spille to kampe i Tokyo, en mod Manchester City og en mod en endnu ikke annonceret modstander.<\/p>\n<p>Det Adidas Bayern M\u00fcnchen 23-24 udebanetr\u00f8je har en us\u00e6dvanlig farvekombination for den bayerske klub \u2013 den kombinerer en sort grundfarve med gr\u00f8n og lilla. De tre striber er lilla, mens logoerne p\u00e5 forsiden er lysegr\u00f8nne. Ogs\u00e5 navnene og numrene er lilla. Et moderne m\u00f8nster i lilla og gr\u00f8n, der best\u00e5r af klubbens traditionelle firkanter, fuldender det moderne look.<\/p>\n<p>Tips til udskrivning: Hvis navn og nummer p\u00e5 billedet er pr\u00e6cis det, du \u00f8nsker, beh\u00f8ver du ikke at indtaste dem igen. Hvis ikke, skal du indtaste det \u00f8nskede navn og nummer.<\/p>\n<p>Tips til vask: Det anbefales at vaske fodboldtr\u00f8jer i h\u00e5nden. Hvis du vil bruge vaskemaskinen, skal du huske at vende vrangen ud p\u00e5 fodboldtr\u00f8jerne og derefter vaske dem. Fyld maskinen med koldt vand, og brug et sk\u00e5neprogram for bedre at beskytte farverne.<\/p>","protected":false},"excerpt":{"rendered":"<p>Die Bayern M\u00fcnchen Audi 2023 Sommertour ist Teil der Bem\u00fchungen der Bayern, mit den Fans auf der ganzen Welt in Kontakt zu treten und ihre Fangemeinde in Asien zu vergr\u00f6\u00dfern. Die Bayern werden in Tokio zwei Spiele bestreiten, eines gegen Manchester City und eines gegen einen noch nicht angek\u00fcndigten Gegner. Das Adidas Bayern M\u00fcnchen 23-24 [&hellip;]<\/p>","protected":false},"featured_media":13889,"comment_status":"open","ping_status":"closed","template":"","meta":[],"product_brand":[],"product_cat":[175],"product_tag":[137,604,605,20,574,21,23,24],"class_list":{"0":"post-13848","1":"product","2":"type-product","3":"status-publish","4":"has-post-thumbnail","6":"product_cat-bayern-munich","7":"product_tag-bayern-muenchen-trikots","8":"product_tag-bayern-munich-fussballtrikot","9":"product_tag-bayern-munich-trikot","10":"product_tag-coole-fussballtrikots","11":"product_tag-fussballtrikot-deutschland","12":"product_tag-fussballtrikot-fuer-herren","13":"product_tag-fussballtrikot-kurzarm","14":"product_tag-guenstiges-fussballtrikot","16":"first","17":"instock","18":"shipping-taxable","19":"purchasable","20":"product-type-variable"},"_links":{"self":[{"href":"https:\/\/www.billigtrikotde.com\/da\/wp-json\/wp\/v2\/product\/13848","targetHints":{"allow":["GET"]}}],"collection":[{"href":"https:\/\/www.billigtrikotde.com\/da\/wp-json\/wp\/v2\/product"}],"about":[{"href":"https:\/\/www.billigtrikotde.com\/da\/wp-json\/wp\/v2\/types\/product"}],"replies":[{"embeddable":true,"href":"https:\/\/www.billigtrikotde.com\/da\/wp-json\/wp\/v2\/comments?post=13848"}],"wp:featuredmedia":[{"embeddable":true,"href":"https:\/\/www.billigtrikotde.com\/da\/wp-json\/wp\/v2\/media\/13889"}],"wp:attachment":[{"href":"https:\/\/www.billigtrikotde.com\/da\/wp-json\/wp\/v2\/media?parent=13848"}],"wp:term":[{"taxonomy":"product_brand","embeddable":true,"href":"https:\/\/www.billigtrikotde.com\/da\/wp-json\/wp\/v2\/product_brand?post=13848"},{"taxonomy":"product_cat","embeddable":true,"href":"https:\/\/www.billigtrikotde.com\/da\/wp-json\/wp\/v2\/product_cat?post=13848"},{"taxonomy":"product_tag","embeddable":true,"href":"https:\/\/www.billigtrikotde.com\/da\/wp-json\/wp\/v2\/product_tag?post=13848"}],"curies":[{"name":"wp","href":"https:\/\/api.w.org\/{rel}","templated":true}]}}