{"id":13789,"date":"2024-10-24T06:21:55","date_gmt":"2024-10-24T04:21:55","guid":{"rendered":"http:\/\/billigtrikots.com\/?post_type=product&#038;p=13789"},"modified":"2024-10-24T06:24:43","modified_gmt":"2024-10-24T04:24:43","slug":"kinderheim-trikot-manchester-united-23-24-trikot-trikotsatz-bestellen-mit-aufdruck-antony-21","status":"publish","type":"product","link":"https:\/\/www.billigtrikotde.com\/da\/vare\/kinderheim-trikot-manchester-united-23-24-trikot-trikotsatz-bestellen-mit-aufdruck-antony-21\/","title":{"rendered":"Hjemmebanetr\u00f8je til b\u00f8rn Manchester United 23-24 tr\u00f8je bestillingstr\u00f8je s\u00e6t med tryk ANTONY 21"},"content":{"rendered":"<p>Man United 2023-2024-tr\u00f8jen kombinerer en klassisk r\u00f8d hovedfarve med sort til logoer og de tre striber samt hvide detaljer. Det er f\u00f8rste gang siden s\u00e6sonen 2019-2020, at sort bruges som sekund\u00e6rfarve. Den officielle navn p\u00e5 den r\u00f8de farve er \u201eTeam Collage Red\u201c. Hovedsponsoren, navnene og numrene samt logoerne p\u00e5 \u00e6rmesponsorerne fra DXC Technology er hvide. TeamViewer-sponsorm\u00e6rket er blevet opdateret i forhold til tidligere.<br \/>\nMed hensyn til design er Manchester Uniteds 2023-24-tr\u00f8je inspireret af Manchester-omr\u00e5dets industrielle arv. Tr\u00f8jen viser et gentagende m\u00f8nster, der kombinerer en Lancashire-rose med et geometrisk m\u00f8nster, inspireret af Trafford Road Bridge, som blev bygget under den industrielle revolution. Lancashire-rosen er et heraldisk symbol, der repr\u00e6senterer den historiske grevskab Lancashire i det nordvestlige England. Det er en r\u00f8d rose med en gylden midte og har v\u00e6ret et emblem for grevskabet i \u00e5rhundreder. Lancashire-rosen bruges stadig i dag i forskellige former, f.eks. p\u00e5 grevskabets flag og p\u00e5 m\u00e6rkerne for Lancashire's cricket- og rugbyhold.<\/p>\n<p>Tips til udskrivning: Hvis navn og nummer p\u00e5 billedet er pr\u00e6cis det, du \u00f8nsker, beh\u00f8ver du ikke at indtaste dem igen. Hvis ikke, skal du indtaste det \u00f8nskede navn og nummer.<\/p>\n<p>Tips til vask: Det anbefales at vaske fodboldtr\u00f8jer i h\u00e5nden. Hvis du vil bruge vaskemaskinen, skal du huske at vende vrangen ud p\u00e5 fodboldtr\u00f8jerne og derefter vaske dem. Fyld maskinen med koldt vand, og brug et sk\u00e5neprogram for bedre at beskytte farverne.<\/p>","protected":false},"excerpt":{"rendered":"<p>Das Man United 2023-2024 Trikot kombiniert eine klassische rote Hauptfarbe mit Schwarz f\u00fcr Logos und die Drei Streifen sowie wei\u00dfen Details. Es ist das erste Mal seit der Saison 2019-2020, dass Schwarz als Sekund\u00e4rfarbe verwendet. Offiziell wird die rote Farbe \u201eTeam Collage Red\u201c genannt.Der Hauptsponsor, die Namen und Nummern sowie die Logos der \u00c4rmelsponsoren von [&hellip;]<\/p>","protected":false},"featured_media":13835,"comment_status":"open","ping_status":"closed","template":"","meta":[],"product_brand":[],"product_cat":[140],"product_tag":[20,574,21,22,664,228,24,141,52,142],"class_list":{"0":"post-13789","1":"product","2":"type-product","3":"status-publish","4":"has-post-thumbnail","6":"product_cat-manchester-united-kindertrikot","7":"product_tag-coole-fussballtrikots","8":"product_tag-fussballtrikot-deutschland","9":"product_tag-fussballtrikot-fuer-herren","10":"product_tag-fussballtrikot-guenstig-kaufen","11":"product_tag-fussballtrikot-trikotsatz","12":"product_tag-guenstige-fussballtrikot","13":"product_tag-guenstiges-fussballtrikot","14":"product_tag-manchester-united-heimtrikot","15":"product_tag-manchester-united-trikots","16":"product_tag-manchester-united-trikotsatz-fuer-kinder","18":"first","19":"instock","20":"shipping-taxable","21":"purchasable","22":"product-type-variable"},"_links":{"self":[{"href":"https:\/\/www.billigtrikotde.com\/da\/wp-json\/wp\/v2\/product\/13789","targetHints":{"allow":["GET"]}}],"collection":[{"href":"https:\/\/www.billigtrikotde.com\/da\/wp-json\/wp\/v2\/product"}],"about":[{"href":"https:\/\/www.billigtrikotde.com\/da\/wp-json\/wp\/v2\/types\/product"}],"replies":[{"embeddable":true,"href":"https:\/\/www.billigtrikotde.com\/da\/wp-json\/wp\/v2\/comments?post=13789"}],"wp:featuredmedia":[{"embeddable":true,"href":"https:\/\/www.billigtrikotde.com\/da\/wp-json\/wp\/v2\/media\/13835"}],"wp:attachment":[{"href":"https:\/\/www.billigtrikotde.com\/da\/wp-json\/wp\/v2\/media?parent=13789"}],"wp:term":[{"taxonomy":"product_brand","embeddable":true,"href":"https:\/\/www.billigtrikotde.com\/da\/wp-json\/wp\/v2\/product_brand?post=13789"},{"taxonomy":"product_cat","embeddable":true,"href":"https:\/\/www.billigtrikotde.com\/da\/wp-json\/wp\/v2\/product_cat?post=13789"},{"taxonomy":"product_tag","embeddable":true,"href":"https:\/\/www.billigtrikotde.com\/da\/wp-json\/wp\/v2\/product_tag?post=13789"}],"curies":[{"name":"wp","href":"https:\/\/api.w.org\/{rel}","templated":true}]}}