{"id":13701,"date":"2024-10-24T06:17:10","date_gmt":"2024-10-24T04:17:10","guid":{"rendered":"http:\/\/billigtrikots.com\/?post_type=product&#038;p=13701"},"modified":"2024-10-24T06:19:59","modified_gmt":"2024-10-24T04:19:59","slug":"vintage-manchester-united-1991-92-away-league-cup-final-auswaertstrikot","status":"publish","type":"product","link":"https:\/\/www.billigtrikotde.com\/da\/vare\/vintage-manchester-united-1991-92-away-league-cup-final-auswaertstrikot\/","title":{"rendered":"Vintage Manchester United 1991\/92 AWAY LEAGUE CUP FINAL udebanes\u00e6t"},"content":{"rendered":"<p>Manchester United 1991-1992 udebanetr\u00f8jen er den sidste udebanetr\u00f8je, som Adidas producerede f\u00f8r overtagelsen af Umbro i 1992. Den kendes ved et unikt design i hvidt, bl\u00e5 og r\u00f8d. Det fremtr\u00e6dende kendetegn er et unikt allover grafiktryk p\u00e5 forsiden, som ogs\u00e5 vil v\u00e6re synligt p\u00e5 den nye Adidas Manchester United 17-18 udebanetr\u00f8je.<\/p>\n<p>Tips til udskrivning: Hvis navn og nummer p\u00e5 billedet er pr\u00e6cis det, du \u00f8nsker, beh\u00f8ver du ikke at indtaste dem igen. Hvis ikke, skal du indtaste det \u00f8nskede navn og nummer.<\/p>\n<p>Tips til vask: Det anbefales at vaske fodboldtr\u00f8jer i h\u00e5nden. Hvis du vil bruge vaskemaskinen, skal du huske at vende vrangen ud p\u00e5 fodboldtr\u00f8jerne og derefter vaske dem. Fyld maskinen med koldt vand, og brug et sk\u00e5neprogram for bedre at beskytte farverne.<\/p>","protected":false},"excerpt":{"rendered":"<p>Manchester United 1991-1992 udebanetr\u00f8jen er den sidste udebanetr\u00f8je, som Adidas producerede f\u00f8r overtagelsen af Umbro i 1992. Den kendes ved et unikt design i hvidt, bl\u00e5 og r\u00f8d. Det fremtr\u00e6dende kendetegn er et unikt allover grafiktryk p\u00e5 forsiden, som ogs\u00e5 vil v\u00e6re synligt p\u00e5 den nye Adidas Manchester United 17-18 udebanetr\u00f8je.<\/p>","protected":false},"featured_media":13745,"comment_status":"open","ping_status":"closed","template":"","meta":[],"product_brand":[],"product_cat":[50],"product_tag":[20,21,22,23,228,24,511,656],"class_list":{"0":"post-13701","1":"product","2":"type-product","3":"status-publish","4":"has-post-thumbnail","6":"product_cat-manchester-united","7":"product_tag-coole-fussballtrikots","8":"product_tag-fussballtrikot-fuer-herren","9":"product_tag-fussballtrikot-guenstig-kaufen","10":"product_tag-fussballtrikot-kurzarm","11":"product_tag-guenstige-fussballtrikot","12":"product_tag-guenstiges-fussballtrikot","13":"product_tag-vintage-glasgow-rangers-fussballtrikot","14":"product_tag-vintage-manchester-united-fussballtrikot-1991-92","16":"first","17":"instock","18":"shipping-taxable","19":"purchasable","20":"product-type-variable"},"_links":{"self":[{"href":"https:\/\/www.billigtrikotde.com\/da\/wp-json\/wp\/v2\/product\/13701","targetHints":{"allow":["GET"]}}],"collection":[{"href":"https:\/\/www.billigtrikotde.com\/da\/wp-json\/wp\/v2\/product"}],"about":[{"href":"https:\/\/www.billigtrikotde.com\/da\/wp-json\/wp\/v2\/types\/product"}],"replies":[{"embeddable":true,"href":"https:\/\/www.billigtrikotde.com\/da\/wp-json\/wp\/v2\/comments?post=13701"}],"wp:featuredmedia":[{"embeddable":true,"href":"https:\/\/www.billigtrikotde.com\/da\/wp-json\/wp\/v2\/media\/13745"}],"wp:attachment":[{"href":"https:\/\/www.billigtrikotde.com\/da\/wp-json\/wp\/v2\/media?parent=13701"}],"wp:term":[{"taxonomy":"product_brand","embeddable":true,"href":"https:\/\/www.billigtrikotde.com\/da\/wp-json\/wp\/v2\/product_brand?post=13701"},{"taxonomy":"product_cat","embeddable":true,"href":"https:\/\/www.billigtrikotde.com\/da\/wp-json\/wp\/v2\/product_cat?post=13701"},{"taxonomy":"product_tag","embeddable":true,"href":"https:\/\/www.billigtrikotde.com\/da\/wp-json\/wp\/v2\/product_tag?post=13701"}],"curies":[{"name":"wp","href":"https:\/\/api.w.org\/{rel}","templated":true}]}}