{"id":13656,"date":"2024-10-24T06:14:21","date_gmt":"2024-10-24T04:14:21","guid":{"rendered":"http:\/\/billigtrikots.com\/?post_type=product&#038;p=13656"},"modified":"2024-10-24T06:17:03","modified_gmt":"2024-10-24T04:17:03","slug":"kinderheim-trikot-fc-barcelona-23-24-trikot-kurzarm-kurze-hosen-o-dembele-7","status":"publish","type":"product","link":"https:\/\/www.billigtrikotde.com\/da\/vare\/kinderheim-trikot-fc-barcelona-23-24-trikot-kurzarm-kurze-hosen-o-dembele-7\/","title":{"rendered":"Hjemmebanetr\u00f8je til b\u00f8rn FC Barcelona 23-24 Tr\u00f8je kort\u00e6rmet + shorts O.DEMB\u00c9L\u00c9 7"},"content":{"rendered":"<p>Nach vielen Leaks wurde das Barcelona Trikot 2023-2024 endlich enth\u00fcllt. Die Streifen haben ein Rautenmuster an den R\u00e4ndern und das Logo hat einen versteckten schimmernden Diamanten &#8211; beides ist eine Hommage an das Frauenteam.<\/p>\n<p>FC Barcelona 2023-2024-tr\u00f8jen vender tilbage til klubbens mest klassiske tr\u00f8jedesign, der blev introduceret i 1912 og brugt i mere eller mindre samme stil indtil 1990'erne. Nike FC Barcelona 23-24-tr\u00f8jen har to brede r\u00f8de striber p\u00e5 fronten. \u00c6rmerne er r\u00f8de. S\u00e6rligt er det, at tr\u00f8jens klassiske striber i kanterne har et diamantm\u00f8nster. Dette er inspireret af det gamle diamantformede logo for Barcelonas nuv\u00e6rende kvindehold.<\/p>\n<p>Tips til udskrivning: Hvis navn og nummer p\u00e5 billedet er pr\u00e6cis det, du \u00f8nsker, beh\u00f8ver du ikke at indtaste dem igen. Hvis ikke, skal du indtaste det \u00f8nskede navn og nummer.<\/p>\n<p>Tips til vask: Det anbefales at vaske fodboldtr\u00f8jer i h\u00e5nden. Hvis du vil bruge vaskemaskinen, skal du huske at vende vrangen ud p\u00e5 fodboldtr\u00f8jerne og derefter vaske dem. Fyld maskinen med koldt vand, og brug et sk\u00e5neprogram for bedre at beskytte farverne.<\/p>","protected":false},"excerpt":{"rendered":"<p>Efter mange l\u00e6kager blev Barcelona-tr\u00f8jen 2023-2024 endelig afsl\u00f8ret. Striberne har et rutem\u00f8nster i kanterne, og logoet har en skjult funklende diamant \u2013 begge er en hyldest til kvindeholdet. FC Barcelona 2023-2024-tr\u00f8jen vender tilbage til klubbens mest klassiske tr\u00f8je-design, som blev introduceret i 1912 og vare de 1990'erne [\u2026]<\/p>","protected":false},"featured_media":13697,"comment_status":"open","ping_status":"closed","template":"","meta":[],"product_brand":[],"product_cat":[146],"product_tag":[147,20,460,33,574,21,22,24,94],"class_list":{"0":"post-13656","1":"product","2":"type-product","3":"status-publish","4":"has-post-thumbnail","6":"product_cat-barcelona-kindertrikot","7":"product_tag-barcelona-trikotsatz-fuer-kinder","8":"product_tag-coole-fussballtrikots","9":"product_tag-deutschland-fussballtrikots","10":"product_tag-fc-barcelona-trikots","11":"product_tag-fussballtrikot-deutschland","12":"product_tag-fussballtrikot-fuer-herren","13":"product_tag-fussballtrikot-guenstig-kaufen","14":"product_tag-guenstiges-fussballtrikot","15":"product_tag-kinder-fussball-trikotsatz","17":"first","18":"instock","19":"shipping-taxable","20":"purchasable","21":"product-type-variable"},"_links":{"self":[{"href":"https:\/\/www.billigtrikotde.com\/da\/wp-json\/wp\/v2\/product\/13656","targetHints":{"allow":["GET"]}}],"collection":[{"href":"https:\/\/www.billigtrikotde.com\/da\/wp-json\/wp\/v2\/product"}],"about":[{"href":"https:\/\/www.billigtrikotde.com\/da\/wp-json\/wp\/v2\/types\/product"}],"replies":[{"embeddable":true,"href":"https:\/\/www.billigtrikotde.com\/da\/wp-json\/wp\/v2\/comments?post=13656"}],"wp:featuredmedia":[{"embeddable":true,"href":"https:\/\/www.billigtrikotde.com\/da\/wp-json\/wp\/v2\/media\/13697"}],"wp:attachment":[{"href":"https:\/\/www.billigtrikotde.com\/da\/wp-json\/wp\/v2\/media?parent=13656"}],"wp:term":[{"taxonomy":"product_brand","embeddable":true,"href":"https:\/\/www.billigtrikotde.com\/da\/wp-json\/wp\/v2\/product_brand?post=13656"},{"taxonomy":"product_cat","embeddable":true,"href":"https:\/\/www.billigtrikotde.com\/da\/wp-json\/wp\/v2\/product_cat?post=13656"},{"taxonomy":"product_tag","embeddable":true,"href":"https:\/\/www.billigtrikotde.com\/da\/wp-json\/wp\/v2\/product_tag?post=13656"}],"curies":[{"name":"wp","href":"https:\/\/api.w.org\/{rel}","templated":true}]}}