{"id":1345,"date":"2024-10-23T13:26:16","date_gmt":"2024-10-23T11:26:16","guid":{"rendered":"http:\/\/billigtrikots.com\/?post_type=product&#038;p=1345"},"modified":"2024-10-23T13:28:14","modified_gmt":"2024-10-23T11:28:14","slug":"herren-fc-arsenal-heimtrikot-2022-langarm-weiss-rot-kurze-hosen-xhaka-34","status":"publish","type":"product","link":"https:\/\/www.billigtrikotde.com\/da\/vare\/herren-fc-arsenal-heimtrikot-2022-langarm-weiss-rot-kurze-hosen-xhaka-34\/","title":{"rendered":"Herre FC Arsenal hjemetr\u00f8je 2022 Lang\u00e6rmet hvid\/r\u00f8d + korte bukser XHAKA 34"},"content":{"rendered":"<p>Arsenal og adidas \u2013 her er succes forudprogrammeret. Med denne fodboldtr\u00f8je l\u00e6gger vi en klassiker, som klubben fra det nordlige London kunne notere store sejre med, ny. Desuden er fan-versionen lavet af behageligt bl\u00f8dt, svedafledende materiale og lidt bredere i snit end modellen, som de professionelle spillere b\u00e6rer p\u00e5 kampdage. Det ber\u00f8mte klublogo p\u00e5 brystet fuldender designet. Denne version er lidt bredere i snittet end den officielle spillerausr\u00fcstung. Ribbet V-hals. Lang\u00e6rmet med ribkant. Behageligt bl\u00f8dt, let materiale. Svedafledende Climalite-materiale. V\u00e6vet klublogo for FC Arsenal. Dette tr\u00f8je er produceret med genbrugt polyester for at spare ressourcer og reducere forurenende udslip. Materiale: 100% Polyester.<\/p>\n<p>Tips til udskrivning: Hvis navn og nummer p\u00e5 billedet er pr\u00e6cis det, du \u00f8nsker, beh\u00f8ver du ikke at indtaste dem igen. Hvis ikke, skal du indtaste det \u00f8nskede navn og nummer.<\/p>\n<p>Tips til vask: Det anbefales at vaske fodboldtr\u00f8jer i h\u00e5nden. Hvis du vil bruge vaskemaskinen, skal du huske at vende vrangen ud p\u00e5 fodboldtr\u00f8jerne og derefter vaske dem. Fyld maskinen med koldt vand, og brug et sk\u00e5neprogram for bedre at beskytte farverne.<\/p>","protected":false},"excerpt":{"rendered":"<p>Arsenal und adidas \u2013 da ist Erfolg vorprogrammiert. Mit diesem Fu\u00dfballtrikot legen wir einen Klassiker, mit dem der Club aus dem Norden Londons gro\u00dfe Siege verbuchen konnte, neu auf. Au\u00dferdem ist die Fan-Version aus angenehm weichem, feuchtigkeitsableitendem Material und etwas weiter geschnitten als das Modell, das die Profi-Kicker an Spieltagen tragen. Das ber\u00fchmte Vereinslogo auf [&hellip;]<\/p>","protected":false},"featured_media":1375,"comment_status":"open","ping_status":"closed","template":"","meta":[],"product_brand":[],"product_cat":[55],"product_tag":[20,56,57,38,21,22,24],"class_list":{"0":"post-1345","1":"product","2":"type-product","3":"status-publish","4":"has-post-thumbnail","6":"product_cat-arsenal","7":"product_tag-coole-fussballtrikots","8":"product_tag-fc-arsenal-heimtrikot","9":"product_tag-fc-arsenal-trikots","10":"product_tag-fussball-trikot-langarm","11":"product_tag-fussballtrikot-fuer-herren","12":"product_tag-fussballtrikot-guenstig-kaufen","13":"product_tag-guenstiges-fussballtrikot","15":"first","16":"instock","17":"shipping-taxable","18":"purchasable","19":"product-type-variable"},"_links":{"self":[{"href":"https:\/\/www.billigtrikotde.com\/da\/wp-json\/wp\/v2\/product\/1345","targetHints":{"allow":["GET"]}}],"collection":[{"href":"https:\/\/www.billigtrikotde.com\/da\/wp-json\/wp\/v2\/product"}],"about":[{"href":"https:\/\/www.billigtrikotde.com\/da\/wp-json\/wp\/v2\/types\/product"}],"replies":[{"embeddable":true,"href":"https:\/\/www.billigtrikotde.com\/da\/wp-json\/wp\/v2\/comments?post=1345"}],"wp:featuredmedia":[{"embeddable":true,"href":"https:\/\/www.billigtrikotde.com\/da\/wp-json\/wp\/v2\/media\/1375"}],"wp:attachment":[{"href":"https:\/\/www.billigtrikotde.com\/da\/wp-json\/wp\/v2\/media?parent=1345"}],"wp:term":[{"taxonomy":"product_brand","embeddable":true,"href":"https:\/\/www.billigtrikotde.com\/da\/wp-json\/wp\/v2\/product_brand?post=1345"},{"taxonomy":"product_cat","embeddable":true,"href":"https:\/\/www.billigtrikotde.com\/da\/wp-json\/wp\/v2\/product_cat?post=1345"},{"taxonomy":"product_tag","embeddable":true,"href":"https:\/\/www.billigtrikotde.com\/da\/wp-json\/wp\/v2\/product_tag?post=1345"}],"curies":[{"name":"wp","href":"https:\/\/api.w.org\/{rel}","templated":true}]}}