{"id":13277,"date":"2024-10-24T05:54:17","date_gmt":"2024-10-24T03:54:17","guid":{"rendered":"http:\/\/billigtrikots.com\/?post_type=product&#038;p=13277"},"modified":"2025-06-09T04:42:25","modified_gmt":"2025-06-09T02:42:25","slug":"damen-fussball-trikot-arsenal-heimtrikot-2023-24-kurzarm-personalisierbar","status":"publish","type":"product","link":"https:\/\/www.billigtrikotde.com\/da\/vare\/damen-fussball-trikot-arsenal-heimtrikot-2023-24-kurzarm-personalisierbar\/","title":{"rendered":"Fodboldtr\u00f8je til damer Arsenal Hjemmebanetr\u00f8je 2023-24 Kort\u00e6rmet Customisable"},"content":{"rendered":"<p>Et subtilt Zap-m\u00f8nster og et gyldent Zap-element p\u00e5 ryggen under kraven fuldender udseendet p\u00e5 Arsenal 23-24-hjemmetr\u00f8jen. En anden cool detalje p\u00e5 den nye Arsenal-hjemmetr\u00f8je er et diskret tryk p\u00e5 indersiden af den hvide sidestribe, som viser resultaterne fra Invincibles-holdet i 2003-04. Nuancen af den r\u00f8de hovedfarve p\u00e5 Arsenal 23-24-hjemmetr\u00f8jen kaldes \"Better Scarlet\". Det er en lidt m\u00f8rkere farve end den r\u00f8de i de foreg\u00e5ende s\u00e6soner.<\/p>\n<p>Tips til udskrivning: Hvis navn og nummer p\u00e5 billedet er pr\u00e6cis det, du \u00f8nsker, beh\u00f8ver du ikke at indtaste dem igen. Hvis ikke, skal du indtaste det \u00f8nskede navn og nummer.<\/p>\n<p>Tips til vask: Det anbefales at vaske fodboldtr\u00f8jer i h\u00e5nden. Hvis du vil bruge vaskemaskinen, skal du huske at vende vrangen ud p\u00e5 fodboldtr\u00f8jerne og derefter vaske dem. Fyld maskinen med koldt vand, og brug et sk\u00e5neprogram for bedre at beskytte farverne.<\/p>","protected":false},"excerpt":{"rendered":"<p>Ein dezentes Zap-Muster und ein goldenes Zap-Element auf der R\u00fcckseite unter dem Kragen runden den Look des Arsenal 23-24 Heimtrikots ab. Ein weiteres cooles Detail des neuen Arsenal-Heimtrikots ist ein dezenter Aufdruck auf der Innenseite des wei\u00dfen Seitenstreifens, auf dem die Spielergebnisse des 2003-04 Invincibles-Teams abgebildet sind.Der Farbton der roten Hauptfarbe des Arsenal 23-24 Heimtrikots [&hellip;]<\/p>","protected":false},"featured_media":13271,"comment_status":"open","ping_status":"closed","template":"","meta":[],"product_brand":[],"product_cat":[583],"product_tag":[584,593,594,20,518,574,21,22,23,24],"class_list":{"0":"post-13277","1":"product","2":"type-product","3":"status-publish","4":"has-post-thumbnail","6":"product_cat-arsenal-damen-trikot","7":"product_tag-arsenal-2023-24-trikot","8":"product_tag-arsenal-fussballtrikots-damen","9":"product_tag-arsenal-trikot-fuer-damen","10":"product_tag-coole-fussballtrikots","11":"product_tag-damen-fussballtrikot","12":"product_tag-fussballtrikot-deutschland","13":"product_tag-fussballtrikot-fuer-herren","14":"product_tag-fussballtrikot-guenstig-kaufen","15":"product_tag-fussballtrikot-kurzarm","16":"product_tag-guenstiges-fussballtrikot","18":"first","19":"instock","20":"shipping-taxable","21":"purchasable","22":"product-type-variable"},"_links":{"self":[{"href":"https:\/\/www.billigtrikotde.com\/da\/wp-json\/wp\/v2\/product\/13277","targetHints":{"allow":["GET"]}}],"collection":[{"href":"https:\/\/www.billigtrikotde.com\/da\/wp-json\/wp\/v2\/product"}],"about":[{"href":"https:\/\/www.billigtrikotde.com\/da\/wp-json\/wp\/v2\/types\/product"}],"replies":[{"embeddable":true,"href":"https:\/\/www.billigtrikotde.com\/da\/wp-json\/wp\/v2\/comments?post=13277"}],"wp:featuredmedia":[{"embeddable":true,"href":"https:\/\/www.billigtrikotde.com\/da\/wp-json\/wp\/v2\/media\/13271"}],"wp:attachment":[{"href":"https:\/\/www.billigtrikotde.com\/da\/wp-json\/wp\/v2\/media?parent=13277"}],"wp:term":[{"taxonomy":"product_brand","embeddable":true,"href":"https:\/\/www.billigtrikotde.com\/da\/wp-json\/wp\/v2\/product_brand?post=13277"},{"taxonomy":"product_cat","embeddable":true,"href":"https:\/\/www.billigtrikotde.com\/da\/wp-json\/wp\/v2\/product_cat?post=13277"},{"taxonomy":"product_tag","embeddable":true,"href":"https:\/\/www.billigtrikotde.com\/da\/wp-json\/wp\/v2\/product_tag?post=13277"}],"curies":[{"name":"wp","href":"https:\/\/api.w.org\/{rel}","templated":true}]}}