{"id":1309,"date":"2024-10-23T13:24:44","date_gmt":"2024-10-23T11:24:44","guid":{"rendered":"http:\/\/billigtrikots.com\/?post_type=product&#038;p=1309"},"modified":"2024-10-23T13:26:40","modified_gmt":"2024-10-23T11:26:40","slug":"personalisierbar-trikotsatz-fc-arsenal-heimtrikot-2022-langarm-weiss-rot-gabriel-5","status":"publish","type":"product","link":"https:\/\/www.billigtrikotde.com\/da\/vare\/personalisierbar-trikotsatz-fc-arsenal-heimtrikot-2022-langarm-weiss-rot-gabriel-5\/","title":{"rendered":"Personalis\u00e9rbar tr\u00f8jes\u00e6t FC Arsenal hjemetr\u00f8je 2022 Lang\u00e6rmet hvid\/r\u00f8d GABRIEL 5"},"content":{"rendered":"<p>De hvide indsatser og de marinebl\u00e5 detaljer minder om en \u00e6ra, hvor Arsenal med sin styrke kunne fremvise en fremragende resultatr\u00e6kke. adidas lang\u00e6rmet fodboldtr\u00f8je er designet til at give klubbens fans maksimal komfort. Den er lavet af bl\u00f8dt stof og har den svedtransporterende AEROREADY-teknologi. Dette produkt er fremstillet med Primegreen, en serie af h\u00f8jtydende genbrugsmaterialer.<\/p>\n<p>Tips til udskrivning: Hvis navn og nummer p\u00e5 billedet er pr\u00e6cis det, du \u00f8nsker, beh\u00f8ver du ikke at indtaste dem igen. Hvis ikke, skal du indtaste det \u00f8nskede navn og nummer.<\/p>\n<p>Tips til vask: Det anbefales at vaske fodboldtr\u00f8jer i h\u00e5nden. Hvis du vil bruge vaskemaskinen, skal du huske at vende vrangen ud p\u00e5 fodboldtr\u00f8jerne og derefter vaske dem. Fyld maskinen med koldt vand, og brug et sk\u00e5neprogram for bedre at beskytte farverne.<\/p>","protected":false},"excerpt":{"rendered":"<p>Die wei\u00dfen Eins\u00e4tze und die marineblauen Details erinnern an eine \u00c4ra, in der Arsenal mit seiner St\u00e4rke eine herausragende Erfolgsbilanz vorweisen konnte. Das adidas Langarm-Fu\u00dfballtrikot wurde entwickelt, um den Fans des Vereins maximalen Komfort zu bieten. Es ist aus weichem Stoff gefertigt und verf\u00fcgt \u00fcber die schwei\u00dfableitende AEROREADY-Technologie. Dieses Produkt wird mit Primegreen hergestellt, einer [&hellip;]<\/p>","protected":false},"featured_media":1349,"comment_status":"open","ping_status":"closed","template":"","meta":[],"product_brand":[],"product_cat":[55],"product_tag":[20,56,57,38,21,22,24],"class_list":{"0":"post-1309","1":"product","2":"type-product","3":"status-publish","4":"has-post-thumbnail","6":"product_cat-arsenal","7":"product_tag-coole-fussballtrikots","8":"product_tag-fc-arsenal-heimtrikot","9":"product_tag-fc-arsenal-trikots","10":"product_tag-fussball-trikot-langarm","11":"product_tag-fussballtrikot-fuer-herren","12":"product_tag-fussballtrikot-guenstig-kaufen","13":"product_tag-guenstiges-fussballtrikot","15":"first","16":"instock","17":"shipping-taxable","18":"purchasable","19":"product-type-variable"},"_links":{"self":[{"href":"https:\/\/www.billigtrikotde.com\/da\/wp-json\/wp\/v2\/product\/1309","targetHints":{"allow":["GET"]}}],"collection":[{"href":"https:\/\/www.billigtrikotde.com\/da\/wp-json\/wp\/v2\/product"}],"about":[{"href":"https:\/\/www.billigtrikotde.com\/da\/wp-json\/wp\/v2\/types\/product"}],"replies":[{"embeddable":true,"href":"https:\/\/www.billigtrikotde.com\/da\/wp-json\/wp\/v2\/comments?post=1309"}],"wp:featuredmedia":[{"embeddable":true,"href":"https:\/\/www.billigtrikotde.com\/da\/wp-json\/wp\/v2\/media\/1349"}],"wp:attachment":[{"href":"https:\/\/www.billigtrikotde.com\/da\/wp-json\/wp\/v2\/media?parent=1309"}],"wp:term":[{"taxonomy":"product_brand","embeddable":true,"href":"https:\/\/www.billigtrikotde.com\/da\/wp-json\/wp\/v2\/product_brand?post=1309"},{"taxonomy":"product_cat","embeddable":true,"href":"https:\/\/www.billigtrikotde.com\/da\/wp-json\/wp\/v2\/product_cat?post=1309"},{"taxonomy":"product_tag","embeddable":true,"href":"https:\/\/www.billigtrikotde.com\/da\/wp-json\/wp\/v2\/product_tag?post=1309"}],"curies":[{"name":"wp","href":"https:\/\/api.w.org\/{rel}","templated":true}]}}