{"id":1305,"date":"2024-10-23T13:24:40","date_gmt":"2024-10-23T11:24:40","guid":{"rendered":"http:\/\/billigtrikots.com\/?post_type=product&#038;p=1305"},"modified":"2024-10-23T13:26:10","modified_gmt":"2024-10-23T11:26:10","slug":"guenstige-fussballtrikots-manchester-united-trikot-home-2022-rot-bestellen","status":"publish","type":"product","link":"https:\/\/www.billigtrikotde.com\/da\/vare\/guenstige-fussballtrikots-manchester-united-trikot-home-2022-rot-bestellen\/","title":{"rendered":"Billige fodboldtr\u00f8jer Manchester United Tr\u00f8je Home 2022 R\u00f8d Bestil"},"content":{"rendered":"<p>Das Sportshirt von a-didas in Rot l\u00e4sst dich die Farben deines Lieblingsclubs tragen und allen zeigen, wof\u00fcr dein Herz schl\u00e4gt. Jeder echte Manchester United-Supporter braucht dieses Heim-Sportshirt, denn auch die Spieler tragen es in der Premier League. Es ist atmungsaktiv, super bequem und leicht. Dieses Trikot ist der ideale Begleiter f\u00fcr deine sportlichen Aktivit\u00e4ten. Zum absoluten Highlight wird es durch das Vereinswappen auf der Brust.<\/p>\n<p>Tips til udskrivning: Hvis navn og nummer p\u00e5 billedet er pr\u00e6cis det, du \u00f8nsker, beh\u00f8ver du ikke at indtaste dem igen. Hvis ikke, skal du indtaste det \u00f8nskede navn og nummer.<\/p>\n<p>Tips til vask: Det anbefales at vaske fodboldtr\u00f8jer i h\u00e5nden. Hvis du vil bruge vaskemaskinen, skal du huske at vende vrangen ud p\u00e5 fodboldtr\u00f8jerne og derefter vaske dem. Fyld maskinen med koldt vand, og brug et sk\u00e5neprogram for bedre at beskytte farverne.<\/p>","protected":false},"excerpt":{"rendered":"<p>Sportssens tr\u00f8je fra a-didas i R\u00f8d lader dig b\u00e6re farverne p\u00e5 din yndlingsklub og vise alle, hvad dit hjerte sl\u00e5r for. Hver rigtig Manchester United-supporter har brug for denne hjemme-sportstr\u00f8je, for den bliver ogs\u00e5 b\u00e5ret af spillerne i Premier League. Den er \u00e5ndbar, super behagelig og let. Denne tr\u00f8je er den ideelle f\u00f8lgesvend til dine sportslige aktiviteter. Til [\u2026]<\/p>","protected":false},"featured_media":1337,"comment_status":"open","ping_status":"closed","template":"","meta":[],"product_brand":[],"product_cat":[50],"product_tag":[20,21,22,23,24,52],"class_list":{"0":"post-1305","1":"product","2":"type-product","3":"status-publish","4":"has-post-thumbnail","6":"product_cat-manchester-united","7":"product_tag-coole-fussballtrikots","8":"product_tag-fussballtrikot-fuer-herren","9":"product_tag-fussballtrikot-guenstig-kaufen","10":"product_tag-fussballtrikot-kurzarm","11":"product_tag-guenstiges-fussballtrikot","12":"product_tag-manchester-united-trikots","14":"first","15":"instock","16":"shipping-taxable","17":"purchasable","18":"product-type-variable"},"_links":{"self":[{"href":"https:\/\/www.billigtrikotde.com\/da\/wp-json\/wp\/v2\/product\/1305","targetHints":{"allow":["GET"]}}],"collection":[{"href":"https:\/\/www.billigtrikotde.com\/da\/wp-json\/wp\/v2\/product"}],"about":[{"href":"https:\/\/www.billigtrikotde.com\/da\/wp-json\/wp\/v2\/types\/product"}],"replies":[{"embeddable":true,"href":"https:\/\/www.billigtrikotde.com\/da\/wp-json\/wp\/v2\/comments?post=1305"}],"wp:featuredmedia":[{"embeddable":true,"href":"https:\/\/www.billigtrikotde.com\/da\/wp-json\/wp\/v2\/media\/1337"}],"wp:attachment":[{"href":"https:\/\/www.billigtrikotde.com\/da\/wp-json\/wp\/v2\/media?parent=1305"}],"wp:term":[{"taxonomy":"product_brand","embeddable":true,"href":"https:\/\/www.billigtrikotde.com\/da\/wp-json\/wp\/v2\/product_brand?post=1305"},{"taxonomy":"product_cat","embeddable":true,"href":"https:\/\/www.billigtrikotde.com\/da\/wp-json\/wp\/v2\/product_cat?post=1305"},{"taxonomy":"product_tag","embeddable":true,"href":"https:\/\/www.billigtrikotde.com\/da\/wp-json\/wp\/v2\/product_tag?post=1305"}],"curies":[{"name":"wp","href":"https:\/\/api.w.org\/{rel}","templated":true}]}}