{"id":12498,"date":"2024-10-24T05:14:43","date_gmt":"2024-10-24T03:14:43","guid":{"rendered":"http:\/\/billigtrikots.com\/?post_type=product&#038;p=12498"},"modified":"2025-10-16T16:03:18","modified_gmt":"2025-10-16T14:03:18","slug":"herren-real-madrid-heimtrikot-2022-23-kurzarm-online-kaufen-eder-militao-3","status":"publish","type":"product","link":"https:\/\/www.billigtrikotde.com\/da\/vare\/herren-real-madrid-heimtrikot-2022-23-kurzarm-online-kaufen-eder-militao-3\/","title":{"rendered":"Herre Real Madrid Hjemmebanetr\u00f8je 2022-23 Kort\u00e6rmet K\u00f8b Online Eder Militao 3"},"content":{"rendered":"<p>Efter mere end et \u00e5rti uden hjemmebanetr\u00f8jer kombinerer Adidas Real Madrid 2022-23-tr\u00f8jen klubbens ikoniske hvide farve med sort og lilla. Til s\u00e6sonen 2022-2023 har Adidas valgt en bleglilla accentfarve. Adidas-logoet og sponsorreklamen er sorte, de tre striber er lysebl\u00e5-lilla.<br \/>\nReal Madrid 22-23-tr\u00f8jen har en knapperam. et par diskrete Real Madrid-emblemer er indv\u00e6vet i stoffet.<\/p>\n<p>For at fuldf\u00f8re det sofistikerede look er den klassiske polokrage p\u00e5 Real Madrid hjemmebanetr\u00f8jen 2022-2023 forsynet med lilla og sort kant.<\/p>\n<p>Tips til udskrivning: Hvis navn og nummer p\u00e5 billedet er pr\u00e6cis det, du \u00f8nsker, beh\u00f8ver du ikke at indtaste dem igen. Hvis ikke, skal du indtaste det \u00f8nskede navn og nummer.<\/p>\n<p>Tips til vask: Det anbefales at vaske fodboldtr\u00f8jer i h\u00e5nden. Hvis du vil bruge vaskemaskinen, skal du huske at vende vrangen ud p\u00e5 fodboldtr\u00f8jerne og derefter vaske dem. Fyld maskinen med koldt vand, og brug et sk\u00e5neprogram for bedre at beskytte farverne.<\/p>","protected":false},"excerpt":{"rendered":"<p>Nach mehr als einem Jahrzehnt ohne Heimtrikots kombiniert das Adidas Real Madrid 2022-23 Trikot die ikonische wei\u00dfe Farbe des Vereins mit Schwarz und Lila.F\u00fcr die Saison 2022-2023 hat sich Adidas f\u00fcr eine blasslila Akzentfarbe entschieden. Das Adidas-Logo und das Sponsorenlogo sind schwarz, die drei Streifen helllila. Das Real Madrid 22-23 Trikot hat einen gekn\u00f6pften Kragen. [&hellip;]<\/p>","protected":false},"featured_media":12541,"comment_status":"open","ping_status":"closed","template":"","meta":[],"product_brand":[],"product_cat":[45],"product_tag":[20,21,22,23,228,24,489,490,271,47,268],"class_list":{"0":"post-12498","1":"product","2":"type-product","3":"status-publish","4":"has-post-thumbnail","6":"product_cat-real-madrid","7":"product_tag-coole-fussballtrikots","8":"product_tag-fussballtrikot-fuer-herren","9":"product_tag-fussballtrikot-guenstig-kaufen","10":"product_tag-fussballtrikot-kurzarm","11":"product_tag-guenstige-fussballtrikot","12":"product_tag-guenstiges-fussballtrikot","13":"product_tag-real-madrid-fussballtrikot","14":"product_tag-real-madrid-trikot","15":"product_tag-real-madrid-trikot-herren-guenstig","16":"product_tag-real-madrid-trikots","17":"product_tag-real-madrid-trikots-22-23","19":"first","20":"instock","21":"shipping-taxable","22":"purchasable","23":"product-type-variable"},"_links":{"self":[{"href":"https:\/\/www.billigtrikotde.com\/da\/wp-json\/wp\/v2\/product\/12498","targetHints":{"allow":["GET"]}}],"collection":[{"href":"https:\/\/www.billigtrikotde.com\/da\/wp-json\/wp\/v2\/product"}],"about":[{"href":"https:\/\/www.billigtrikotde.com\/da\/wp-json\/wp\/v2\/types\/product"}],"replies":[{"embeddable":true,"href":"https:\/\/www.billigtrikotde.com\/da\/wp-json\/wp\/v2\/comments?post=12498"}],"wp:featuredmedia":[{"embeddable":true,"href":"https:\/\/www.billigtrikotde.com\/da\/wp-json\/wp\/v2\/media\/12541"}],"wp:attachment":[{"href":"https:\/\/www.billigtrikotde.com\/da\/wp-json\/wp\/v2\/media?parent=12498"}],"wp:term":[{"taxonomy":"product_brand","embeddable":true,"href":"https:\/\/www.billigtrikotde.com\/da\/wp-json\/wp\/v2\/product_brand?post=12498"},{"taxonomy":"product_cat","embeddable":true,"href":"https:\/\/www.billigtrikotde.com\/da\/wp-json\/wp\/v2\/product_cat?post=12498"},{"taxonomy":"product_tag","embeddable":true,"href":"https:\/\/www.billigtrikotde.com\/da\/wp-json\/wp\/v2\/product_tag?post=12498"}],"curies":[{"name":"wp","href":"https:\/\/api.w.org\/{rel}","templated":true}]}}