{"id":12496,"date":"2024-10-24T05:14:41","date_gmt":"2024-10-24T03:14:41","guid":{"rendered":"http:\/\/billigtrikots.com\/?post_type=product&#038;p=12496"},"modified":"2025-10-16T16:03:19","modified_gmt":"2025-10-16T14:03:19","slug":"fussballtrikots-kaufen-real-madrid-22-23-drittes-trikot-kurzarm-eder-militao-3","status":"publish","type":"product","link":"https:\/\/www.billigtrikotde.com\/da\/vare\/fussballtrikots-kaufen-real-madrid-22-23-drittes-trikot-kurzarm-eder-militao-3\/","title":{"rendered":"Fodboldtr\u00f8jer K\u00f8b Real Madrid 22-23 Tredjetr\u00f8je Kort\u00e6rmet Eder Militao 3"},"content":{"rendered":"<p>I mods\u00e6tning til den klassiske home\/away-skrifttype har den nye skrifttype p\u00e5 den tredje Adidas Real Madrid 22-23-tr\u00f8je et moderne look. Den moderne skrifttype passer perfekt til tr\u00f8jens moderne design, som er inspireret af det nye Santiago Bernab\u00e9u-stadion.<\/p>\n<p>Tips til udskrivning: Hvis navn og nummer p\u00e5 billedet er pr\u00e6cis det, du \u00f8nsker, beh\u00f8ver du ikke at indtaste dem igen. Hvis ikke, skal du indtaste det \u00f8nskede navn og nummer.<\/p>\n<p>Tips til vask: Det anbefales at vaske fodboldtr\u00f8jer i h\u00e5nden. Hvis du vil bruge vaskemaskinen, skal du huske at vende vrangen ud p\u00e5 fodboldtr\u00f8jerne og derefter vaske dem. Fyld maskinen med koldt vand, og brug et sk\u00e5neprogram for bedre at beskytte farverne.<\/p>","protected":false},"excerpt":{"rendered":"<p>I mods\u00e6tning til den klassiske hjemme-\/udekamptekst har den nye skrifttype p\u00e5 den tredje tr\u00f8je fra Adidas Real Madrid 22-23 et moderne udseende. Den moderne skrifttype passer perfekt til det moderne design af tr\u00f8jen, som er inspireret af det nye Santiago Bernab\u00e9u Stadion. Tips til print: Hvis navnet og nummeret p\u00e5 billedet pr\u00e6cis matcher dine \u00f8nsker, skal du [\u2026]<\/p>","protected":false},"featured_media":12539,"comment_status":"open","ping_status":"closed","template":"","meta":[],"product_brand":[],"product_cat":[45],"product_tag":[20,21,22,23,228,24,489,490,271,47,268],"class_list":{"0":"post-12496","1":"product","2":"type-product","3":"status-publish","4":"has-post-thumbnail","6":"product_cat-real-madrid","7":"product_tag-coole-fussballtrikots","8":"product_tag-fussballtrikot-fuer-herren","9":"product_tag-fussballtrikot-guenstig-kaufen","10":"product_tag-fussballtrikot-kurzarm","11":"product_tag-guenstige-fussballtrikot","12":"product_tag-guenstiges-fussballtrikot","13":"product_tag-real-madrid-fussballtrikot","14":"product_tag-real-madrid-trikot","15":"product_tag-real-madrid-trikot-herren-guenstig","16":"product_tag-real-madrid-trikots","17":"product_tag-real-madrid-trikots-22-23","19":"first","20":"instock","21":"shipping-taxable","22":"purchasable","23":"product-type-variable"},"_links":{"self":[{"href":"https:\/\/www.billigtrikotde.com\/da\/wp-json\/wp\/v2\/product\/12496","targetHints":{"allow":["GET"]}}],"collection":[{"href":"https:\/\/www.billigtrikotde.com\/da\/wp-json\/wp\/v2\/product"}],"about":[{"href":"https:\/\/www.billigtrikotde.com\/da\/wp-json\/wp\/v2\/types\/product"}],"replies":[{"embeddable":true,"href":"https:\/\/www.billigtrikotde.com\/da\/wp-json\/wp\/v2\/comments?post=12496"}],"wp:featuredmedia":[{"embeddable":true,"href":"https:\/\/www.billigtrikotde.com\/da\/wp-json\/wp\/v2\/media\/12539"}],"wp:attachment":[{"href":"https:\/\/www.billigtrikotde.com\/da\/wp-json\/wp\/v2\/media?parent=12496"}],"wp:term":[{"taxonomy":"product_brand","embeddable":true,"href":"https:\/\/www.billigtrikotde.com\/da\/wp-json\/wp\/v2\/product_brand?post=12496"},{"taxonomy":"product_cat","embeddable":true,"href":"https:\/\/www.billigtrikotde.com\/da\/wp-json\/wp\/v2\/product_cat?post=12496"},{"taxonomy":"product_tag","embeddable":true,"href":"https:\/\/www.billigtrikotde.com\/da\/wp-json\/wp\/v2\/product_tag?post=12496"}],"curies":[{"name":"wp","href":"https:\/\/api.w.org\/{rel}","templated":true}]}}