{"id":12466,"date":"2024-10-24T05:13:01","date_gmt":"2024-10-24T03:13:01","guid":{"rendered":"http:\/\/billigtrikots.com\/?post_type=product&#038;p=12466"},"modified":"2024-10-24T05:15:41","modified_gmt":"2024-10-24T03:15:41","slug":"fussballtrikots-guenstig-atletico-madrid-2022-23-drittes-trikot-kurzarm-stefan-savic-15","status":"publish","type":"product","link":"https:\/\/www.billigtrikotde.com\/da\/vare\/fussballtrikots-guenstig-atletico-madrid-2022-23-drittes-trikot-kurzarm-stefan-savic-15\/","title":{"rendered":"Fodboldtr\u00f8jer billigt Atl\u00e9tico Madrid 2022-23 tredjetr\u00f8je kort\u00e6rmet Stefan Savic 15"},"content":{"rendered":"<p>Den tredje Nike Atl\u00e9tico Madrid 2022-23-fodboldtr\u00f8je kombinerer forskellige nuancer af orange og r\u00f8d med sort swoosh. Det er en meget interessant og frisk farvekombination for klubben, inspireret af frugten fra jordb\u00e6rtr\u00e6et, der indg\u00e5r i klubbens v\u00e5benskjold.<br \/>\nDesignm\u00e6ssigt er den nye tredje Atl\u00e9tico-tr\u00f8je ret enkel. Den er ensfarvet orange, og kun manchetterne har en lille r\u00f8d accent. Logoerne er sorte, inklusive et ensfarvet klubv\u00e5ben p\u00e5 venstre bryst af den tredje Atl\u00e9tico Madrid 2022-23-tr\u00f8je.<\/p>\n<p>Tips til udskrivning: Hvis navn og nummer p\u00e5 billedet er pr\u00e6cis det, du \u00f8nsker, beh\u00f8ver du ikke at indtaste dem igen. Hvis ikke, skal du indtaste det \u00f8nskede navn og nummer.<\/p>\n<p>Tips til vask: Det anbefales at vaske fodboldtr\u00f8jer i h\u00e5nden. Hvis du vil bruge vaskemaskinen, skal du huske at vende vrangen ud p\u00e5 fodboldtr\u00f8jerne og derefter vaske dem. Fyld maskinen med koldt vand, og brug et sk\u00e5neprogram for bedre at beskytte farverne.<\/p>","protected":false},"excerpt":{"rendered":"<p>Den tredje fodboldtr\u00f8je fra Nike Atl\u00e9tico Madrid 2022-23 kombinerer forskellige orange- og r\u00f8dtoner med sort til swooshen. Det er en meget interessant og frisk farvekombination for klubben, inspireret af frugterne fra jordb\u00e6rtr\u00e6et, som findes i klubs emblem. Hvad designet ang\u00e5r, er den nye tredje Atl\u00e9tico-tr\u00f8je mere kedelig. Den er ensfarvet \u2026<\/p>","protected":false},"featured_media":12509,"comment_status":"open","ping_status":"closed","template":"","meta":[],"product_brand":[],"product_cat":[88],"product_tag":[486,487,89,488,90,20,21,22,23,24],"class_list":{"0":"post-12466","1":"product","2":"type-product","3":"status-publish","4":"has-post-thumbnail","6":"product_cat-atletico-madrid","7":"product_tag-atletico-madrid-2022-23","8":"product_tag-atletico-madrid-fussballtrikot","9":"product_tag-atletico-madrid-heimtrikot","10":"product_tag-atletico-madrid-trikot","11":"product_tag-atletico-madrid-trikots","12":"product_tag-coole-fussballtrikots","13":"product_tag-fussballtrikot-fuer-herren","14":"product_tag-fussballtrikot-guenstig-kaufen","15":"product_tag-fussballtrikot-kurzarm","16":"product_tag-guenstiges-fussballtrikot","18":"first","19":"instock","20":"shipping-taxable","21":"purchasable","22":"product-type-variable"},"_links":{"self":[{"href":"https:\/\/www.billigtrikotde.com\/da\/wp-json\/wp\/v2\/product\/12466","targetHints":{"allow":["GET"]}}],"collection":[{"href":"https:\/\/www.billigtrikotde.com\/da\/wp-json\/wp\/v2\/product"}],"about":[{"href":"https:\/\/www.billigtrikotde.com\/da\/wp-json\/wp\/v2\/types\/product"}],"replies":[{"embeddable":true,"href":"https:\/\/www.billigtrikotde.com\/da\/wp-json\/wp\/v2\/comments?post=12466"}],"wp:featuredmedia":[{"embeddable":true,"href":"https:\/\/www.billigtrikotde.com\/da\/wp-json\/wp\/v2\/media\/12509"}],"wp:attachment":[{"href":"https:\/\/www.billigtrikotde.com\/da\/wp-json\/wp\/v2\/media?parent=12466"}],"wp:term":[{"taxonomy":"product_brand","embeddable":true,"href":"https:\/\/www.billigtrikotde.com\/da\/wp-json\/wp\/v2\/product_brand?post=12466"},{"taxonomy":"product_cat","embeddable":true,"href":"https:\/\/www.billigtrikotde.com\/da\/wp-json\/wp\/v2\/product_cat?post=12466"},{"taxonomy":"product_tag","embeddable":true,"href":"https:\/\/www.billigtrikotde.com\/da\/wp-json\/wp\/v2\/product_tag?post=12466"}],"curies":[{"name":"wp","href":"https:\/\/api.w.org\/{rel}","templated":true}]}}