{"id":1243,"date":"2024-10-23T13:21:59","date_gmt":"2024-10-23T11:21:59","guid":{"rendered":"http:\/\/billigtrikots.com\/?post_type=product&#038;p=1243"},"modified":"2024-10-23T13:24:03","modified_gmt":"2024-10-23T11:24:03","slug":"manchester-united-2022-fussballtrikot-shaw-23-heim-trikotsatz-rot-im-sale","status":"publish","type":"product","link":"https:\/\/www.billigtrikotde.com\/da\/vare\/manchester-united-2022-fussballtrikot-shaw-23-heim-trikotsatz-rot-im-sale\/","title":{"rendered":"Manchester United 2022 Fodboldtr\u00f8je SHAW 23 Home Kit r\u00f8d til salg"},"content":{"rendered":"<p>Vis dit holdsstolthed og st\u00f8t Manchester United i s\u00e6sonen 2021\/2022 i officielt a-didas hjemme-trikot til herrer. Fan-versionen af hjemme-tr\u00f8jen ligner den model, som United-professionelle b\u00e6rer p\u00e5 kampdage. Primegreen-materialet best\u00e5r af genanvendt polyester og sikrer takket v\u00e6re fugtighedsudledende AEROREADY-teknologi en behagelig, t\u00f8r f\u00f8lelse at have p\u00e5. Klub-emblemet p\u00e5 brystet underbygger, for hvilken klub dit hjerte sl\u00e5r.<\/p>\n<p>Tips til udskrivning: Hvis navn og nummer p\u00e5 billedet er pr\u00e6cis det, du \u00f8nsker, beh\u00f8ver du ikke at indtaste dem igen. Hvis ikke, skal du indtaste det \u00f8nskede navn og nummer.<\/p>\n<p>Tips til vask: Det anbefales at vaske fodboldtr\u00f8jer i h\u00e5nden. Hvis du vil bruge vaskemaskinen, skal du huske at vende vrangen ud p\u00e5 fodboldtr\u00f8jerne og derefter vaske dem. Fyld maskinen med koldt vand, og brug et sk\u00e5neprogram for bedre at beskytte farverne.<\/p>","protected":false},"excerpt":{"rendered":"<p>Zeige deinen Teamstolz und unterst\u00fctze Manchester United in der Saison 2021\/2022 im offiziellen a-didas Heimtrikot f\u00fcr Herren. Die Fan-Version des Home Jerseys sieht aus wie das Modell, das die United-Profis an Spieltagen tragen. Das Primegreen-Material besteht aus recyceltem Polyester und sorgt dank der feuchtigkeitsableitenden AEROREADY-Technologie f\u00fcr ein angenehm trockenes Tragegef\u00fchl. Das Vereinswappen auf der Brust [&hellip;]<\/p>","protected":false},"featured_media":1279,"comment_status":"open","ping_status":"closed","template":"","meta":[],"product_brand":[],"product_cat":[50],"product_tag":[20,21,22,23,54,24,52],"class_list":{"0":"post-1243","1":"product","2":"type-product","3":"status-publish","4":"has-post-thumbnail","6":"product_cat-manchester-united","7":"product_tag-coole-fussballtrikots","8":"product_tag-fussballtrikot-fuer-herren","9":"product_tag-fussballtrikot-guenstig-kaufen","10":"product_tag-fussballtrikot-kurzarm","11":"product_tag-fussballtrikot-set","12":"product_tag-guenstiges-fussballtrikot","13":"product_tag-manchester-united-trikots","15":"first","16":"instock","17":"shipping-taxable","18":"purchasable","19":"product-type-variable"},"_links":{"self":[{"href":"https:\/\/www.billigtrikotde.com\/da\/wp-json\/wp\/v2\/product\/1243","targetHints":{"allow":["GET"]}}],"collection":[{"href":"https:\/\/www.billigtrikotde.com\/da\/wp-json\/wp\/v2\/product"}],"about":[{"href":"https:\/\/www.billigtrikotde.com\/da\/wp-json\/wp\/v2\/types\/product"}],"replies":[{"embeddable":true,"href":"https:\/\/www.billigtrikotde.com\/da\/wp-json\/wp\/v2\/comments?post=1243"}],"wp:featuredmedia":[{"embeddable":true,"href":"https:\/\/www.billigtrikotde.com\/da\/wp-json\/wp\/v2\/media\/1279"}],"wp:attachment":[{"href":"https:\/\/www.billigtrikotde.com\/da\/wp-json\/wp\/v2\/media?parent=1243"}],"wp:term":[{"taxonomy":"product_brand","embeddable":true,"href":"https:\/\/www.billigtrikotde.com\/da\/wp-json\/wp\/v2\/product_brand?post=1243"},{"taxonomy":"product_cat","embeddable":true,"href":"https:\/\/www.billigtrikotde.com\/da\/wp-json\/wp\/v2\/product_cat?post=1243"},{"taxonomy":"product_tag","embeddable":true,"href":"https:\/\/www.billigtrikotde.com\/da\/wp-json\/wp\/v2\/product_tag?post=1243"}],"curies":[{"name":"wp","href":"https:\/\/api.w.org\/{rel}","templated":true}]}}