{"id":12235,"date":"2024-10-24T05:00:14","date_gmt":"2024-10-24T03:00:14","guid":{"rendered":"http:\/\/billigtrikots.com\/?post_type=product&#038;p=12235"},"modified":"2024-10-24T05:02:58","modified_gmt":"2024-10-24T03:02:58","slug":"neuen-fussballtrikots-portugal-heimtrikot-wm-2022-kurzarm-mit-aufdruck-r-leao-15","status":"publish","type":"product","link":"https:\/\/www.billigtrikotde.com\/da\/vare\/neuen-fussballtrikots-portugal-heimtrikot-wm-2022-kurzarm-mit-aufdruck-r-leao-15\/","title":{"rendered":"Nye Fodboldtr\u00f8jer Portugal Hjemmebanetr\u00f8je VM 2022 Kort\u00e6rmet med tryk R.LEAO 15"},"content":{"rendered":"<p>Et friskt, men klassisk look for Portugal: Nike Portugal 2022 udebanetr\u00f8jen kombinerer et cremehvidt grundm\u00f8nster med en marinebl\u00e5 Swoosh. Officielt er farverne \"Sail\/Obsidian\", mens \"Pepper Red\" er den tredje farve, og if\u00f8lge Nike blev den lidt m\u00f8rkere farve valgt, s\u00e5 portugiserne \"skiller sig ud i et hav af lyse hvide tr\u00f8jer\".<\/p>\n<p>Tips til udskrivning: Hvis navn og nummer p\u00e5 billedet er pr\u00e6cis det, du \u00f8nsker, beh\u00f8ver du ikke at indtaste dem igen. Hvis ikke, skal du indtaste det \u00f8nskede navn og nummer.<\/p>\n<p>Tips til vask: Det anbefales at vaske fodboldtr\u00f8jer i h\u00e5nden. Hvis du vil bruge vaskemaskinen, skal du huske at vende vrangen ud p\u00e5 fodboldtr\u00f8jerne og derefter vaske dem. Fyld maskinen med koldt vand, og brug et sk\u00e5neprogram for bedre at beskytte farverne.<\/p>","protected":false},"excerpt":{"rendered":"<p>Et friskt, men klassisk look for Portugal: Nike Portugal 2022 udebanetr\u00f8jen kombinerer et cremehvidt grundm\u00f8nster med en marinebl\u00e5 Swoosh. Officielt er farverne \"Sail\/Obsidian\", mens \"Pepper Red\" er den tredje farve, og if\u00f8lge Nike blev den lidt m\u00f8rkere farve valgt, s\u00e5 portugiserne \"skiller sig ud i et hav af lyse hvide tr\u00f8jer\".<\/p>","protected":false},"featured_media":12272,"comment_status":"open","ping_status":"closed","template":"","meta":[],"product_brand":[],"product_cat":[239],"product_tag":[20,222,21,23,24,470,473,474,471,347,472],"class_list":{"0":"post-12235","1":"product","2":"type-product","3":"status-publish","4":"has-post-thumbnail","6":"product_cat-portugal-trikots","7":"product_tag-coole-fussballtrikots","8":"product_tag-fussball-wm-2022-trikots","9":"product_tag-fussballtrikot-fuer-herren","10":"product_tag-fussballtrikot-kurzarm","11":"product_tag-guenstiges-fussballtrikot","12":"product_tag-herren-fussball-kurzarm","13":"product_tag-portugal-fussballtrikot","14":"product_tag-portugal-nationaltrikot","15":"product_tag-portugal-trikot","16":"product_tag-portugal-trikots","17":"product_tag-portugal-wm-2022-trikot","19":"first","20":"instock","21":"shipping-taxable","22":"purchasable","23":"product-type-variable"},"_links":{"self":[{"href":"https:\/\/www.billigtrikotde.com\/da\/wp-json\/wp\/v2\/product\/12235","targetHints":{"allow":["GET"]}}],"collection":[{"href":"https:\/\/www.billigtrikotde.com\/da\/wp-json\/wp\/v2\/product"}],"about":[{"href":"https:\/\/www.billigtrikotde.com\/da\/wp-json\/wp\/v2\/types\/product"}],"replies":[{"embeddable":true,"href":"https:\/\/www.billigtrikotde.com\/da\/wp-json\/wp\/v2\/comments?post=12235"}],"wp:featuredmedia":[{"embeddable":true,"href":"https:\/\/www.billigtrikotde.com\/da\/wp-json\/wp\/v2\/media\/12272"}],"wp:attachment":[{"href":"https:\/\/www.billigtrikotde.com\/da\/wp-json\/wp\/v2\/media?parent=12235"}],"wp:term":[{"taxonomy":"product_brand","embeddable":true,"href":"https:\/\/www.billigtrikotde.com\/da\/wp-json\/wp\/v2\/product_brand?post=12235"},{"taxonomy":"product_cat","embeddable":true,"href":"https:\/\/www.billigtrikotde.com\/da\/wp-json\/wp\/v2\/product_cat?post=12235"},{"taxonomy":"product_tag","embeddable":true,"href":"https:\/\/www.billigtrikotde.com\/da\/wp-json\/wp\/v2\/product_tag?post=12235"}],"curies":[{"name":"wp","href":"https:\/\/api.w.org\/{rel}","templated":true}]}}