{"id":12151,"date":"2024-10-24T04:55:18","date_gmt":"2024-10-24T02:55:18","guid":{"rendered":"http:\/\/billigtrikots.com\/?post_type=product&#038;p=12151"},"modified":"2024-10-24T04:57:53","modified_gmt":"2024-10-24T02:57:53","slug":"portugal-wm-2022-trikot-kurzarm-fussballtrikot-herren-sale","status":"publish","type":"product","link":"https:\/\/www.billigtrikotde.com\/da\/vare\/portugal-wm-2022-trikot-kurzarm-fussballtrikot-herren-sale\/","title":{"rendered":"Portugal World Cup 2022 Kort\u00e6rmet Fodboldtr\u00f8je M\u00e6nd Udsalg"},"content":{"rendered":"<p>Ein au\u00dfergew\u00f6hnlicher Look und ein Novum in der Geschichte der Mannschaft: Das Trikot f\u00fcr die Fu\u00dfball-WM 2022 in Portugal hat eine diagonale gr\u00fcne Grafik auf der Vorder- und R\u00fcckseite. Sie setzt sich sogar auf dem rechten \u00c4rmel fort. Dieser Look soll die Flagge imitieren, die um den K\u00f6rper gewickelt wird, hei\u00dft es in der offiziellen Pressemitteilung.Genau wie bei der Euro 2020 kombiniert Nike das Nike Portugal 2022 Trikot mit gr\u00fcnen Hosen. Die Stutzen des Portugal 2022 WM-Heimtrikots sind rot, mit einem gr\u00fcnen Umschlag und goldenen Logos.<\/p>\n<p>Tips til udskrivning: Hvis navn og nummer p\u00e5 billedet er pr\u00e6cis det, du \u00f8nsker, beh\u00f8ver du ikke at indtaste dem igen. Hvis ikke, skal du indtaste det \u00f8nskede navn og nummer.<\/p>\n<p>Tips til vask: Det anbefales at vaske fodboldtr\u00f8jer i h\u00e5nden. Hvis du vil bruge vaskemaskinen, skal du huske at vende vrangen ud p\u00e5 fodboldtr\u00f8jerne og derefter vaske dem. Fyld maskinen med koldt vand, og brug et sk\u00e5neprogram for bedre at beskytte farverne.<\/p>","protected":false},"excerpt":{"rendered":"<p>Et enest\u00e5ende look og en nyhed i holdets historie: Tr\u00f8jen til VM i fodbold 2022 i Portugal har et diagonalt gr\u00f8nt grafik p\u00e5 forsiden og bagsiden. Det forts\u00e6tter endda p\u00e5 den h\u00f8jre \u00e6rme. Dette look skal efterligne flaget, der er viklet om kroppen, siger den officielle pressemeddelelse.<\/p>","protected":false},"featured_media":12191,"comment_status":"open","ping_status":"closed","template":"","meta":[],"product_brand":[],"product_cat":[239],"product_tag":[20,222,21,23,24,470,471,347,472],"class_list":{"0":"post-12151","1":"product","2":"type-product","3":"status-publish","4":"has-post-thumbnail","6":"product_cat-portugal-trikots","7":"product_tag-coole-fussballtrikots","8":"product_tag-fussball-wm-2022-trikots","9":"product_tag-fussballtrikot-fuer-herren","10":"product_tag-fussballtrikot-kurzarm","11":"product_tag-guenstiges-fussballtrikot","12":"product_tag-herren-fussball-kurzarm","13":"product_tag-portugal-trikot","14":"product_tag-portugal-trikots","15":"product_tag-portugal-wm-2022-trikot","17":"first","18":"instock","19":"shipping-taxable","20":"purchasable","21":"product-type-variable"},"_links":{"self":[{"href":"https:\/\/www.billigtrikotde.com\/da\/wp-json\/wp\/v2\/product\/12151","targetHints":{"allow":["GET"]}}],"collection":[{"href":"https:\/\/www.billigtrikotde.com\/da\/wp-json\/wp\/v2\/product"}],"about":[{"href":"https:\/\/www.billigtrikotde.com\/da\/wp-json\/wp\/v2\/types\/product"}],"replies":[{"embeddable":true,"href":"https:\/\/www.billigtrikotde.com\/da\/wp-json\/wp\/v2\/comments?post=12151"}],"wp:featuredmedia":[{"embeddable":true,"href":"https:\/\/www.billigtrikotde.com\/da\/wp-json\/wp\/v2\/media\/12191"}],"wp:attachment":[{"href":"https:\/\/www.billigtrikotde.com\/da\/wp-json\/wp\/v2\/media?parent=12151"}],"wp:term":[{"taxonomy":"product_brand","embeddable":true,"href":"https:\/\/www.billigtrikotde.com\/da\/wp-json\/wp\/v2\/product_brand?post=12151"},{"taxonomy":"product_cat","embeddable":true,"href":"https:\/\/www.billigtrikotde.com\/da\/wp-json\/wp\/v2\/product_cat?post=12151"},{"taxonomy":"product_tag","embeddable":true,"href":"https:\/\/www.billigtrikotde.com\/da\/wp-json\/wp\/v2\/product_tag?post=12151"}],"curies":[{"name":"wp","href":"https:\/\/api.w.org\/{rel}","templated":true}]}}