{"id":12032,"date":"2024-10-24T04:48:10","date_gmt":"2024-10-24T02:48:10","guid":{"rendered":"http:\/\/billigtrikots.com\/?post_type=product&#038;p=12032"},"modified":"2024-10-24T04:50:51","modified_gmt":"2024-10-24T02:50:51","slug":"herren-borussia-dortmund-bvb-auswaertstrikot-2022-23-guenstig-fussballtrikots-set","status":"publish","type":"product","link":"https:\/\/www.billigtrikotde.com\/da\/vare\/herren-borussia-dortmund-bvb-auswaertstrikot-2022-23-guenstig-fussballtrikots-set\/","title":{"rendered":"Borussia Dortmund BVB Udebanetr\u00f8je 2022\/23 til m\u00e6nd Billigt fodboldtr\u00f8jes\u00e6t"},"content":{"rendered":"<p>S\u00f8rg for opm\u00e6rksomhed. Hjemme- og udebanematch m\u00f8des i udebanetr\u00f8jen 2022\/23 fra Borussia Dortmund. Tr\u00f8jen er en hyldest til de mest tosset fans. Den har farvekoordinerede grafikere, der minder om flag og bannere, der pryder tribunerne, n\u00e5r BVB spiller, uanset hvor eller hvorn\u00e5r \u2013 og uanset hvad der sker. Heja BVB!<\/p>\n<p>Tips til udskrivning: Hvis navn og nummer p\u00e5 billedet er pr\u00e6cis det, du \u00f8nsker, beh\u00f8ver du ikke at indtaste dem igen. Hvis ikke, skal du indtaste det \u00f8nskede navn og nummer.<\/p>\n<p>Tips til vask: Det anbefales at vaske fodboldtr\u00f8jer i h\u00e5nden. Hvis du vil bruge vaskemaskinen, skal du huske at vende vrangen ud p\u00e5 fodboldtr\u00f8jerne og derefter vaske dem. Fyld maskinen med koldt vand, og brug et sk\u00e5neprogram for bedre at beskytte farverne.<\/p>","protected":false},"excerpt":{"rendered":"<p>S\u00f8rg for opm\u00e6rksomhed. Hjemme- og udebanematch m\u00f8des i udebanetr\u00f8jen 2022\/23 fra Borussia Dortmund. Tr\u00f8jen er en hyldest til de mest tosset fans. Den har farvekoordinerede grafikere, der minder om flag og bannere, der pryder tribunerne, n\u00e5r BVB spiller, uanset hvor eller hvorn\u00e5r \u2013 og uanset hvad der sker. Heja BVB!<\/p>","protected":false},"featured_media":12073,"comment_status":"open","ping_status":"closed","template":"","meta":[],"product_brand":[],"product_cat":[63],"product_tag":[20,68,65,66,67,21,22,23,24],"class_list":{"0":"post-12032","1":"product","2":"type-product","3":"status-publish","4":"has-post-thumbnail","6":"product_cat-borussia-dortmund","7":"product_tag-coole-fussballtrikots","8":"product_tag-borussia-dortmund-auswaertstrikot","9":"product_tag-borussia-dortmund-trikots","10":"product_tag-bvb-trikots","11":"product_tag-fussball-trikotsatz","12":"product_tag-fussballtrikot-fuer-herren","13":"product_tag-fussballtrikot-guenstig-kaufen","14":"product_tag-fussballtrikot-kurzarm","15":"product_tag-guenstiges-fussballtrikot","17":"first","18":"instock","19":"shipping-taxable","20":"purchasable","21":"product-type-variable"},"_links":{"self":[{"href":"https:\/\/www.billigtrikotde.com\/da\/wp-json\/wp\/v2\/product\/12032","targetHints":{"allow":["GET"]}}],"collection":[{"href":"https:\/\/www.billigtrikotde.com\/da\/wp-json\/wp\/v2\/product"}],"about":[{"href":"https:\/\/www.billigtrikotde.com\/da\/wp-json\/wp\/v2\/types\/product"}],"replies":[{"embeddable":true,"href":"https:\/\/www.billigtrikotde.com\/da\/wp-json\/wp\/v2\/comments?post=12032"}],"wp:featuredmedia":[{"embeddable":true,"href":"https:\/\/www.billigtrikotde.com\/da\/wp-json\/wp\/v2\/media\/12073"}],"wp:attachment":[{"href":"https:\/\/www.billigtrikotde.com\/da\/wp-json\/wp\/v2\/media?parent=12032"}],"wp:term":[{"taxonomy":"product_brand","embeddable":true,"href":"https:\/\/www.billigtrikotde.com\/da\/wp-json\/wp\/v2\/product_brand?post=12032"},{"taxonomy":"product_cat","embeddable":true,"href":"https:\/\/www.billigtrikotde.com\/da\/wp-json\/wp\/v2\/product_cat?post=12032"},{"taxonomy":"product_tag","embeddable":true,"href":"https:\/\/www.billigtrikotde.com\/da\/wp-json\/wp\/v2\/product_tag?post=12032"}],"curies":[{"name":"wp","href":"https:\/\/api.w.org\/{rel}","templated":true}]}}