{"id":11966,"date":"2024-10-24T04:44:13","date_gmt":"2024-10-24T02:44:13","guid":{"rendered":"http:\/\/billigtrikots.com\/?post_type=product&#038;p=11966"},"modified":"2025-10-16T16:03:40","modified_gmt":"2025-10-16T14:03:40","slug":"herren-real-madrid-2022-2023-auswaertstrikots-bestellen-mit-aufdruck-i-cisillas-1","status":"publish","type":"product","link":"https:\/\/www.billigtrikotde.com\/da\/vare\/herren-real-madrid-2022-2023-auswaertstrikots-bestellen-mit-aufdruck-i-cisillas-1\/","title":{"rendered":"Bestil Real Madrid 2022-2023 udebanetr\u00f8jer til m\u00e6nd med tryk I.CISILLAS 1"},"content":{"rendered":"<p>Adidas Real Madrid 2022-23 udebanetr\u00f8jen er lilla. Den officielle farve er \"Light Purple\", som ogs\u00e5 kan ses p\u00e5 22-23-tr\u00f8jen.<\/p>\n<p>Forsiden og \u00e6rmerne p\u00e5 Real Madrids udebanetr\u00f8je 2022-2023 har et subtilt geometrisk print best\u00e5ende af diagonale fliser.<\/p>\n<p>Adidas kombinerer den lyse hovedfarve p\u00e5 Real Madrids 22-23 udebanetr\u00f8je med \"Night Navy\", en meget m\u00f8rk marinebl\u00e5. Denne farve er brugt til kraven, manchetterne og al branding, inklusive det nydesignede klubv\u00e5ben p\u00e5 venstre bryst.<\/p>\n<p>Tips til udskrivning: Hvis navn og nummer p\u00e5 billedet er pr\u00e6cis det, du \u00f8nsker, beh\u00f8ver du ikke at indtaste dem igen. Hvis ikke, skal du indtaste det \u00f8nskede navn og nummer.<\/p>\n<p>Tips til vask: Det anbefales at vaske fodboldtr\u00f8jer i h\u00e5nden. Hvis du vil bruge vaskemaskinen, skal du huske at vende vrangen ud p\u00e5 fodboldtr\u00f8jerne og derefter vaske dem. Fyld maskinen med koldt vand, og brug et sk\u00e5neprogram for bedre at beskytte farverne.<\/p>","protected":false},"excerpt":{"rendered":"<p>Adidas Real Madrid 2022-23 udebanetr\u00f8je er lilla. Den officielle farve er \u201eLight Purple\u201c, som ogs\u00e5 ses p\u00e5 22-23-tr\u00f8jen. P\u00e5 forsiden og \u00e6rmerne af Real Madrid 2022-2023 udebanetr\u00f8jen er der et diskret geometrisk tryk, der best\u00e5r af diagonale fliser. Adidas kombinerer den lyse hovedfarve af Real Madrid 22-23 udebanetr\u00f8jen [\u2026]<\/p>","protected":false},"featured_media":12004,"comment_status":"open","ping_status":"closed","template":"","meta":[],"product_brand":[],"product_cat":[45],"product_tag":[20,38,21,22,23,228,24,291,49,271,47,268],"class_list":{"0":"post-11966","1":"product","2":"type-product","3":"status-publish","4":"has-post-thumbnail","6":"product_cat-real-madrid","7":"product_tag-coole-fussballtrikots","8":"product_tag-fussball-trikot-langarm","9":"product_tag-fussballtrikot-fuer-herren","10":"product_tag-fussballtrikot-guenstig-kaufen","11":"product_tag-fussballtrikot-kurzarm","12":"product_tag-guenstige-fussballtrikot","13":"product_tag-guenstiges-fussballtrikot","14":"product_tag-real-madrid-2022-2023-auswaertstrikots","15":"product_tag-real-madrid-auswaertstrikot","16":"product_tag-real-madrid-trikot-herren-guenstig","17":"product_tag-real-madrid-trikots","18":"product_tag-real-madrid-trikots-22-23","20":"first","21":"instock","22":"shipping-taxable","23":"purchasable","24":"product-type-variable"},"_links":{"self":[{"href":"https:\/\/www.billigtrikotde.com\/da\/wp-json\/wp\/v2\/product\/11966","targetHints":{"allow":["GET"]}}],"collection":[{"href":"https:\/\/www.billigtrikotde.com\/da\/wp-json\/wp\/v2\/product"}],"about":[{"href":"https:\/\/www.billigtrikotde.com\/da\/wp-json\/wp\/v2\/types\/product"}],"replies":[{"embeddable":true,"href":"https:\/\/www.billigtrikotde.com\/da\/wp-json\/wp\/v2\/comments?post=11966"}],"wp:featuredmedia":[{"embeddable":true,"href":"https:\/\/www.billigtrikotde.com\/da\/wp-json\/wp\/v2\/media\/12004"}],"wp:attachment":[{"href":"https:\/\/www.billigtrikotde.com\/da\/wp-json\/wp\/v2\/media?parent=11966"}],"wp:term":[{"taxonomy":"product_brand","embeddable":true,"href":"https:\/\/www.billigtrikotde.com\/da\/wp-json\/wp\/v2\/product_brand?post=11966"},{"taxonomy":"product_cat","embeddable":true,"href":"https:\/\/www.billigtrikotde.com\/da\/wp-json\/wp\/v2\/product_cat?post=11966"},{"taxonomy":"product_tag","embeddable":true,"href":"https:\/\/www.billigtrikotde.com\/da\/wp-json\/wp\/v2\/product_tag?post=11966"}],"curies":[{"name":"wp","href":"https:\/\/api.w.org\/{rel}","templated":true}]}}