{"id":11947,"date":"2024-10-24T04:43:03","date_gmt":"2024-10-24T02:43:03","guid":{"rendered":"http:\/\/billigtrikots.com\/?post_type=product&#038;p=11947"},"modified":"2024-10-24T04:45:49","modified_gmt":"2024-10-24T02:45:49","slug":"herren-fc-barcelona-22-23-viertes-trikot-kurzarm-fussballtrikot-selbst-gestalten","status":"publish","type":"product","link":"https:\/\/www.billigtrikotde.com\/da\/vare\/herren-fc-barcelona-22-23-viertes-trikot-kurzarm-fussballtrikot-selbst-gestalten\/","title":{"rendered":"FC Barcelona 22-23 Fourth Shirt kort\u00e6rmet fodboldtr\u00f8je med tryk til m\u00e6nd"},"content":{"rendered":"<p>Den nye fjerde tr\u00f8je for FC Barcelona til s\u00e6sonen 22-23 blev pr\u00e6senteret under sloganet \u201c + Catalunya + Bar\u00e7a\u201c. Den formidler \u00e5nden af Bar\u00e7a og stolthed over at stamme fra Barcelona og Catalonien. Tr\u00f8jen er inspireret af kaptajnarmb\u00e5ndet og vil for f\u00f8rste gang blive b\u00e5ret i en officiel kamp mod FC Girona i Montilivi n\u00e6ste l\u00f8rdag.<br \/>\nNike Barcelona 22-23 fjerde tr\u00f8je kombinerer farverne i Senyera, gul og r\u00f8d, med bl\u00e5. FC Barcelonas badge og Spotify-logoet er placeret i midten, mens der p\u00e5 hver \u00e6rme er et Swoosh. Det mest i\u00f8jnefaldende element i den fjerde Barcelona-tr\u00f8je er Senyera-flaget (fjerde r\u00f8de stribe p\u00e5 gul baggrund) p\u00e5 den \u00f8verste front. Det er det samme, der ogs\u00e5 ses p\u00e5 kaptajnarmb\u00e5ndet. De bl\u00e5gr\u00f8nne \u00e6rmekanter giver Nike Bar\u00e7a 22-23 4th tr\u00f8jen et ekstra pr\u00e6g. Den fjerde tr\u00f8je fra Barcelona 22-23 har et lignende m\u00f8nster som USA's tr\u00f8je til VM 2022.<\/p>\n<p>Tips til udskrivning: Hvis navn og nummer p\u00e5 billedet er pr\u00e6cis det, du \u00f8nsker, beh\u00f8ver du ikke at indtaste dem igen. Hvis ikke, skal du indtaste det \u00f8nskede navn og nummer.<\/p>\n<p>Tips til vask: Det anbefales at vaske fodboldtr\u00f8jer i h\u00e5nden. Hvis du vil bruge vaskemaskinen, skal du huske at vende vrangen ud p\u00e5 fodboldtr\u00f8jerne og derefter vaske dem. Fyld maskinen med koldt vand, og brug et sk\u00e5neprogram for bedre at beskytte farverne.<\/p>","protected":false},"excerpt":{"rendered":"<p>Das neue vierte Trikot des FC Barcelona f\u00fcr die Saison 22-23 wurde unter dem Slogan \u201c + Catalunya + Bar\u00e7a\u201c vorgestellt. Es vermittelt den Geist von Bar\u00e7a und den Stolz, aus Barcelona und Katalonien zu stammen. Das Trikot ist von der Kapit\u00e4nsbinde inspiriert und wird zum ersten Mal in einem Pflichtspiel gegen den FC Girona [&hellip;]<\/p>","protected":false},"featured_media":11984,"comment_status":"open","ping_status":"closed","template":"","meta":[],"product_brand":[],"product_cat":[31],"product_tag":[457,20,458,33,21,22,426,24,345],"class_list":{"0":"post-11947","1":"product","2":"type-product","3":"status-publish","4":"has-post-thumbnail","6":"product_cat-fc-barcelona","7":"product_tag-barcelona-22-23-vierte-trikot","8":"product_tag-coole-fussballtrikots","9":"product_tag-fc-barcelona-trikot","10":"product_tag-fc-barcelona-trikots","11":"product_tag-fussballtrikot-fuer-herren","12":"product_tag-fussballtrikot-guenstig-kaufen","13":"product_tag-fussballtrikots-kurzarm","14":"product_tag-guenstiges-fussballtrikot","15":"product_tag-neuen-fc-barcelona-trikots","17":"first","18":"instock","19":"shipping-taxable","20":"purchasable","21":"product-type-variable"},"_links":{"self":[{"href":"https:\/\/www.billigtrikotde.com\/da\/wp-json\/wp\/v2\/product\/11947","targetHints":{"allow":["GET"]}}],"collection":[{"href":"https:\/\/www.billigtrikotde.com\/da\/wp-json\/wp\/v2\/product"}],"about":[{"href":"https:\/\/www.billigtrikotde.com\/da\/wp-json\/wp\/v2\/types\/product"}],"replies":[{"embeddable":true,"href":"https:\/\/www.billigtrikotde.com\/da\/wp-json\/wp\/v2\/comments?post=11947"}],"wp:featuredmedia":[{"embeddable":true,"href":"https:\/\/www.billigtrikotde.com\/da\/wp-json\/wp\/v2\/media\/11984"}],"wp:attachment":[{"href":"https:\/\/www.billigtrikotde.com\/da\/wp-json\/wp\/v2\/media?parent=11947"}],"wp:term":[{"taxonomy":"product_brand","embeddable":true,"href":"https:\/\/www.billigtrikotde.com\/da\/wp-json\/wp\/v2\/product_brand?post=11947"},{"taxonomy":"product_cat","embeddable":true,"href":"https:\/\/www.billigtrikotde.com\/da\/wp-json\/wp\/v2\/product_cat?post=11947"},{"taxonomy":"product_tag","embeddable":true,"href":"https:\/\/www.billigtrikotde.com\/da\/wp-json\/wp\/v2\/product_tag?post=11947"}],"curies":[{"name":"wp","href":"https:\/\/api.w.org\/{rel}","templated":true}]}}