{"id":11925,"date":"2024-10-24T04:41:47","date_gmt":"2024-10-24T02:41:47","guid":{"rendered":"http:\/\/billigtrikots.com\/?post_type=product&#038;p=11925"},"modified":"2025-06-09T04:42:28","modified_gmt":"2025-06-09T02:42:28","slug":"fussballtrikots-im-sale-arsenal-auswaertstrikot-2023-schwarz-goldene-fuer-herren-saka-7","status":"publish","type":"product","link":"https:\/\/www.billigtrikotde.com\/da\/vare\/fussballtrikots-im-sale-arsenal-auswaertstrikot-2023-schwarz-goldene-fuer-herren-saka-7\/","title":{"rendered":"Fodboldtr\u00f8jer p\u00e5 udsalg Arsenal udebanes\u00e6t 2023 sort og guld til herrer SAKA 7"},"content":{"rendered":"<p>Arsenal 22-23 udebanetr\u00f8jen pr\u00e6senteres i et klassisk look i sort med bronze metallic detaljer.Adidas Arsenal 22-23 udebanetr\u00f8jen er sort, kombineret med guld metallic til alle logoer og gr\u00e5 til de 3 striber p\u00e5 skuldrene.For at fuldf\u00f8re det undervurderede look er Arsenal 2022-23 f\u00e6rdig med et svagt abstrakt geometrisk tryk p\u00e5 forsiden og \u00e6rmerne. Denne grafik best\u00e5r af bogstaverne AFC, hvis skrifttype er direkte inspireret af Arsenal-bogstaverne, som fans passerer p\u00e5 vej til Emirates Stadium.<\/p>\n<p>Tips til udskrivning: Hvis navn og nummer p\u00e5 billedet er pr\u00e6cis det, du \u00f8nsker, beh\u00f8ver du ikke at indtaste dem igen. Hvis ikke, skal du indtaste det \u00f8nskede navn og nummer.<\/p>\n<p>Tips til vask: Det anbefales at vaske fodboldtr\u00f8jer i h\u00e5nden. Hvis du vil bruge vaskemaskinen, skal du huske at vende vrangen ud p\u00e5 fodboldtr\u00f8jerne og derefter vaske dem. Fyld maskinen med koldt vand, og brug et sk\u00e5neprogram for bedre at beskytte farverne.<\/p>","protected":false},"excerpt":{"rendered":"<p>Arsenal 22-23 udebanetr\u00f8je pr\u00e6senterer sig i et elegant look i sort med bronze-metalliske detaljer. Adidas Arsenal 22-23 udebanetr\u00f8je er sort, kombineret med guld-metallic til alle logoer og gr\u00e5 til de 3 striber p\u00e5 skuldrene. For at fuldende det diskrete look er Arsenal 2022-23 med et svagt abstrakt geometrisk tryk p\u00e5 forsiden og de [\u2026]<\/p>","protected":false},"featured_media":11963,"comment_status":"open","ping_status":"closed","template":"","meta":[],"product_brand":[],"product_cat":[55],"product_tag":[451,20,21,22,23,54,24],"class_list":{"0":"post-11925","1":"product","2":"type-product","3":"status-publish","4":"has-post-thumbnail","6":"product_cat-arsenal","7":"product_tag-arsenal-22-23-auswaertstrikot","8":"product_tag-coole-fussballtrikots","9":"product_tag-fussballtrikot-fuer-herren","10":"product_tag-fussballtrikot-guenstig-kaufen","11":"product_tag-fussballtrikot-kurzarm","12":"product_tag-fussballtrikot-set","13":"product_tag-guenstiges-fussballtrikot","15":"first","16":"instock","17":"shipping-taxable","18":"purchasable","19":"product-type-variable"},"_links":{"self":[{"href":"https:\/\/www.billigtrikotde.com\/da\/wp-json\/wp\/v2\/product\/11925","targetHints":{"allow":["GET"]}}],"collection":[{"href":"https:\/\/www.billigtrikotde.com\/da\/wp-json\/wp\/v2\/product"}],"about":[{"href":"https:\/\/www.billigtrikotde.com\/da\/wp-json\/wp\/v2\/types\/product"}],"replies":[{"embeddable":true,"href":"https:\/\/www.billigtrikotde.com\/da\/wp-json\/wp\/v2\/comments?post=11925"}],"wp:featuredmedia":[{"embeddable":true,"href":"https:\/\/www.billigtrikotde.com\/da\/wp-json\/wp\/v2\/media\/11963"}],"wp:attachment":[{"href":"https:\/\/www.billigtrikotde.com\/da\/wp-json\/wp\/v2\/media?parent=11925"}],"wp:term":[{"taxonomy":"product_brand","embeddable":true,"href":"https:\/\/www.billigtrikotde.com\/da\/wp-json\/wp\/v2\/product_brand?post=11925"},{"taxonomy":"product_cat","embeddable":true,"href":"https:\/\/www.billigtrikotde.com\/da\/wp-json\/wp\/v2\/product_cat?post=11925"},{"taxonomy":"product_tag","embeddable":true,"href":"https:\/\/www.billigtrikotde.com\/da\/wp-json\/wp\/v2\/product_tag?post=11925"}],"curies":[{"name":"wp","href":"https:\/\/api.w.org\/{rel}","templated":true}]}}