{"id":11889,"date":"2024-10-24T04:40:00","date_gmt":"2024-10-24T02:40:00","guid":{"rendered":"http:\/\/billigtrikots.com\/?post_type=product&#038;p=11889"},"modified":"2024-10-24T04:42:13","modified_gmt":"2024-10-24T02:42:13","slug":"herren-inter-mailand-2022-23-drittes-trikot-gelbe-fussballtrikots-trikotsatz-online-bestellen","status":"publish","type":"product","link":"https:\/\/www.billigtrikotde.com\/da\/vare\/herren-inter-mailand-2022-23-drittes-trikot-gelbe-fussballtrikots-trikotsatz-online-bestellen\/","title":{"rendered":"Herre Inter Milan 2022-23 Tredjetr\u00f8je Gul Fodboldtr\u00f8jer S\u00e6t Bestil Online"},"content":{"rendered":"<p>Det tredje s\u00e6t Nike Football Club Internazionale Milano 2022-23 kombinerer en levende gul hovedfarve med sorte logoer. Officielt hedder farverne \u201eDynamic Yellow \/ Black\u201c. Lysebl\u00e5 fuldender det enkle look i form af afslutninger ved \u00e6rmernes ribkant og ved halsudsk\u00e6ringen. Alt i alt er det et meget enkelt, levende look uden avancerede grafiske m\u00f8nstre.<\/p>\n<p>Tips til udskrivning: Hvis navn og nummer p\u00e5 billedet er pr\u00e6cis det, du \u00f8nsker, beh\u00f8ver du ikke at indtaste dem igen. Hvis ikke, skal du indtaste det \u00f8nskede navn og nummer.<\/p>\n<p>Tips til vask: Det anbefales at vaske fodboldtr\u00f8jer i h\u00e5nden. Hvis du vil bruge vaskemaskinen, skal du huske at vende vrangen ud p\u00e5 fodboldtr\u00f8jerne og derefter vaske dem. Fyld maskinen med koldt vand, og brug et sk\u00e5neprogram for bedre at beskytte farverne.<\/p>","protected":false},"excerpt":{"rendered":"<p>Det tredje s\u00e6t Nike Football Club Internazionale Milano 2022-23 kombinerer en levende gul hovedfarve med sorte logoer. Officielt hedder farverne \u201eDynamic Yellow \/ Black\u201c. Lysebl\u00e5 fuldender det enkle look i form af afslutninger ved \u00e6rmernes ribkant og ved halsudsk\u00e6ringen. Alt i alt er det et meget enkelt, levende look uden avancerede grafiske m\u00f8nstre.<\/p>","protected":false},"featured_media":11928,"comment_status":"open","ping_status":"closed","template":"","meta":[],"product_brand":[],"product_cat":[77],"product_tag":[20,21,22,23,24,449,78],"class_list":{"0":"post-11889","1":"product","2":"type-product","3":"status-publish","4":"has-post-thumbnail","6":"product_cat-inter-milan","7":"product_tag-coole-fussballtrikots","8":"product_tag-fussballtrikot-fuer-herren","9":"product_tag-fussballtrikot-guenstig-kaufen","10":"product_tag-fussballtrikot-kurzarm","11":"product_tag-guenstiges-fussballtrikot","12":"product_tag-inter-mailand-2022-23-drittes-trikot","13":"product_tag-inter-milan-trikots","15":"first","16":"instock","17":"shipping-taxable","18":"purchasable","19":"product-type-variable"},"_links":{"self":[{"href":"https:\/\/www.billigtrikotde.com\/da\/wp-json\/wp\/v2\/product\/11889","targetHints":{"allow":["GET"]}}],"collection":[{"href":"https:\/\/www.billigtrikotde.com\/da\/wp-json\/wp\/v2\/product"}],"about":[{"href":"https:\/\/www.billigtrikotde.com\/da\/wp-json\/wp\/v2\/types\/product"}],"replies":[{"embeddable":true,"href":"https:\/\/www.billigtrikotde.com\/da\/wp-json\/wp\/v2\/comments?post=11889"}],"wp:featuredmedia":[{"embeddable":true,"href":"https:\/\/www.billigtrikotde.com\/da\/wp-json\/wp\/v2\/media\/11928"}],"wp:attachment":[{"href":"https:\/\/www.billigtrikotde.com\/da\/wp-json\/wp\/v2\/media?parent=11889"}],"wp:term":[{"taxonomy":"product_brand","embeddable":true,"href":"https:\/\/www.billigtrikotde.com\/da\/wp-json\/wp\/v2\/product_brand?post=11889"},{"taxonomy":"product_cat","embeddable":true,"href":"https:\/\/www.billigtrikotde.com\/da\/wp-json\/wp\/v2\/product_cat?post=11889"},{"taxonomy":"product_tag","embeddable":true,"href":"https:\/\/www.billigtrikotde.com\/da\/wp-json\/wp\/v2\/product_tag?post=11889"}],"curies":[{"name":"wp","href":"https:\/\/api.w.org\/{rel}","templated":true}]}}