{"id":11688,"date":"2024-10-24T04:28:27","date_gmt":"2024-10-24T02:28:27","guid":{"rendered":"http:\/\/billigtrikots.com\/?post_type=product&#038;p=11688"},"modified":"2024-10-24T04:30:41","modified_gmt":"2024-10-24T02:30:41","slug":"herren-liverpool-22-23-drittes-trikot-gruene-fussballtrikots-kurzarm-kurze-hosen","status":"publish","type":"product","link":"https:\/\/www.billigtrikotde.com\/da\/vare\/herren-liverpool-22-23-drittes-trikot-gruene-fussballtrikots-kurzarm-kurze-hosen\/","title":{"rendered":"Mens Liverpool 22-23 Third Kit Green Fodboldtr\u00f8jer Kort\u00e6rmet + Shorts"},"content":{"rendered":"<p>Det tredje tr\u00f8je fra Nike Liverpool 2022-2023 kombinerer en m\u00f8rk tealfarvet base med lyse tealfarvede og i\u00f8jnefaldende r\u00f8de logoer. Officielt er farverne p\u00e5 Liverpools tredje tr\u00f8je 22-23 \u201eDark Atomic Teal \/ Rio Teal \/ Siren Red\u201c. Alle logoer p\u00e5 den nye tredje Liverpool-tr\u00f8je er lysende r\u00f8de, mens der p\u00e5 forsiden, bagsiden og \u00e6rmerne er et afd\u00e6mpet b\u00f8lgem\u00f8nster. Grafikken er ens, men ikke identisk med den p\u00e5 Liverpools udebanetr\u00f8je 2022-23.<\/p>\n<p>Tips til udskrivning: Hvis navn og nummer p\u00e5 billedet er pr\u00e6cis det, du \u00f8nsker, beh\u00f8ver du ikke at indtaste dem igen. Hvis ikke, skal du indtaste det \u00f8nskede navn og nummer.<\/p>\n<p>Tips til vask: Det anbefales at vaske fodboldtr\u00f8jer i h\u00e5nden. Hvis du vil bruge vaskemaskinen, skal du huske at vende vrangen ud p\u00e5 fodboldtr\u00f8jerne og derefter vaske dem. Fyld maskinen med koldt vand, og brug et sk\u00e5neprogram for bedre at beskytte farverne.<\/p>","protected":false},"excerpt":{"rendered":"<p>Das dritte Trikot von Nike Liverpool 2022-2023 kombiniert eine dunkle tealfarbene Basis mit hellen tealfarbenen und auff\u00e4lligen roten Logos. Offiziell sind die Farben des dritten Trikots von Liverpool 22-23 &#8222;Dark Atomic Teal \/ Rio Teal \/ Siren Red&#8220;.Alle Logos auf dem neuen dritten Liverpooler Trikot sind leuchtend rot, w\u00e4hrend es auf der Vorderseite, dem R\u00fccken [&hellip;]<\/p>","protected":false},"featured_media":11728,"comment_status":"open","ping_status":"closed","template":"","meta":[],"product_brand":[],"product_cat":[176],"product_tag":[20,21,22,23,24,444,153,370],"class_list":{"0":"post-11688","1":"product","2":"type-product","3":"status-publish","4":"has-post-thumbnail","6":"product_cat-liverpool-fc","7":"product_tag-coole-fussballtrikots","8":"product_tag-fussballtrikot-fuer-herren","9":"product_tag-fussballtrikot-guenstig-kaufen","10":"product_tag-fussballtrikot-kurzarm","11":"product_tag-guenstiges-fussballtrikot","12":"product_tag-liverpool-22-23-drittes-trikot","13":"product_tag-liverpool-trikots","14":"product_tag-liverpool-trikots-22-23","16":"first","17":"instock","18":"shipping-taxable","19":"purchasable","20":"product-type-variable"},"_links":{"self":[{"href":"https:\/\/www.billigtrikotde.com\/da\/wp-json\/wp\/v2\/product\/11688","targetHints":{"allow":["GET"]}}],"collection":[{"href":"https:\/\/www.billigtrikotde.com\/da\/wp-json\/wp\/v2\/product"}],"about":[{"href":"https:\/\/www.billigtrikotde.com\/da\/wp-json\/wp\/v2\/types\/product"}],"replies":[{"embeddable":true,"href":"https:\/\/www.billigtrikotde.com\/da\/wp-json\/wp\/v2\/comments?post=11688"}],"wp:featuredmedia":[{"embeddable":true,"href":"https:\/\/www.billigtrikotde.com\/da\/wp-json\/wp\/v2\/media\/11728"}],"wp:attachment":[{"href":"https:\/\/www.billigtrikotde.com\/da\/wp-json\/wp\/v2\/media?parent=11688"}],"wp:term":[{"taxonomy":"product_brand","embeddable":true,"href":"https:\/\/www.billigtrikotde.com\/da\/wp-json\/wp\/v2\/product_brand?post=11688"},{"taxonomy":"product_cat","embeddable":true,"href":"https:\/\/www.billigtrikotde.com\/da\/wp-json\/wp\/v2\/product_cat?post=11688"},{"taxonomy":"product_tag","embeddable":true,"href":"https:\/\/www.billigtrikotde.com\/da\/wp-json\/wp\/v2\/product_tag?post=11688"}],"curies":[{"name":"wp","href":"https:\/\/api.w.org\/{rel}","templated":true}]}}