{"id":11682,"date":"2024-10-24T04:27:53","date_gmt":"2024-10-24T02:27:53","guid":{"rendered":"http:\/\/billigtrikots.com\/?post_type=product&#038;p=11682"},"modified":"2024-10-24T04:30:40","modified_gmt":"2024-10-24T02:30:40","slug":"personalisierbar-kinderheim-trikot-atletico-madrid-22-23-kurzarm-kurze-hosen","status":"publish","type":"product","link":"https:\/\/www.billigtrikotde.com\/da\/vare\/personalisierbar-kinderheim-trikot-atletico-madrid-22-23-kurzarm-kurze-hosen\/","title":{"rendered":"Hjemmebanetr\u00f8je til b\u00f8rn Atl\u00e9tico Madrid 22-23 med kort \u00e6rme + shorts"},"content":{"rendered":"<p>Nike Atl\u00e9tico 2022-2023 Jersey har en ny fortolkning af klubbens traditionelle hvide og r\u00f8de striber. Nike Atl\u00e9tico Madrid 22-23 Jersey kommer med b\u00f8lgende striber.<br \/>\nS\u00e5danne vinkende striber har Atl\u00e9tico aldrig haft f\u00f8r \u2013 det er en premi\u00e9re i klubbens historie. If\u00f8lge pressemeddelelserne er de m\u00e6rkelige striber p\u00e5 den nye tr\u00f8je inspireret af floden Manzanares. Bagsiden af den nye Atl\u00e9tico 22-23-tr\u00f8je er prim\u00e6rt r\u00f8d med en marinebl\u00e5 stribe i kraven\/\u00f8verst. Det spanske flag er trykt under kraven.<\/p>\n<p>Tips til udskrivning: Hvis navn og nummer p\u00e5 billedet er pr\u00e6cis det, du \u00f8nsker, beh\u00f8ver du ikke at indtaste dem igen. Hvis ikke, skal du indtaste det \u00f8nskede navn og nummer.<\/p>\n<p>Tips til vask: Det anbefales at vaske fodboldtr\u00f8jer i h\u00e5nden. Hvis du vil bruge vaskemaskinen, skal du huske at vende vrangen ud p\u00e5 fodboldtr\u00f8jerne og derefter vaske dem. Fyld maskinen med koldt vand, og brug et sk\u00e5neprogram for bedre at beskytte farverne.<\/p>","protected":false},"excerpt":{"rendered":"<p>Das Nike Atl\u00e9tico 2022-2023 Trikot zeigt eine neue Interpretation der traditionellen wei\u00df-roten Streifen des Vereins. Das Nike Atl\u00e9tico Madrid 22-23 Trikot kommt mit winkenden Streifen. Solche winkenden Streifen hat es bei Atletico noch nie gegeben &#8211; es ist eine Premiere in der Vereinsgeschichte. Laut der Pressemitteilung sind die seltsamen Streifen auf dem neuen Trikot vom [&hellip;]<\/p>","protected":false},"featured_media":11720,"comment_status":"open","ping_status":"closed","template":"","meta":[],"product_brand":[],"product_cat":[157],"product_tag":[442,89,90,158,20,443,215,21,24,94],"class_list":{"0":"post-11682","1":"product","2":"type-product","3":"status-publish","4":"has-post-thumbnail","6":"product_cat-atletico-madrid-kindertrikot","7":"product_tag-atletico-madrid-22-23-trikot","8":"product_tag-atletico-madrid-heimtrikot","9":"product_tag-atletico-madrid-trikots","10":"product_tag-atletico-madrid-trikotsatz-fuer-kinder","11":"product_tag-coole-fussballtrikots","12":"product_tag-fussball-heimtrikot","13":"product_tag-fussball-trikot-kurzarm","14":"product_tag-fussballtrikot-fuer-herren","15":"product_tag-guenstiges-fussballtrikot","16":"product_tag-kinder-fussball-trikotsatz","18":"first","19":"instock","20":"shipping-taxable","21":"purchasable","22":"product-type-variable"},"_links":{"self":[{"href":"https:\/\/www.billigtrikotde.com\/da\/wp-json\/wp\/v2\/product\/11682","targetHints":{"allow":["GET"]}}],"collection":[{"href":"https:\/\/www.billigtrikotde.com\/da\/wp-json\/wp\/v2\/product"}],"about":[{"href":"https:\/\/www.billigtrikotde.com\/da\/wp-json\/wp\/v2\/types\/product"}],"replies":[{"embeddable":true,"href":"https:\/\/www.billigtrikotde.com\/da\/wp-json\/wp\/v2\/comments?post=11682"}],"wp:featuredmedia":[{"embeddable":true,"href":"https:\/\/www.billigtrikotde.com\/da\/wp-json\/wp\/v2\/media\/11720"}],"wp:attachment":[{"href":"https:\/\/www.billigtrikotde.com\/da\/wp-json\/wp\/v2\/media?parent=11682"}],"wp:term":[{"taxonomy":"product_brand","embeddable":true,"href":"https:\/\/www.billigtrikotde.com\/da\/wp-json\/wp\/v2\/product_brand?post=11682"},{"taxonomy":"product_cat","embeddable":true,"href":"https:\/\/www.billigtrikotde.com\/da\/wp-json\/wp\/v2\/product_cat?post=11682"},{"taxonomy":"product_tag","embeddable":true,"href":"https:\/\/www.billigtrikotde.com\/da\/wp-json\/wp\/v2\/product_tag?post=11682"}],"curies":[{"name":"wp","href":"https:\/\/api.w.org\/{rel}","templated":true}]}}