{"id":11597,"date":"2024-10-24T04:23:16","date_gmt":"2024-10-24T02:23:16","guid":{"rendered":"http:\/\/billigtrikots.com\/?post_type=product&#038;p=11597"},"modified":"2024-10-24T04:25:30","modified_gmt":"2024-10-24T02:25:30","slug":"atletico-madrid-2023-auswaertstrikot-schwarz-kurzarm-trikotsatz-kit-mit-aufdruck-koke-6","status":"publish","type":"product","link":"https:\/\/www.billigtrikotde.com\/da\/vare\/atletico-madrid-2023-auswaertstrikot-schwarz-kurzarm-trikotsatz-kit-mit-aufdruck-koke-6\/","title":{"rendered":"Atl\u00e9tico Madrid 2023 Udebanetr\u00f8je Sort kort\u00e6rmet s\u00e6t med tryk KOKE 6"},"content":{"rendered":"<p>Opdag Atl\u00e9tico Madrid 2022\/2023 udebanetr\u00f8je. B\u00e6r stolt farverne p\u00e5 dit yndlingsteam p\u00e5 banen eller udenfor.<\/p>\n<p>En fleksibel og let tr\u00f8je med Nike Dri-Fit-teknologi, et stykke t\u00f8j, der forhindrer sved i at tr\u00e6nge igennem under dit spil eller tr\u00e6ning. Hold dig t\u00f8r efter dine accelerationer.<\/p>\n<p>Forestil dig, at tilskuerne ved Wanda Metropolitano hepper p\u00e5 dig efter et fantastisk m\u00e5l.<\/p>\n<p>Tr\u00f8jen er inspireret af den tr\u00f8je, som det professionelle hold b\u00e6rer under kampene.<\/p>\n<p>Tips til udskrivning: Hvis navn og nummer p\u00e5 billedet er pr\u00e6cis det, du \u00f8nsker, beh\u00f8ver du ikke at indtaste dem igen. Hvis ikke, skal du indtaste det \u00f8nskede navn og nummer.<\/p>\n<p>Tips til vask: Det anbefales at vaske fodboldtr\u00f8jer i h\u00e5nden. Hvis du vil bruge vaskemaskinen, skal du huske at vende vrangen ud p\u00e5 fodboldtr\u00f8jerne og derefter vaske dem. Fyld maskinen med koldt vand, og brug et sk\u00e5neprogram for bedre at beskytte farverne.<\/p>","protected":false},"excerpt":{"rendered":"<p>Entdecke das Atl\u00e9tico Madrid 2022\/2023 Ausw\u00e4rtstrikot . Tragen Sie stolz die Farben Ihres Lieblingsteams auf dem Platz oder drau\u00dfen. Ein flexibles und leichtes Trikot mit Nike Dri Fit-Technologie, ein Kleidungsst\u00fcck, das verhindert, dass Schwei\u00df w\u00e4hrend Ihres Spiels oder Trainings eindringt. Bleiben Sie nach Ihren Beschleunigungen trocken. Stellen Sie sich vor, die Zuschauer von Wanda Metropolitano [&hellip;]<\/p>","protected":false},"featured_media":11635,"comment_status":"open","ping_status":"closed","template":"","meta":[],"product_brand":[],"product_cat":[88],"product_tag":[200,90,20,21,22,23,24],"class_list":{"0":"post-11597","1":"product","2":"type-product","3":"status-publish","4":"has-post-thumbnail","6":"product_cat-atletico-madrid","7":"product_tag-atletico-madrid-auswaertstrikot","8":"product_tag-atletico-madrid-trikots","9":"product_tag-coole-fussballtrikots","10":"product_tag-fussballtrikot-fuer-herren","11":"product_tag-fussballtrikot-guenstig-kaufen","12":"product_tag-fussballtrikot-kurzarm","13":"product_tag-guenstiges-fussballtrikot","15":"first","16":"instock","17":"shipping-taxable","18":"purchasable","19":"product-type-variable"},"_links":{"self":[{"href":"https:\/\/www.billigtrikotde.com\/da\/wp-json\/wp\/v2\/product\/11597","targetHints":{"allow":["GET"]}}],"collection":[{"href":"https:\/\/www.billigtrikotde.com\/da\/wp-json\/wp\/v2\/product"}],"about":[{"href":"https:\/\/www.billigtrikotde.com\/da\/wp-json\/wp\/v2\/types\/product"}],"replies":[{"embeddable":true,"href":"https:\/\/www.billigtrikotde.com\/da\/wp-json\/wp\/v2\/comments?post=11597"}],"wp:featuredmedia":[{"embeddable":true,"href":"https:\/\/www.billigtrikotde.com\/da\/wp-json\/wp\/v2\/media\/11635"}],"wp:attachment":[{"href":"https:\/\/www.billigtrikotde.com\/da\/wp-json\/wp\/v2\/media?parent=11597"}],"wp:term":[{"taxonomy":"product_brand","embeddable":true,"href":"https:\/\/www.billigtrikotde.com\/da\/wp-json\/wp\/v2\/product_brand?post=11597"},{"taxonomy":"product_cat","embeddable":true,"href":"https:\/\/www.billigtrikotde.com\/da\/wp-json\/wp\/v2\/product_cat?post=11597"},{"taxonomy":"product_tag","embeddable":true,"href":"https:\/\/www.billigtrikotde.com\/da\/wp-json\/wp\/v2\/product_tag?post=11597"}],"curies":[{"name":"wp","href":"https:\/\/api.w.org\/{rel}","templated":true}]}}