{"id":11568,"date":"2024-10-24T04:21:30","date_gmt":"2024-10-24T02:21:30","guid":{"rendered":"http:\/\/billigtrikots.com\/?post_type=product&#038;p=11568"},"modified":"2024-10-24T04:24:18","modified_gmt":"2024-10-24T02:24:18","slug":"lamela-11-herren-fussballtrikot-tottenham-hotspur-2022-23-ausweichtrikot","status":"publish","type":"product","link":"https:\/\/www.billigtrikotde.com\/da\/vare\/lamela-11-herren-fussballtrikot-tottenham-hotspur-2022-23-ausweichtrikot\/","title":{"rendered":"LAMELA #11 Fodboldtr\u00f8je til m\u00e6nd Tottenham Hotspur 2022-23 Udebanetr\u00f8je"},"content":{"rendered":"<p>Den tredje Nike Spurs-tr\u00f8je 2022-23 pr\u00e6senterer sig i et skinnende look i m\u00f8rkturkis med accenter og detaljer i sort og hvid.<\/p>\n<p>Den nye tredje tr\u00f8je til Tottenham Hotspurs er kendetegnet ved et abstrakt grafisk tryk, der d\u00e6kker hele forsiden og \u00e6rmerne og sandsynligvis ogs\u00e5 st\u00f8rstedelen, hvis ikke hele bagsiden. Logoerne er helt i hvid, inklusive en ensfarvet fremstilling af Spurs-emblemet.<\/p>\n<p>I den officielle meddelelse hedder det, at grafikken p\u00e5 forsiden af tredje tr\u00f8je til Spurs 2022-2023 er inspireret af \u201eTottenhams konstant udviklende DNA og den popul\u00e6re Nike TN-sneaker-serie\u201c.<\/p>\n<p>Looket af Nike Tottenham 22-23-tr\u00f8jen fuldendes af en sort rund halskrave og \u00e6rmegennemf\u00f8ringer, der er halvt sorte og halvt m\u00f8rkturkise. Ud fra skabelonen er tredje tr\u00f8je til Nike Tottenham Hotspur F.C. 2022-2023 den samme model som tr\u00f8jen 22-23.<\/p>\n<p>Tips til udskrivning: Hvis navn og nummer p\u00e5 billedet er pr\u00e6cis det, du \u00f8nsker, beh\u00f8ver du ikke at indtaste dem igen. Hvis ikke, skal du indtaste det \u00f8nskede navn og nummer.<\/p>\n<p>Tips til vask: Det anbefales at vaske fodboldtr\u00f8jer i h\u00e5nden. Hvis du vil bruge vaskemaskinen, skal du huske at vende vrangen ud p\u00e5 fodboldtr\u00f8jerne og derefter vaske dem. Fyld maskinen med koldt vand, og brug et sk\u00e5neprogram for bedre at beskytte farverne.<\/p>","protected":false},"excerpt":{"rendered":"<p>Det tredje Nike Spurs-tr\u00f8je 2022-23 pr\u00e6senterer sig i et str\u00e5lende look i m\u00f8rk turkis med accenter og stikninger i sort og hvid. Den nye tredje tr\u00f8je for Tottenham Hotspur karakteriseres ved et abstrakt grafisk tryk, der d\u00e6kker hele fronten og \u00e6rmerne og sandsynligvis ogs\u00e5 en stor del, hvis ikke hele [\u2026]<\/p>","protected":false},"featured_media":11612,"comment_status":"open","ping_status":"closed","template":"","meta":[],"product_brand":[],"product_cat":[178],"product_tag":[20,21,22,23,24,335,438,437,104],"class_list":{"0":"post-11568","1":"product","2":"type-product","3":"status-publish","4":"has-post-thumbnail","6":"product_cat-tottenham-hotspur","7":"product_tag-coole-fussballtrikots","8":"product_tag-fussballtrikot-fuer-herren","9":"product_tag-fussballtrikot-guenstig-kaufen","10":"product_tag-fussballtrikot-kurzarm","11":"product_tag-guenstiges-fussballtrikot","12":"product_tag-shop-tottenham-hotspur-trikot","13":"product_tag-tottenham-hotspur-22-23-third-kit","14":"product_tag-tottenham-hotspur-ausweichtrikot","15":"product_tag-tottenham-hotspur-trikots","17":"first","18":"instock","19":"shipping-taxable","20":"purchasable","21":"product-type-variable"},"_links":{"self":[{"href":"https:\/\/www.billigtrikotde.com\/da\/wp-json\/wp\/v2\/product\/11568","targetHints":{"allow":["GET"]}}],"collection":[{"href":"https:\/\/www.billigtrikotde.com\/da\/wp-json\/wp\/v2\/product"}],"about":[{"href":"https:\/\/www.billigtrikotde.com\/da\/wp-json\/wp\/v2\/types\/product"}],"replies":[{"embeddable":true,"href":"https:\/\/www.billigtrikotde.com\/da\/wp-json\/wp\/v2\/comments?post=11568"}],"wp:featuredmedia":[{"embeddable":true,"href":"https:\/\/www.billigtrikotde.com\/da\/wp-json\/wp\/v2\/media\/11612"}],"wp:attachment":[{"href":"https:\/\/www.billigtrikotde.com\/da\/wp-json\/wp\/v2\/media?parent=11568"}],"wp:term":[{"taxonomy":"product_brand","embeddable":true,"href":"https:\/\/www.billigtrikotde.com\/da\/wp-json\/wp\/v2\/product_brand?post=11568"},{"taxonomy":"product_cat","embeddable":true,"href":"https:\/\/www.billigtrikotde.com\/da\/wp-json\/wp\/v2\/product_cat?post=11568"},{"taxonomy":"product_tag","embeddable":true,"href":"https:\/\/www.billigtrikotde.com\/da\/wp-json\/wp\/v2\/product_tag?post=11568"}],"curies":[{"name":"wp","href":"https:\/\/api.w.org\/{rel}","templated":true}]}}