{"id":11511,"date":"2024-10-24T04:18:13","date_gmt":"2024-10-24T02:18:13","guid":{"rendered":"http:\/\/billigtrikots.com\/?post_type=product&#038;p=11511"},"modified":"2024-10-24T04:20:50","modified_gmt":"2024-10-24T02:20:50","slug":"tottenham-hotspur-2023-heim-trikot-weiss-marineblau-fussballtrikot-trikotsatz-bale-9","status":"publish","type":"product","link":"https:\/\/www.billigtrikotde.com\/da\/vare\/tottenham-hotspur-2023-heim-trikot-weiss-marineblau-fussballtrikot-trikotsatz-bale-9\/","title":{"rendered":"Tottenham Hotspur 2023 Hjemmebanetr\u00f8je hvid marinebl\u00e5 Fodboldtr\u00f8je BALE 9"},"content":{"rendered":"<p>Nike Tottenham Hotspur 22-23-tr\u00f8jen er baseret p\u00e5 den samme skabelon som nogle andre Nike 2022-23-tr\u00f8jer, f.eks. dem fra Chelsea og Hertha Berlin. Den er overvejende hvid og har en rund syning p\u00e5 brystet.<\/p>\n<p>Kraven og \u00e6rmerne p\u00e5 Nike Tottenham Hotspur 2022-23 hjemmetr\u00f8jen er begge marinebl\u00e5 med en Volt-linje i midten.<\/p>\n<p>Indersiden af kraven p\u00e5 Nike Tottenham Hotspur 2022-23 hjemmetr\u00f8jen er ogs\u00e5 Volt, og viser en r\u00e6kke SPURS-teksturer i Marinebl\u00e5, b\u00e5de fyldt og omkranset.<\/p>\n<p>Tips til udskrivning: Hvis navn og nummer p\u00e5 billedet er pr\u00e6cis det, du \u00f8nsker, beh\u00f8ver du ikke at indtaste dem igen. Hvis ikke, skal du indtaste det \u00f8nskede navn og nummer.<\/p>\n<p>Tips til vask: Det anbefales at vaske fodboldtr\u00f8jer i h\u00e5nden. Hvis du vil bruge vaskemaskinen, skal du huske at vende vrangen ud p\u00e5 fodboldtr\u00f8jerne og derefter vaske dem. Fyld maskinen med koldt vand, og brug et sk\u00e5neprogram for bedre at beskytte farverne.<\/p>","protected":false},"excerpt":{"rendered":"<p>Nike Tottenham Hotspur 22-23-tr\u00f8jen er baseret p\u00e5 den samme skabelon som nogle andre Nike 2022-23-tr\u00f8jer, f.eks. Chelsea og Hertha Berlin. Den er overvejende hvid og har en rund s\u00f8m p\u00e5 brystet. Kraven og ermb\u00e5ndene p\u00e5 Nike Tottenham Hotspur 2022-23 hjemme-tr\u00f8jen er begge marinebl\u00e5 med en Volt-linje i den [\u2026]<\/p>","protected":false},"featured_media":11552,"comment_status":"open","ping_status":"closed","template":"","meta":[],"product_brand":[],"product_cat":[178],"product_tag":[20,21,22,23,24,335,106,104],"class_list":{"0":"post-11511","1":"product","2":"type-product","3":"status-publish","4":"has-post-thumbnail","6":"product_cat-tottenham-hotspur","7":"product_tag-coole-fussballtrikots","8":"product_tag-fussballtrikot-fuer-herren","9":"product_tag-fussballtrikot-guenstig-kaufen","10":"product_tag-fussballtrikot-kurzarm","11":"product_tag-guenstiges-fussballtrikot","12":"product_tag-shop-tottenham-hotspur-trikot","13":"product_tag-tottenham-hotspur-heimtrikot","14":"product_tag-tottenham-hotspur-trikots","16":"first","17":"instock","18":"shipping-taxable","19":"purchasable","20":"product-type-variable"},"_links":{"self":[{"href":"https:\/\/www.billigtrikotde.com\/da\/wp-json\/wp\/v2\/product\/11511","targetHints":{"allow":["GET"]}}],"collection":[{"href":"https:\/\/www.billigtrikotde.com\/da\/wp-json\/wp\/v2\/product"}],"about":[{"href":"https:\/\/www.billigtrikotde.com\/da\/wp-json\/wp\/v2\/types\/product"}],"replies":[{"embeddable":true,"href":"https:\/\/www.billigtrikotde.com\/da\/wp-json\/wp\/v2\/comments?post=11511"}],"wp:featuredmedia":[{"embeddable":true,"href":"https:\/\/www.billigtrikotde.com\/da\/wp-json\/wp\/v2\/media\/11552"}],"wp:attachment":[{"href":"https:\/\/www.billigtrikotde.com\/da\/wp-json\/wp\/v2\/media?parent=11511"}],"wp:term":[{"taxonomy":"product_brand","embeddable":true,"href":"https:\/\/www.billigtrikotde.com\/da\/wp-json\/wp\/v2\/product_brand?post=11511"},{"taxonomy":"product_cat","embeddable":true,"href":"https:\/\/www.billigtrikotde.com\/da\/wp-json\/wp\/v2\/product_cat?post=11511"},{"taxonomy":"product_tag","embeddable":true,"href":"https:\/\/www.billigtrikotde.com\/da\/wp-json\/wp\/v2\/product_tag?post=11511"}],"curies":[{"name":"wp","href":"https:\/\/api.w.org\/{rel}","templated":true}]}}