{"id":11500,"date":"2024-10-24T04:17:41","date_gmt":"2024-10-24T02:17:41","guid":{"rendered":"http:\/\/billigtrikots.com\/?post_type=product&#038;p=11500"},"modified":"2024-10-24T04:20:16","modified_gmt":"2024-10-24T02:20:16","slug":"fussballtrikots-guenstig-2023-al-nassr-fc-cristiano-fotballdrakter-fuer-herren-ronaldo-7","status":"publish","type":"product","link":"https:\/\/www.billigtrikotde.com\/da\/vare\/fussballtrikots-guenstig-2023-al-nassr-fc-cristiano-fotballdrakter-fuer-herren-ronaldo-7\/","title":{"rendered":"Fodboldtr\u00f8jer Billige 2023 Al-Nassr FC Cristiano Fotballdrakter til m\u00e6nd Ronaldo 7"},"content":{"rendered":"<p>Cristiano Ronaldo har gennemf\u00f8rt sit skifte til den saudiarabiske Premier League-klub Al-Nassr og vil selvf\u00f8lgelig b\u00e6re tr\u00f8je nummer 7, som han har b\u00e5ret i alle sine klubber, siden han kom til Manchester United i 2003. Det saudiske sportst\u00f8jsm\u00e6rke Duneus fremstiller Al-Nassrs tr\u00f8jer og har udgivet fire tr\u00f8jer til s\u00e6sonen 22-23.<\/p>\n<p>Tips til udskrivning: Hvis navn og nummer p\u00e5 billedet er pr\u00e6cis det, du \u00f8nsker, beh\u00f8ver du ikke at indtaste dem igen. Hvis ikke, skal du indtaste det \u00f8nskede navn og nummer.<\/p>\n<p>Tips til vask: Det anbefales at vaske fodboldtr\u00f8jer i h\u00e5nden. Hvis du vil bruge vaskemaskinen, skal du huske at vende vrangen ud p\u00e5 fodboldtr\u00f8jerne og derefter vaske dem. Fyld maskinen med koldt vand, og brug et sk\u00e5neprogram for bedre at beskytte farverne.<\/p>","protected":false},"excerpt":{"rendered":"<p>Ronaldo erh\u00e4lt Trikot mit der Nummer 7 bei Al-Nassr.Cristiano Ronaldo hat seinen Wechsel zum saudi-arabischen Erstligisten Al-Nassr vollzogen und wird nat\u00fcrlich das Trikot mit der Nummer 7 tragen, das er seit seinem Wechsel zu Manchester United im Jahr 2003 bei jedem Verein getragen hat. Die saudische Sportbekleidungsmarke Duneus stellt die Trikots von Al-Nassr her und [&hellip;]<\/p>","protected":false},"featured_media":11542,"comment_status":"open","ping_status":"closed","template":"","meta":[],"product_brand":[],"product_cat":[433],"product_tag":[434,20,435,215,21,22,23,24,436],"class_list":{"0":"post-11500","1":"product","2":"type-product","3":"status-publish","4":"has-post-thumbnail","6":"product_cat-al-nassr-fc","7":"product_tag-al-nassr-fc-cristiano-ronaldo-7-home-trikot","8":"product_tag-coole-fussballtrikots","9":"product_tag-cristiano-ronaldo-al-nassr","10":"product_tag-fussball-trikot-kurzarm","11":"product_tag-fussballtrikot-fuer-herren","12":"product_tag-fussballtrikot-guenstig-kaufen","13":"product_tag-fussballtrikot-kurzarm","14":"product_tag-guenstiges-fussballtrikot","15":"product_tag-ronaldo-trikot","17":"first","18":"instock","19":"featured","20":"shipping-taxable","21":"purchasable","22":"product-type-variable"},"_links":{"self":[{"href":"https:\/\/www.billigtrikotde.com\/da\/wp-json\/wp\/v2\/product\/11500","targetHints":{"allow":["GET"]}}],"collection":[{"href":"https:\/\/www.billigtrikotde.com\/da\/wp-json\/wp\/v2\/product"}],"about":[{"href":"https:\/\/www.billigtrikotde.com\/da\/wp-json\/wp\/v2\/types\/product"}],"replies":[{"embeddable":true,"href":"https:\/\/www.billigtrikotde.com\/da\/wp-json\/wp\/v2\/comments?post=11500"}],"wp:featuredmedia":[{"embeddable":true,"href":"https:\/\/www.billigtrikotde.com\/da\/wp-json\/wp\/v2\/media\/11542"}],"wp:attachment":[{"href":"https:\/\/www.billigtrikotde.com\/da\/wp-json\/wp\/v2\/media?parent=11500"}],"wp:term":[{"taxonomy":"product_brand","embeddable":true,"href":"https:\/\/www.billigtrikotde.com\/da\/wp-json\/wp\/v2\/product_brand?post=11500"},{"taxonomy":"product_cat","embeddable":true,"href":"https:\/\/www.billigtrikotde.com\/da\/wp-json\/wp\/v2\/product_cat?post=11500"},{"taxonomy":"product_tag","embeddable":true,"href":"https:\/\/www.billigtrikotde.com\/da\/wp-json\/wp\/v2\/product_tag?post=11500"}],"curies":[{"name":"wp","href":"https:\/\/api.w.org\/{rel}","templated":true}]}}