{"id":11468,"date":"2024-10-24T04:15:58","date_gmt":"2024-10-24T02:15:58","guid":{"rendered":"http:\/\/billigtrikots.com\/?post_type=product&#038;p=11468"},"modified":"2024-10-24T04:18:35","modified_gmt":"2024-10-24T02:18:35","slug":"kinder-heimtrikot-mexiko-wm-2022-gruen-trikotsatz-kit-mit-aufdruck-a-guardado-18","status":"publish","type":"product","link":"https:\/\/www.billigtrikotde.com\/da\/vare\/kinder-heimtrikot-mexiko-wm-2022-gruen-trikotsatz-kit-mit-aufdruck-a-guardado-18\/","title":{"rendered":"Hjemmebanetr\u00f8je til b\u00f8rn Mexico World Cup 2022 gr\u00f8n tr\u00f8je med tryk A.GUARDADO 18"},"content":{"rendered":"<p>Mexicos tr\u00f8je til VM i 2022 f\u00e5r et design, der er inspireret af gamle traditioner, er det blevet afsl\u00f8ret. Vi har lavet en model af, hvordan tr\u00f8jen til VM i Mexico i 2022 kunne se ud, hvor vi kombinerer en gr\u00f8n grundfarve med sandsynligvis r\u00f8de og hvide applikationer. Det, der g\u00f8r tr\u00f8jen unik, er et s\u00e6rligt m\u00f8nster p\u00e5 tr\u00f8jen.<br \/>\nMexicos tr\u00f8je til verdensmesterskabet i 2022 vil have en grafik, der er inspireret af gamle aztekiske rustninger og is\u00e6r Quetzalcoatls fjer. Quetzalcoatl (\"fjerkl\u00e6dt slange\" eller \"fjerkl\u00e6dt slange\") er nahuatl-navnet for den fjerkl\u00e6dte slangeguddom i den gamle mesoamerikanske kultur. Ligesom alle andre Adidas-tr\u00f8jer til VM i 2022 har Mexico 2022-tr\u00f8jen det nye Adidas-logo. Den b\u00e6rer ogs\u00e5 det nye v\u00e5benskjold for det mexicanske fodboldforbund (FMF).<\/p>\n<p>Tips til udskrivning: Hvis navn og nummer p\u00e5 billedet er pr\u00e6cis det, du \u00f8nsker, beh\u00f8ver du ikke at indtaste dem igen. Hvis ikke, skal du indtaste det \u00f8nskede navn og nummer.<\/p>\n<p>Tips til vask: Det anbefales at vaske fodboldtr\u00f8jer i h\u00e5nden. Hvis du vil bruge vaskemaskinen, skal du huske at vende vrangen ud p\u00e5 fodboldtr\u00f8jerne og derefter vaske dem. Fyld maskinen med koldt vand, og brug et sk\u00e5neprogram for bedre at beskytte farverne.<\/p>","protected":false},"excerpt":{"rendered":"<p>Mexikos Tr\u00f8je til VM 2022 skal have et design, der er inspireret af gamle traditioner, blev det kendt. Vi har lavet en model af, hvordan tr\u00f8jen til VM 2022 i Mexico kunne se ud. Mexicos tr\u00f8je 2022 kombinerer en gr\u00f8n grundfarve med sandsynligvis r\u00f8de og hvide applikationer. Det, der g\u00f8r tr\u00f8jen unik, er [...]<\/p>","protected":false},"featured_media":11505,"comment_status":"open","ping_status":"closed","template":"","meta":[],"product_brand":[],"product_cat":[251],"product_tag":[20,21,22,23,24,252,253,254],"class_list":{"0":"post-11468","1":"product","2":"type-product","3":"status-publish","4":"has-post-thumbnail","6":"product_cat-mexiko-trikots","7":"product_tag-coole-fussballtrikots","8":"product_tag-fussballtrikot-fuer-herren","9":"product_tag-fussballtrikot-guenstig-kaufen","10":"product_tag-fussballtrikot-kurzarm","11":"product_tag-guenstiges-fussballtrikot","12":"product_tag-mexiko-2022-trikots","13":"product_tag-mexiko-heimtrikot","14":"product_tag-mexiko-trikot-schwarz","16":"first","17":"instock","18":"shipping-taxable","19":"purchasable","20":"product-type-variable"},"_links":{"self":[{"href":"https:\/\/www.billigtrikotde.com\/da\/wp-json\/wp\/v2\/product\/11468","targetHints":{"allow":["GET"]}}],"collection":[{"href":"https:\/\/www.billigtrikotde.com\/da\/wp-json\/wp\/v2\/product"}],"about":[{"href":"https:\/\/www.billigtrikotde.com\/da\/wp-json\/wp\/v2\/types\/product"}],"replies":[{"embeddable":true,"href":"https:\/\/www.billigtrikotde.com\/da\/wp-json\/wp\/v2\/comments?post=11468"}],"wp:featuredmedia":[{"embeddable":true,"href":"https:\/\/www.billigtrikotde.com\/da\/wp-json\/wp\/v2\/media\/11505"}],"wp:attachment":[{"href":"https:\/\/www.billigtrikotde.com\/da\/wp-json\/wp\/v2\/media?parent=11468"}],"wp:term":[{"taxonomy":"product_brand","embeddable":true,"href":"https:\/\/www.billigtrikotde.com\/da\/wp-json\/wp\/v2\/product_brand?post=11468"},{"taxonomy":"product_cat","embeddable":true,"href":"https:\/\/www.billigtrikotde.com\/da\/wp-json\/wp\/v2\/product_cat?post=11468"},{"taxonomy":"product_tag","embeddable":true,"href":"https:\/\/www.billigtrikotde.com\/da\/wp-json\/wp\/v2\/product_tag?post=11468"}],"curies":[{"name":"wp","href":"https:\/\/api.w.org\/{rel}","templated":true}]}}