{"id":11358,"date":"2024-10-24T04:09:20","date_gmt":"2024-10-24T02:09:20","guid":{"rendered":"http:\/\/billigtrikots.com\/?post_type=product&#038;p=11358"},"modified":"2024-10-24T04:12:26","modified_gmt":"2024-10-24T02:12:26","slug":"brasilien-wm-2022-trikot-gelb-t-shirt-fuer-herren-vini-jr-20","status":"publish","type":"product","link":"https:\/\/www.billigtrikotde.com\/da\/vare\/brasilien-wm-2022-trikot-gelb-t-shirt-fuer-herren-vini-jr-20\/","title":{"rendered":"Brasilien World Cup 2022 tr\u00f8je gul T-shirt til m\u00e6nd VINI JR.20"},"content":{"rendered":"<p>Nike Brazil 2022 World Cup-fodboldtr\u00f8jen skifter den klassiske gule farve ud med en lysende gul, officielt kaldet \"Dynamic Yellow\". Designm\u00e6ssigt har Brazil 2022 World Cup-tr\u00f8jen en lille traditionel krave, som er farvet gr\u00f8n og dekoreret med en bl\u00e5 stribe. Et diskret leopardm\u00f8nster foran, bagp\u00e5 og p\u00e5 \u00e6rmerne forener designet med udebanetr\u00f8jen til VM i Brasilien 2022.<\/p>\n<p>Tips til udskrivning: Hvis navn og nummer p\u00e5 billedet er pr\u00e6cis det, du \u00f8nsker, beh\u00f8ver du ikke at indtaste dem igen. Hvis ikke, skal du indtaste det \u00f8nskede navn og nummer.<\/p>\n<p>Tips til vask: Det anbefales at vaske fodboldtr\u00f8jer i h\u00e5nden. Hvis du vil bruge vaskemaskinen, skal du huske at vende vrangen ud p\u00e5 fodboldtr\u00f8jerne og derefter vaske dem. Fyld maskinen med koldt vand, og brug et sk\u00e5neprogram for bedre at beskytte farverne.<\/p>","protected":false},"excerpt":{"rendered":"<p>Das Nike Brasilien 2022 WM-Fu\u00dfballtrikot tauscht das klassische Gelb gegen ein leuchtendes Gelb, offiziell \u201eDynamic Yellow\u201c.Was das Design angeht, hat das Brasilien 2022 WM Trikot einen kleinen traditionellen Kragen, der gr\u00fcn gef\u00e4rbt und mit einem blauen Streifen verziert ist. Ein dezentes Leopardenmuster auf der Vorder- und R\u00fcckseite sowie auf den \u00c4rmeln vereint das Design mit [&hellip;]<\/p>","protected":false},"featured_media":11397,"comment_status":"open","ping_status":"closed","template":"","meta":[],"product_brand":[],"product_cat":[112],"product_tag":[20,430,431,432,113,114,222,21,22,23,24],"class_list":{"0":"post-11358","1":"product","2":"type-product","3":"status-publish","4":"has-post-thumbnail","6":"product_cat-brasilien-trikots","7":"product_tag-coole-fussballtrikots","8":"product_tag-brasilien-2022-wm-fussballtrikot","9":"product_tag-brasilien-2022-wm-trikot","10":"product_tag-brasilien-2022-world-cup-heimtrikot","11":"product_tag-brasilien-heimtrikot","12":"product_tag-brasilien-trikots","13":"product_tag-fussball-wm-2022-trikots","14":"product_tag-fussballtrikot-fuer-herren","15":"product_tag-fussballtrikot-guenstig-kaufen","16":"product_tag-fussballtrikot-kurzarm","17":"product_tag-guenstiges-fussballtrikot","19":"first","20":"instock","21":"shipping-taxable","22":"purchasable","23":"product-type-variable"},"_links":{"self":[{"href":"https:\/\/www.billigtrikotde.com\/da\/wp-json\/wp\/v2\/product\/11358","targetHints":{"allow":["GET"]}}],"collection":[{"href":"https:\/\/www.billigtrikotde.com\/da\/wp-json\/wp\/v2\/product"}],"about":[{"href":"https:\/\/www.billigtrikotde.com\/da\/wp-json\/wp\/v2\/types\/product"}],"replies":[{"embeddable":true,"href":"https:\/\/www.billigtrikotde.com\/da\/wp-json\/wp\/v2\/comments?post=11358"}],"wp:featuredmedia":[{"embeddable":true,"href":"https:\/\/www.billigtrikotde.com\/da\/wp-json\/wp\/v2\/media\/11397"}],"wp:attachment":[{"href":"https:\/\/www.billigtrikotde.com\/da\/wp-json\/wp\/v2\/media?parent=11358"}],"wp:term":[{"taxonomy":"product_brand","embeddable":true,"href":"https:\/\/www.billigtrikotde.com\/da\/wp-json\/wp\/v2\/product_brand?post=11358"},{"taxonomy":"product_cat","embeddable":true,"href":"https:\/\/www.billigtrikotde.com\/da\/wp-json\/wp\/v2\/product_cat?post=11358"},{"taxonomy":"product_tag","embeddable":true,"href":"https:\/\/www.billigtrikotde.com\/da\/wp-json\/wp\/v2\/product_tag?post=11358"}],"curies":[{"name":"wp","href":"https:\/\/api.w.org\/{rel}","templated":true}]}}