{"id":11250,"date":"2024-10-24T04:02:49","date_gmt":"2024-10-24T02:02:49","guid":{"rendered":"http:\/\/billigtrikots.com\/?post_type=product&#038;p=11250"},"modified":"2024-10-24T04:05:46","modified_gmt":"2024-10-24T02:05:46","slug":"herren-brasilien-wm-2022-auswaertstrikot-blaue-fussballtrikots-set-ronaldinho-10","status":"publish","type":"product","link":"https:\/\/www.billigtrikotde.com\/da\/vare\/herren-brasilien-wm-2022-auswaertstrikot-blaue-fussballtrikots-set-ronaldinho-10\/","title":{"rendered":"Herre Brasilien 2022 VM udebanes\u00e6t bl\u00e5 fodboldtr\u00f8jer s\u00e6t RONALDINHO 10"},"content":{"rendered":"<p>Nike Brasilien 2022 VM udebanetr\u00f8je kombinerer en bl\u00e5 grundfarve med en lysegr\u00f8n Swoosh. De officielle farver er \u201eParamount Blue\/Dynamic Yellow\/Green Spark\u201c. Hvide bukser og bl\u00e5 str\u00f8mper fuldender Brasilien 2022 VM udebanetr\u00f8je.<\/p>\n<p>Tips til udskrivning: Hvis navn og nummer p\u00e5 billedet er pr\u00e6cis det, du \u00f8nsker, beh\u00f8ver du ikke at indtaste dem igen. Hvis ikke, skal du indtaste det \u00f8nskede navn og nummer.<\/p>\n<p>Tips til vask: Det anbefales at vaske fodboldtr\u00f8jer i h\u00e5nden. Hvis du vil bruge vaskemaskinen, skal du huske at vende vrangen ud p\u00e5 fodboldtr\u00f8jerne og derefter vaske dem. Fyld maskinen med koldt vand, og brug et sk\u00e5neprogram for bedre at beskytte farverne.<\/p>","protected":false},"excerpt":{"rendered":"<p>Nike Brasilien 2022 World Cup udebanetr\u00f8jen kombinerer en bl\u00e5 hovedfarve med lysegr\u00f8n Swoosh. De officielle farver er \u201eParamount Blue\/Dynamic Yellow\/Green Spark\u201c. Hvide shorts og bl\u00e5 str\u00f8mper fuldender Brasiliens 2022 World Cup udebanetr\u00f8je. Tips til printning: Hvis navnet og nummeret p\u00e5 billedet n\u00f8jagtigt svarer til dine \u00f8nsker, beh\u00f8ver du ikke indtaste dem igen. [\u2026]<\/p>","protected":false},"featured_media":11289,"comment_status":"open","ping_status":"closed","template":"","meta":[],"product_brand":[],"product_cat":[112],"product_tag":[20,429,210,114,222,21,22,23,24],"class_list":{"0":"post-11250","1":"product","2":"type-product","3":"status-publish","4":"has-post-thumbnail","6":"product_cat-brasilien-trikots","7":"product_tag-coole-fussballtrikots","8":"product_tag-brasilien-2022-world-cup-auswaertstrikot","9":"product_tag-brasilien-auswaertstrikot","10":"product_tag-brasilien-trikots","11":"product_tag-fussball-wm-2022-trikots","12":"product_tag-fussballtrikot-fuer-herren","13":"product_tag-fussballtrikot-guenstig-kaufen","14":"product_tag-fussballtrikot-kurzarm","15":"product_tag-guenstiges-fussballtrikot","17":"first","18":"instock","19":"shipping-taxable","20":"purchasable","21":"product-type-variable"},"_links":{"self":[{"href":"https:\/\/www.billigtrikotde.com\/da\/wp-json\/wp\/v2\/product\/11250","targetHints":{"allow":["GET"]}}],"collection":[{"href":"https:\/\/www.billigtrikotde.com\/da\/wp-json\/wp\/v2\/product"}],"about":[{"href":"https:\/\/www.billigtrikotde.com\/da\/wp-json\/wp\/v2\/types\/product"}],"replies":[{"embeddable":true,"href":"https:\/\/www.billigtrikotde.com\/da\/wp-json\/wp\/v2\/comments?post=11250"}],"wp:featuredmedia":[{"embeddable":true,"href":"https:\/\/www.billigtrikotde.com\/da\/wp-json\/wp\/v2\/media\/11289"}],"wp:attachment":[{"href":"https:\/\/www.billigtrikotde.com\/da\/wp-json\/wp\/v2\/media?parent=11250"}],"wp:term":[{"taxonomy":"product_brand","embeddable":true,"href":"https:\/\/www.billigtrikotde.com\/da\/wp-json\/wp\/v2\/product_brand?post=11250"},{"taxonomy":"product_cat","embeddable":true,"href":"https:\/\/www.billigtrikotde.com\/da\/wp-json\/wp\/v2\/product_cat?post=11250"},{"taxonomy":"product_tag","embeddable":true,"href":"https:\/\/www.billigtrikotde.com\/da\/wp-json\/wp\/v2\/product_tag?post=11250"}],"curies":[{"name":"wp","href":"https:\/\/api.w.org\/{rel}","templated":true}]}}