{"id":11155,"date":"2024-10-24T03:57:13","date_gmt":"2024-10-24T01:57:13","guid":{"rendered":"http:\/\/billigtrikots.com\/?post_type=product&#038;p=11155"},"modified":"2024-10-24T03:59:50","modified_gmt":"2024-10-24T01:59:50","slug":"herren-paris-saint-germain-psg-2022-23-heimtrikot-kurzarm-kurze-hosen-mit-namen-sergio-ramos-4","status":"publish","type":"product","link":"https:\/\/www.billigtrikotde.com\/da\/vare\/herren-paris-saint-germain-psg-2022-23-heimtrikot-kurzarm-kurze-hosen-mit-namen-sergio-ramos-4\/","title":{"rendered":"Paris Saint Germain PSG 2022-23 Hjemmebanetr\u00f8je til m\u00e6nd Kort\u00e6rmet + Shorts med navn SERGIO RAMOS 4"},"content":{"rendered":"<p>I forl\u00e6ngelse af den almindelige 21-22-tr\u00f8je er Nike PSG 2022-23-tr\u00f8jen bl\u00e5 med en hvid midterstribe omgivet af tyndere r\u00f8de striber - en omvendt Hechter, om man vil. Bagsiden er ensfarvet bl\u00e5, og logoerne p\u00e5 Paris Saint-Germain 22-23-tr\u00f8jen er centreret med swoosh'en under klubv\u00e5benet. Skabelonen for Nike PSG 2022-23-tr\u00f8jen ser ud til at v\u00e6re den samme som for Tottenham-tr\u00f8jen.<\/p>\n<p>Tips til udskrivning: Hvis navn og nummer p\u00e5 billedet er pr\u00e6cis det, du \u00f8nsker, beh\u00f8ver du ikke at indtaste dem igen. Hvis ikke, skal du indtaste det \u00f8nskede navn og nummer.<\/p>\n<p>Tips til vask: Det anbefales at vaske fodboldtr\u00f8jer i h\u00e5nden. Hvis du vil bruge vaskemaskinen, skal du huske at vende vrangen ud p\u00e5 fodboldtr\u00f8jerne og derefter vaske dem. Fyld maskinen med koldt vand, og brug et sk\u00e5neprogram for bedre at beskytte farverne.<\/p>","protected":false},"excerpt":{"rendered":"<p>Nach dem einfarbigen Trikot von 21-22 ist das Nike PSG Trikot 2022-23 blau mit einem wei\u00dfen Mittelstreifen, der von d\u00fcnneren roten Streifen umgeben ist \u2013 ein umgekehrter Hechter, wenn du so willst. Die R\u00fcckseite ist einfarbig blau.Die Logos auf dem Paris Saint-Germain 22-23 Trikot sind mittig platziert, wobei der Swoosh unter dem Vereinswappen zu sehen [&hellip;]<\/p>","protected":false},"featured_media":11195,"comment_status":"open","ping_status":"closed","template":"","meta":[],"product_brand":[],"product_cat":[39],"product_tag":[286,20,395,43,21,22,426,24,41,244,290],"class_list":{"0":"post-11155","1":"product","2":"type-product","3":"status-publish","4":"has-post-thumbnail","6":"product_cat-paris-saint-germain","7":"product_tag-alle-neuen-psg-trikots","8":"product_tag-coole-fussballtrikots","9":"product_tag-fussball-langarmtrikots","10":"product_tag-fussballkleidung","11":"product_tag-fussballtrikot-fuer-herren","12":"product_tag-fussballtrikot-guenstig-kaufen","13":"product_tag-fussballtrikots-kurzarm","14":"product_tag-guenstiges-fussballtrikot","15":"product_tag-paris-saint-germain-trikots","16":"product_tag-psg-trikot-2022-23","17":"product_tag-psg-trikot-2022-23-fussballtrikots","19":"first","20":"instock","21":"shipping-taxable","22":"purchasable","23":"product-type-variable"},"_links":{"self":[{"href":"https:\/\/www.billigtrikotde.com\/da\/wp-json\/wp\/v2\/product\/11155","targetHints":{"allow":["GET"]}}],"collection":[{"href":"https:\/\/www.billigtrikotde.com\/da\/wp-json\/wp\/v2\/product"}],"about":[{"href":"https:\/\/www.billigtrikotde.com\/da\/wp-json\/wp\/v2\/types\/product"}],"replies":[{"embeddable":true,"href":"https:\/\/www.billigtrikotde.com\/da\/wp-json\/wp\/v2\/comments?post=11155"}],"wp:featuredmedia":[{"embeddable":true,"href":"https:\/\/www.billigtrikotde.com\/da\/wp-json\/wp\/v2\/media\/11195"}],"wp:attachment":[{"href":"https:\/\/www.billigtrikotde.com\/da\/wp-json\/wp\/v2\/media?parent=11155"}],"wp:term":[{"taxonomy":"product_brand","embeddable":true,"href":"https:\/\/www.billigtrikotde.com\/da\/wp-json\/wp\/v2\/product_brand?post=11155"},{"taxonomy":"product_cat","embeddable":true,"href":"https:\/\/www.billigtrikotde.com\/da\/wp-json\/wp\/v2\/product_cat?post=11155"},{"taxonomy":"product_tag","embeddable":true,"href":"https:\/\/www.billigtrikotde.com\/da\/wp-json\/wp\/v2\/product_tag?post=11155"}],"curies":[{"name":"wp","href":"https:\/\/api.w.org\/{rel}","templated":true}]}}